{"id":3013,"date":"2022-09-28T08:04:13","date_gmt":"2022-09-28T08:04:13","guid":{"rendered":"https:\/\/contourtrace.com\/?page_id=3013"},"modified":"2026-01-12T17:07:31","modified_gmt":"2026-01-12T17:07:31","slug":"end-user-license-agreement-contourtrace-software","status":"publish","type":"page","link":"https:\/\/contourtrace.com\/cs\/end-user-license-agreement-contourtrace-software\/","title":{"rendered":"LICEN\u010cN\u00cd SMLOUVA KONCOV\u00c9HO U\u017dIVATELE - ContourTrace"},"content":{"rendered":"<div data-elementor-type=\"wp-page\" data-elementor-id=\"3013\" class=\"elementor elementor-3013\" data-elementor-post-type=\"page\">\n\t\t\t\t\t\t<section class=\"elementor-section elementor-top-section elementor-element elementor-element-17dd552 elementor-section-boxed elementor-section-height-default elementor-section-height-default\" data-id=\"17dd552\" data-element_type=\"section\" data-e-type=\"section\">\n\t\t\t\t\t\t<div class=\"elementor-container elementor-column-gap-default\">\n\t\t\t\t\t<div class=\"elementor-column elementor-col-100 elementor-top-column elementor-element elementor-element-e2f4ebd\" data-id=\"e2f4ebd\" data-element_type=\"column\" data-e-type=\"column\">\n\t\t\t<div class=\"elementor-widget-wrap elementor-element-populated\">\n\t\t\t\t\t\t<div class=\"elementor-element elementor-element-7ace5b5 elementor-widget elementor-widget-text-editor\" data-id=\"7ace5b5\" data-element_type=\"widget\" data-e-type=\"widget\" data-widget_type=\"text-editor.default\">\n\t\t\t\t<div class=\"elementor-widget-container\">\n\t\t\t\t\t\t\t\t\t<p>ContourTrace<br \/>Copyright (c) 2022 KUHN SOLUTIONS, Daniel Kuhn<\/p><p>*** LICEN\u010cN\u00cd SMLOUVA S KONCOV\u00ddM U\u017dIVATELEM ***<\/p><p>D\u016eLE\u017dIT\u00c9: P\u0158ED POU\u017dIT\u00cdM TOHOTO SOFTWARU SI POZORN\u011a P\u0158E\u010cT\u011aTE TUTO LICENCI.<\/p><p>V\u00fdklad<br \/>\u2014\u2014\u2014\u2014\u2013<\/p><p>Slova, jejich\u017e po\u010d\u00e1te\u010dn\u00ed p\u00edsmeno je velk\u00e9, maj\u00ed definovan\u00fd v\u00fdznam.<br \/>za t\u011bchto podm\u00ednek. N\u00e1sleduj\u00edc\u00ed definice maj\u00ed stejn\u00fd v\u00fdznam<br \/>v\u00fdznam bez ohledu na to, zda se vyskytuj\u00ed v jednotn\u00e9m nebo mno\u017en\u00e9m \u010d\u00edsle.<\/p><p>Definice<br \/>\u2014\u2014\u2014\u2013<\/p><p>Pro \u00fa\u010dely t\u00e9to licen\u010dn\u00ed smlouvy s koncov\u00fdm u\u017eivatelem:<\/p><p>* Smlouvou se rozum\u00ed tato licen\u010dn\u00ed smlouva s koncov\u00fdm u\u017eivatelem, kter\u00e1 tvo\u0159\u00ed celek.<br \/>dohoda mezi V\u00e1mi a Spole\u010dnost\u00ed o pou\u017e\u00edv\u00e1n\u00ed<br \/>Pou\u017eit\u00ed.<\/p><p>* Aplikace (v tomto dokumentu ozna\u010dovan\u00e1 jako \"software\" nebo \"SOFTWARE\").<br \/>Smlouva) se rozum\u00ed softwarov\u00fd program poskytnut\u00fd Spole\u010dnost\u00ed, kter\u00fd byl sta\u017een<br \/>V\u00e1mi do za\u0159\u00edzen\u00ed s n\u00e1zvem ContourTrace<\/p><p>* Spole\u010dnost (v tomto dokumentu ozna\u010dovan\u00e1 jako \"spole\u010dnost\", \"my\", \"n\u00e1s\" nebo \"na\u0161e\")<br \/>Dohoda) se vztahuje na KUHN SOLUTIONS, Daniel Kuhn, Raitenaugasse 6, 78462 Kostnice.<\/p><p>* Obsah se vztahuje na obsah, jako je text, obr\u00e1zky nebo jin\u00e9 informace, kter\u00e9<br \/>m\u016f\u017eete zve\u0159ej\u0148ovat, nahr\u00e1vat, odkazovat na n\u011b nebo je jinak zp\u0159\u00edstup\u0148ovat,<br \/>bez ohledu na formu tohoto obsahu.<\/p><p>* Zem\u011b se t\u00fdk\u00e1: N\u011bmecko<\/p><p>* Za\u0159\u00edzen\u00edm se rozum\u00ed jak\u00e9koli za\u0159\u00edzen\u00ed, kter\u00e9 m\u00e1 p\u0159\u00edstup k aplikaci, nap\u0159.<br \/>po\u010d\u00edta\u010d, mobiln\u00ed telefon nebo digit\u00e1ln\u00ed tablet.<\/p><p>* Slu\u017ebami t\u0159et\u00edch stran se rozum\u00ed jak\u00e9koli slu\u017eby nebo obsah (v\u010detn\u011b dat,<br \/>informace, aplikace a dal\u0161\u00ed produkty slu\u017eby) poskytovan\u00e9 spole\u010dnost\u00ed<br \/>t\u0159et\u00ed strany, kter\u00e9 mohou b\u00fdt zobrazeny, zahrnuty nebo zp\u0159\u00edstupn\u011bny prost\u0159ednictv\u00edm<br \/>Pou\u017eit\u00ed.<\/p><p>* V\u00e1mi se rozum\u00ed osoba, kter\u00e1 p\u0159istupuje k Aplikaci nebo ji pou\u017e\u00edv\u00e1.<br \/>spole\u010dnost nebo jin\u00fd pr\u00e1vn\u00ed subjekt, jeho\u017e jm\u00e9nem tato osoba jedn\u00e1.<br \/>p\u0159\u00edstup k Aplikaci nebo jej\u00ed pou\u017e\u00edv\u00e1n\u00ed.<\/p><p>1. LICENCE<\/p><p>P\u0159ijet\u00edm, otev\u0159en\u00edm bal\u00ed\u010dku soubor\u016f a\/nebo pou\u017e\u00edv\u00e1n\u00edm softwaru ContourTrace (d\u00e1le jen \"software\") obsahuj\u00edc\u00edho tento software souhlas\u00edte s t\u00edm, \u017ee tato licen\u010dn\u00ed smlouva s koncov\u00fdm u\u017eivatelem (EULA) je pr\u00e1vn\u011b z\u00e1vazn\u00e1 a platn\u00e1 smlouva, a zavazujete se j\u00ed \u0159\u00eddit. Souhlas\u00edte s t\u00edm, \u017ee budete dodr\u017eovat z\u00e1kony o du\u0161evn\u00edm vlastnictv\u00ed a v\u0161echny podm\u00ednky t\u00e9to smlouvy.<\/p><p>Pokud nem\u00e1te jinou licen\u010dn\u00ed smlouvu podepsanou spole\u010dnost\u00ed, znamen\u00e1 va\u0161e pou\u017e\u00edv\u00e1n\u00ed softwaru ContourTrace souhlas s touto licen\u010dn\u00ed smlouvou a z\u00e1rukou.<\/p><p>V souladu s podm\u00ednkami t\u00e9to smlouvy v\u00e1m spole\u010dnost ud\u011bluje omezenou, nev\u00fdhradn\u00ed a nep\u0159enosnou licenci bez pr\u00e1va na sublicenci k pou\u017e\u00edv\u00e1n\u00ed softwaru ContourTrace v souladu s touto smlouvou a jakoukoli jinou p\u00edsemnou smlouvou se spole\u010dnost\u00ed. Nep\u0159ev\u00e1d\u00edme na v\u00e1s vlastnick\u00e9 pr\u00e1vo k softwaru ContourTrace, licence v\u00e1m ud\u011blen\u00e1 nen\u00ed prodejem. Tato smlouva je z\u00e1vaznou pr\u00e1vn\u00ed dohodou mezi Spole\u010dnost\u00ed a kupuj\u00edc\u00edmi nebo u\u017eivateli softwaru ContourTrace.<\/p><p>Pokud s touto smlouvou nesouhlas\u00edte, odstra\u0148te ContourTrace ze sv\u00e9ho po\u010d\u00edta\u010de a p\u0159\u00edpadn\u011b n\u00e1m neprodlen\u011b po\u0161tou vra\u0165te v\u0161echny kopie ContourTrace a souvisej\u00edc\u00ed dokumentace a obalu, kter\u00e9 vlastn\u00edte.<\/p><p>2. DISTRIBUCE<\/p><p>ContourTrace a zde ud\u011blen\u00e1 licence se nesm\u00ed kop\u00edrovat, sd\u00edlet, distribuovat, d\u00e1le prod\u00e1vat, nab\u00edzet k dal\u0161\u00edmu prodeji, p\u0159ev\u00e1d\u011bt ani poskytovat sublicence vcelku ani po \u010d\u00e1stech s v\u00fdjimkou toho, \u017ee si m\u016f\u017eete vytvo\u0159it jednu kopii pouze pro archivn\u00ed \u00fa\u010dely. Pro informace o dal\u0161\u00edm \u0161\u00ed\u0159en\u00ed ContourTrace n\u00e1s kontaktujte.<\/p><p>3. U\u017dIVATELSK\u00c1 SMLOUVA<\/p><p>3.1 Pou\u017eit\u00ed<\/p><p>Va\u0161e licence na pou\u017e\u00edv\u00e1n\u00ed ContourTrace je omezena po\u010dtem zakoupen\u00fdch licenc\u00ed. Nesm\u00edte povolit ostatn\u00edm pou\u017e\u00edvat, kop\u00edrovat nebo hodnotit kopie ContourTrace.<\/p><p>3.2 Omezen\u00ed pou\u017eit\u00ed<\/p><p>ContourTrace budete pou\u017e\u00edvat v souladu se v\u0161emi platn\u00fdmi z\u00e1kony a nikoli k nez\u00e1konn\u00fdm \u00fa\u010del\u016fm. Bez omezen\u00ed v\u00fd\u0161e uveden\u00e9ho je p\u0159\u00edsn\u011b zak\u00e1z\u00e1no pou\u017e\u00edvat, zobrazovat nebo \u0161\u00ed\u0159it ContourTrace spole\u010dn\u011b s materi\u00e1ly, kter\u00e9 jsou pornografick\u00e9, rasistick\u00e9, vulg\u00e1rn\u00ed, obsc\u00e9nn\u00ed, hanliv\u00e9, pomlouva\u010dn\u00e9, ur\u00e1\u017eliv\u00e9, podporuj\u00edc\u00ed nen\u00e1vist, diskriminuj\u00edc\u00ed nebo projevuj\u00edc\u00ed p\u0159edsudky na z\u00e1klad\u011b n\u00e1bo\u017eenstv\u00ed, etnick\u00e9ho p\u016fvodu, rasy, sexu\u00e1ln\u00ed orientace nebo v\u011bku.<\/p><p>Ka\u017ed\u00e1 licencovan\u00e1 kopie programu ContourTrace m\u016f\u017ee b\u00fdt pou\u017e\u00edv\u00e1na jedn\u00edm u\u017eivatelem na jednom m\u00edst\u011b po\u010d\u00edta\u010de. Pou\u017e\u00edv\u00e1n\u00ed ContourTrace znamen\u00e1, \u017ee jste ContourTrace na\u010detli, nainstalovali nebo spustili na po\u010d\u00edta\u010di nebo podobn\u00e9m za\u0159\u00edzen\u00ed. Pokud nainstalujete ContourTrace na v\u00edceu\u017eivatelskou platformu, server nebo s\u00ed\u0165, mus\u00ed b\u00fdt ka\u017ed\u00fd jednotliv\u00fd u\u017eivatel ContourTrace licencov\u00e1n samostatn\u011b.<\/p><p>M\u016f\u017eete si vytvo\u0159it jednu kopii programu ContourTrace pro \u00fa\u010dely z\u00e1lohov\u00e1n\u00ed za p\u0159edpokladu, \u017ee m\u00e1te nainstalovanou pouze jednu kopii na jednom po\u010d\u00edta\u010di pou\u017e\u00edvan\u00e9m jednou osobou. Ostatn\u00ed u\u017eivatel\u00e9 nesm\u00ed va\u0161i kopii ContourTrace pou\u017e\u00edvat. P\u0159enech\u00e1v\u00e1n\u00ed, ud\u011blov\u00e1n\u00ed sublicenc\u00ed, propojov\u00e1n\u00ed, prodej nebo distribuce kopi\u00ed ContourTrace jsou bez p\u0159edchoz\u00edho p\u00edsemn\u00e9ho souhlasu spole\u010dnosti p\u0159\u00edsn\u011b zak\u00e1z\u00e1ny. Poru\u0161en\u00edm t\u00e9to smlouvy je postoupen\u00ed, prodej, sd\u00edlen\u00ed, p\u016fj\u010dov\u00e1n\u00ed, pron\u00e1jem, pron\u00e1jem, v\u00fdp\u016fj\u010dka, zas\u00ed\u0165ov\u00e1n\u00ed nebo p\u0159evod pou\u017e\u00edv\u00e1n\u00ed softwaru ContourTrace. Pokud jak\u00e1koli jin\u00e1 osoba ne\u017e vy pou\u017e\u00edv\u00e1 ContourTrace registrovan\u00fd na va\u0161e jm\u00e9no, bez ohledu na to, zda je to ve stejnou dobu nebo v r\u016fzn\u00fdch \u010dasech, pak doch\u00e1z\u00ed k poru\u0161en\u00ed t\u00e9to Smlouvy a vy jste za toto poru\u0161en\u00ed odpov\u011bdn\u00ed!<\/p><p>3.3 Omezen\u00ed autorsk\u00fdch pr\u00e1v<\/p><p>Tento software obsahuje materi\u00e1l chr\u00e1n\u011bn\u00fd autorsk\u00fdmi pr\u00e1vy, obchodn\u00ed tajemstv\u00ed, algoritmy a dal\u0161\u00ed propriet\u00e1rn\u00ed materi\u00e1l. Software ContourTrace nesm\u00edte upravovat, zp\u011btn\u011b analyzovat, rozeb\u00edrat ani dekompilovat, ani se o to pokou\u0161et. Rovn\u011b\u017e nesm\u00edte vytv\u00e1\u0159et \u017e\u00e1dn\u00e1 odvozen\u00e1 d\u00edla nebo jin\u00e1 d\u00edla, kter\u00e1 jsou zalo\u017eena na ContourTrace nebo z n\u011bj zcela nebo \u010d\u00e1ste\u010dn\u011b odvozena.<\/p><p>N\u00e1zev, logo a grafick\u00fd soubor spole\u010dnosti ContourTrace nesm\u00ed b\u00fdt \u017e\u00e1dn\u00fdm zp\u016fsobem pou\u017eity k propagaci produkt\u016f vyvinut\u00fdch pomoc\u00ed ContourTrace. Spole\u010dnost si ponech\u00e1v\u00e1 jedin\u00e9 a v\u00fdlu\u010dn\u00e9 vlastnictv\u00ed v\u0161ech pr\u00e1v, vlastnick\u00fdch pr\u00e1v a pod\u00edl\u016f na ContourTrace a v\u0161ech pr\u00e1v du\u0161evn\u00edho vlastnictv\u00ed, kter\u00e1 se k n\u011bmu vztahuj\u00ed.<\/p><p>Autorsk\u00e9 pr\u00e1vo a ustanoven\u00ed mezin\u00e1rodn\u00edch smluv o autorsk\u00fdch pr\u00e1vech chr\u00e1n\u00ed v\u0161echny \u010d\u00e1sti ContourTrace, produkty a slu\u017eby. \u017d\u00e1dn\u00fd program, k\u00f3d, algoritmy, \u010d\u00e1sti, obr\u00e1zky, zvukov\u00e9 uk\u00e1zky nebo texty nesm\u00ed b\u00fdt u\u017eivatelem kop\u00edrov\u00e1ny nebo jakkoli pou\u017e\u00edv\u00e1ny jinak, ne\u017e jak je zam\u00fd\u0161leno v r\u00e1mci programu pro jednoho u\u017eivatele. Ve\u0161ker\u00e1 pr\u00e1va, kter\u00e1 nejsou v\u00fdslovn\u011b ud\u011blena v tomto dokumentu, jsou vyhrazena spole\u010dnosti.<\/p><p>3.4 Omezen\u00ed odpov\u011bdnosti<\/p><p>Spole\u010dnost, jej\u00ed zam\u011bstnance, z\u00e1stupce a distributory od\u0161kodn\u00edte, ochr\u00e1n\u00edte a obh\u00e1j\u00edte p\u0159ed ve\u0161ker\u00fdmi n\u00e1roky, \u0159\u00edzen\u00edmi, po\u017eadavky a n\u00e1klady, kter\u00e9 vzniknou v d\u016fsledku va\u0161eho pou\u017e\u00edv\u00e1n\u00ed softwaru spole\u010dnosti nebo s n\u00edm jakkoli souvisej\u00ed.<\/p><p>Spole\u010dnost, jej\u00ed zam\u011bstnanci, z\u00e1stupci nebo distributo\u0159i v \u017e\u00e1dn\u00e9m p\u0159\u00edpad\u011b (mimo jin\u00e9 i v p\u0159\u00edpad\u011b nedbalosti) nenesou odpov\u011bdnost za jak\u00e9koli n\u00e1sledn\u00e9, n\u00e1hodn\u00e9, nep\u0159\u00edm\u00e9, zvl\u00e1\u0161tn\u00ed nebo sank\u010dn\u011b nahrazovan\u00e9 \u0161kody (mimo jin\u00e9 v\u010detn\u011b \u0161kod za u\u0161l\u00fd zisk, ztr\u00e1tu pou\u017e\u00edv\u00e1n\u00ed, p\u0159eru\u0161en\u00ed provozu, ztr\u00e1ty informac\u00ed nebo dat nebo finan\u010dn\u00ed ztr\u00e1ty) v souvislosti s touto smlouvou, ContourTrace nebo jej\u00edm pou\u017e\u00edv\u00e1n\u00edm nebo nemo\u017enost\u00ed pou\u017e\u00edvat ContourTrace nebo poskytov\u00e1n\u00edm, prov\u00e1d\u011bn\u00edm nebo pou\u017e\u00edv\u00e1n\u00edm jak\u00fdchkoli jin\u00fdch z\u00e1le\u017eitost\u00ed podle t\u00e9to smlouvy, a\u0165 u\u017e na z\u00e1klad\u011b smlouvy, deliktu nebo jin\u00e9 teorie v\u010detn\u011b nedbalosti.<\/p><p>Cel\u00e1 odpov\u011bdnost spole\u010dnosti je bez v\u00fdjimky omezena na vr\u00e1cen\u00ed kupn\u00ed ceny softwaru z\u00e1kazn\u00edkem (maxim\u00e1ln\u011b ni\u017e\u0161\u00ed z \u010d\u00e1stky, kterou jste zaplatili, a doporu\u010den\u00e9 maloobchodn\u00ed ceny uveden\u00e9 spole\u010dnost\u00ed) v\u00fdm\u011bnou za vr\u00e1cen\u00ed produktu, v\u0161ech kopi\u00ed, registra\u010dn\u00edch dokument\u016f a p\u0159\u00edru\u010dek a v\u0161ech materi\u00e1l\u016f, kter\u00e9 p\u0159edstavuj\u00ed p\u0159evod licence ze z\u00e1kazn\u00edka zp\u011bt na spole\u010dnost.<\/p><p>3.5 Z\u00e1ruky<\/p><p>S v\u00fdjimkou p\u0159\u00edpad\u016f, kdy je to v\u00fdslovn\u011b uvedeno v p\u00edsemn\u00e9 form\u011b, spole\u010dnost neposkytuje \u017e\u00e1dn\u00e9 prohl\u00e1\u0161en\u00ed ani z\u00e1ruky t\u00fdkaj\u00edc\u00ed se tohoto softwaru a v\u00fdslovn\u011b vylu\u010duje v\u0161echny ostatn\u00ed z\u00e1ruky, v\u00fdslovn\u00e9 nebo p\u0159edpokl\u00e1dan\u00e9, \u00fastn\u00ed nebo p\u00edsemn\u00e9, v\u010detn\u011b, bez omezen\u00ed, jak\u00fdchkoli p\u0159edpokl\u00e1dan\u00fdch z\u00e1ruk prodejn\u00ed kvality nebo vhodnosti pro ur\u010dit\u00fd \u00fa\u010del.<\/p><p>3.6 Rozhodn\u00e9 pr\u00e1vo<\/p><p>Tato smlouva se \u0159\u00edd\u00ed pr\u00e1vem Spolkov\u00e9 republiky N\u011bmecko, kter\u00e9 se na ni vztahuje. T\u00edmto se neodvolateln\u011b zavazujete a pod\u0159izujete nev\u00fdlu\u010dn\u00e9 jurisdikci soud\u016f Spolkov\u00e9 republiky N\u011bmecko. Pokud bude n\u011bkter\u00e9 ustanoven\u00ed pova\u017eov\u00e1no za nez\u00e1konn\u00e9, neplatn\u00e9 nebo jinak nevymahateln\u00e9, bude toto ustanoven\u00ed pova\u017eov\u00e1no za odd\u011bliteln\u00e9 od t\u00e9to Licence a nebude m\u00edt vliv na platnost a vymahatelnost ostatn\u00edch ustanoven\u00ed.<\/p><p>3.7 Ukon\u010den\u00ed<\/p><p>Jak\u00e9koli nedodr\u017een\u00ed podm\u00ednek t\u00e9to smlouvy bude m\u00edt za n\u00e1sledek automatick\u00e9 a okam\u017eit\u00e9 ukon\u010den\u00ed t\u00e9to licence. Po ukon\u010den\u00ed t\u00e9to licence ud\u011blen\u00e9 v t\u00e9to smlouv\u011b z jak\u00e9hokoli d\u016fvodu souhlas\u00edte s t\u00edm, \u017ee okam\u017eit\u011b p\u0159estanete ContourTrace pou\u017e\u00edvat a zni\u010d\u00edte v\u0161echny kopie ContourTrace dodan\u00e9 podle t\u00e9to smlouvy. Finan\u010dn\u00ed z\u00e1vazky, kter\u00e9 v\u00e1m vznikly, z\u016fst\u00e1vaj\u00ed v platnosti i po vypr\u0161en\u00ed nebo ukon\u010den\u00ed t\u00e9to licence.<\/p><p>4. Z\u0158EKNUT\u00cd SE Z\u00c1RUKY<\/p><p>TENTO SOFTWARE A P\u0158ILO\u017dEN\u00c9 SOUBORY JSOU PROD\u00c1V\u00c1NY \"TAK, JAK JSOU\", BEZ Z\u00c1RUK NA FUNK\u010cNOST NEBO PRODEJNOST NEBO JAK\u00ddCHKOLI JIN\u00ddCH Z\u00c1RUK, A\u0164 U\u017d V\u00ddSLOVN\u00ddCH NEBO P\u0158EDPOKL\u00c1DAN\u00ddCH. Toto prohl\u00e1\u0161en\u00ed o vylou\u010den\u00ed odpov\u011bdnosti se vztahuje na v\u0161echny soubory vytvo\u0159en\u00e9 a upraven\u00e9 pomoc\u00ed ContourTrace.<\/p><p>5. SOUHLAS S POU\u017dIT\u00cdM \u00daDAJ\u016e<\/p><p>Souhlas\u00edte s t\u00edm, \u017ee spole\u010dnost m\u016f\u017ee shroma\u017e\u010fovat a pou\u017e\u00edvat informace shrom\u00e1\u017ed\u011bn\u00e9 jak\u00fdmkoli zp\u016fsobem v r\u00e1mci slu\u017eeb podpory produktu, kter\u00e9 jsou v\u00e1m poskytov\u00e1ny v souvislosti s ContourTrace. Spole\u010dnost m\u016f\u017ee tyto informace pou\u017e\u00edt tak\u00e9 k tomu, aby v\u00e1m poskytla ozn\u00e1men\u00ed, kter\u00e1 pro v\u00e1s mohou b\u00fdt u\u017eite\u010dn\u00e1 nebo zaj\u00edmav\u00e1.<\/p><p>5.1 Referen\u010dn\u00ed pozn\u00e1mka<\/p><p>Pov\u011b\u0159ujete spole\u010dnost, aby v\u00e1s po uzav\u0159en\u00ed smlouvy uvedla jako referen\u010dn\u00edho z\u00e1kazn\u00edka. Spole\u010dnost je opr\u00e1vn\u011bna pou\u017e\u00edt va\u0161e jm\u00e9no a logo za t\u00edmto \u00fa\u010delem na sv\u00fdch webov\u00fdch str\u00e1nk\u00e1ch a v marketingov\u00fdch materi\u00e1lech. Tento souhlas m\u016f\u017eete kdykoli p\u00edsemn\u011b odvolat s \u00fa\u010dinnost\u00ed do budoucna.<\/p><p>6. Slu\u017eby t\u0159et\u00edch stran<\/p><p>Aplikace m\u016f\u017ee zobrazovat, obsahovat nebo zp\u0159\u00edstup\u0148ovat obsah t\u0159et\u00edch stran (v\u010detn\u011b dat, informac\u00ed, aplikac\u00ed a dal\u0161\u00edch slu\u017eeb produkt\u016f) nebo poskytovat odkazy na webov\u00e9 str\u00e1nky nebo slu\u017eby t\u0159et\u00edch stran.<\/p><p>Berete na v\u011bdom\u00ed a souhlas\u00edte s t\u00edm, \u017ee spole\u010dnost neodpov\u00edd\u00e1 za \u017e\u00e1dn\u00e9 slu\u017eby t\u0159et\u00edch stran, v\u010detn\u011b jejich p\u0159esnosti, \u00faplnosti, v\u010dasnosti, platnosti, dodr\u017eov\u00e1n\u00ed autorsk\u00fdch pr\u00e1v, z\u00e1konnosti, slu\u0161nosti, kvality nebo jak\u00e9hokoli jin\u00e9ho aspektu. Spole\u010dnost nep\u0159eb\u00edr\u00e1 a nebude m\u00edt \u017e\u00e1dnou odpov\u011bdnost v\u016f\u010di v\u00e1m ani \u017e\u00e1dn\u00e9 jin\u00e9 osob\u011b \u010di subjektu za jak\u00e9koli Slu\u017eby t\u0159et\u00edch stran.<\/p><p>P\u0159i pou\u017e\u00edv\u00e1n\u00ed aplikace mus\u00edte dodr\u017eovat p\u0159\u00edslu\u0161n\u00e9 smluvn\u00ed podm\u00ednky t\u0159et\u00edch stran. Slu\u017eby t\u0159et\u00edch stran a odkazy na n\u011b jsou poskytov\u00e1ny v\u00fdhradn\u011b pro va\u0161e pohodl\u00ed a p\u0159istupujete k nim a pou\u017e\u00edv\u00e1te je v\u00fdhradn\u011b na vlastn\u00ed riziko a v souladu s podm\u00ednkami t\u011bchto t\u0159et\u00edch stran.<\/p><p>Pro ukl\u00e1d\u00e1n\u00ed u\u017eivatelsk\u00fdch dat pou\u017e\u00edv\u00e1me slu\u017ebu Back4App. Pou\u017e\u00edv\u00e1n\u00edm ContourTrace souhlas\u00edte s t\u00edm, \u017ee tuto slu\u017ebu t\u0159et\u00ed strany pou\u017e\u00edv\u00e1me. Souhlas\u00edte tak\u00e9 s podm\u00ednkami slu\u017eby a z\u00e1sadami ochrany osobn\u00edch \u00fadaj\u016f spole\u010dnosti Back4App, Inc.:<br \/>https:\/\/www.back4app.com\/terms-of-service.pdf<br \/>https:\/\/www.back4app.com\/privacy.pdf<\/p><p>Dal\u0161\u00ed podm\u00ednky a licence pro slu\u017eby a software t\u0159et\u00edch stran naleznete v instala\u010dn\u00ed cest\u011b aplikace ve slo\u017ece \"Licen\u010dn\u00ed smlouvy\". Tento seznam byl sestaven podle na\u0161eho nejlep\u0161\u00edho v\u011bdom\u00ed a sv\u011bdom\u00ed, ale nezaru\u010duje, \u017ee je aktu\u00e1ln\u00ed nebo \u00fapln\u00fd.<\/p><p>7. Aktualizace a \u00fadr\u017eba<\/p><p>Spole\u010dnost bude poskytovat aktualizace a \u00fadr\u017ebu ka\u017ed\u00fd m\u011bs\u00edc nebo podle pot\u0159eby.<\/p><p>8. Podpora<\/p><p>Spole\u010dnost nem\u00e1 \u017e\u00e1dnou povinnost podporovat Aplikaci ani pokra\u010dovat v jej\u00edm poskytov\u00e1n\u00ed \u010di aktualizaci.<\/p>\t\t\t\t\t\t\t\t<\/div>\n\t\t\t\t<\/div>\n\t\t\t\t\t<\/div>\n\t\t<\/div>\n\t\t\t\t\t<\/div>\n\t\t<\/section>\n\t\t\t\t<section class=\"elementor-section elementor-top-section elementor-element elementor-element-9c25977 elementor-section-boxed elementor-section-height-default elementor-section-height-default\" data-id=\"9c25977\" data-element_type=\"section\" data-e-type=\"section\">\n\t\t\t\t\t\t<div class=\"elementor-container elementor-column-gap-default\">\n\t\t\t\t\t<div class=\"elementor-column elementor-col-100 elementor-top-column elementor-element elementor-element-78579f7\" data-id=\"78579f7\" data-element_type=\"column\" data-e-type=\"column\">\n\t\t\t<div class=\"elementor-widget-wrap elementor-element-populated\">\n\t\t\t\t\t\t\t<\/div>\n\t\t<\/div>\n\t\t\t\t\t<\/div>\n\t\t<\/section>\n\t\t\t\t<section class=\"elementor-section elementor-top-section elementor-element elementor-element-7c08680 elementor-section-boxed elementor-section-height-default elementor-section-height-default\" data-id=\"7c08680\" data-element_type=\"section\" data-e-type=\"section\">\n\t\t\t\t\t\t<div class=\"elementor-container elementor-column-gap-default\">\n\t\t\t\t\t<div class=\"elementor-column elementor-col-100 elementor-top-column elementor-element elementor-element-3f66f56\" data-id=\"3f66f56\" data-element_type=\"column\" data-e-type=\"column\">\n\t\t\t<div class=\"elementor-widget-wrap elementor-element-populated\">\n\t\t\t\t\t\t\t<\/div>\n\t\t<\/div>\n\t\t\t\t\t<\/div>\n\t\t<\/section>\n\t\t\t\t<section class=\"elementor-section elementor-top-section elementor-element elementor-element-4c9b4b6 elementor-section-boxed elementor-section-height-default elementor-section-height-default\" data-id=\"4c9b4b6\" data-element_type=\"section\" data-e-type=\"section\">\n\t\t\t\t\t\t<div class=\"elementor-container elementor-column-gap-default\">\n\t\t\t\t\t<div class=\"elementor-column elementor-col-100 elementor-top-column elementor-element elementor-element-c81ef60\" data-id=\"c81ef60\" data-element_type=\"column\" data-e-type=\"column\">\n\t\t\t<div class=\"elementor-widget-wrap elementor-element-populated\">\n\t\t\t\t\t\t\t<\/div>\n\t\t<\/div>\n\t\t\t\t\t<\/div>\n\t\t<\/section>\n\t\t\t\t<section class=\"elementor-section elementor-top-section elementor-element elementor-element-2ebd9c4d elementor-section-boxed elementor-section-height-default elementor-section-height-default\" data-id=\"2ebd9c4d\" data-element_type=\"section\" data-e-type=\"section\">\n\t\t\t\t\t\t<div class=\"elementor-container elementor-column-gap-default\">\n\t\t\t\t\t<div class=\"elementor-column elementor-col-100 elementor-top-column elementor-element elementor-element-69214580\" data-id=\"69214580\" data-element_type=\"column\" data-e-type=\"column\">\n\t\t\t<div class=\"elementor-widget-wrap elementor-element-populated\">\n\t\t\t\t\t\t\t<\/div>\n\t\t<\/div>\n\t\t\t\t\t<\/div>\n\t\t<\/section>\n\t\t\t\t<section class=\"elementor-section elementor-top-section elementor-element elementor-element-92a4938 elementor-section-boxed elementor-section-height-default elementor-section-height-default\" data-id=\"92a4938\" data-element_type=\"section\" data-e-type=\"section\">\n\t\t\t\t\t\t<div class=\"elementor-container elementor-column-gap-default\">\n\t\t\t\t\t<div class=\"elementor-column elementor-col-100 elementor-top-column elementor-element elementor-element-cd0058d\" data-id=\"cd0058d\" data-element_type=\"column\" data-e-type=\"column\">\n\t\t\t<div class=\"elementor-widget-wrap elementor-element-populated\">\n\t\t\t\t\t\t<div class=\"elementor-element elementor-element-d36a1ae elementor-widget elementor-widget-spacer\" data-id=\"d36a1ae\" data-element_type=\"widget\" data-e-type=\"widget\" data-widget_type=\"spacer.default\">\n\t\t\t\t<div class=\"elementor-widget-container\">\n\t\t\t\t\t\t\t<div class=\"elementor-spacer\">\n\t\t\t<div class=\"elementor-spacer-inner\"><\/div>\n\t\t<\/div>\n\t\t\t\t\t\t<\/div>\n\t\t\t\t<\/div>\n\t\t\t\t\t<\/div>\n\t\t<\/div>\n\t\t\t\t\t<\/div>\n\t\t<\/section>\n\t\t\t\t<\/div>","protected":false},"excerpt":{"rendered":"<p>ContourTraceCopyright (c) 2022 KUHN SOLUTIONS, Daniel Kuhn *** LICEN\u010cN\u00cd SMLOUVA PRO KONCOV\u00c9 U\u017dIVATELE *** D\u016eLE\u017dIT\u00c9: P\u0158ED POU\u017dIT\u00cdM SOFTWARU SI PROS\u00cdME D\u016eKLADN\u011a P\u0158E\u010cT\u011aTE TUTO LICENCI. V\u00fdklad----- Slova, jejich\u017e po\u010d\u00e1te\u010dn\u00ed p\u00edsmeno je ps\u00e1no velk\u00fdm p\u00edsmenem, maj\u00ed v\u00fdznam definovan\u00fdpodle n\u00e1sleduj\u00edc\u00edch podm\u00ednek. V tomto p\u0159\u00edpad\u011b se jedn\u00e1 o ... <a href=\"https:\/\/contourtrace.com\/cs\/end-user-license-agreement-contourtrace-software\/\">P\u0159e\u010dt\u011bte si v\u00edce<\/a><\/p>","protected":false},"author":10,"featured_media":0,"parent":0,"menu_order":3,"comment_status":"closed","ping_status":"closed","template":"elementor_theme","meta":{"footnotes":""},"class_list":["post-3013","page","type-page","status-publish","hentry"],"_links":{"self":[{"href":"https:\/\/contourtrace.com\/cs\/wp-json\/wp\/v2\/pages\/3013","targetHints":{"allow":["GET"]}}],"collection":[{"href":"https:\/\/contourtrace.com\/cs\/wp-json\/wp\/v2\/pages"}],"about":[{"href":"https:\/\/contourtrace.com\/cs\/wp-json\/wp\/v2\/types\/page"}],"author":[{"embeddable":true,"href":"https:\/\/contourtrace.com\/cs\/wp-json\/wp\/v2\/users\/10"}],"replies":[{"embeddable":true,"href":"https:\/\/contourtrace.com\/cs\/wp-json\/wp\/v2\/comments?post=3013"}],"version-history":[{"count":0,"href":"https:\/\/contourtrace.com\/cs\/wp-json\/wp\/v2\/pages\/3013\/revisions"}],"wp:attachment":[{"href":"https:\/\/contourtrace.com\/cs\/wp-json\/wp\/v2\/media?parent=3013"}],"curies":[{"name":"wp","href":"https:\/\/api.w.org\/{rel}","templated":true}]}}