{"id":3641,"date":"2023-07-14T11:08:01","date_gmt":"2023-07-14T11:08:01","guid":{"rendered":"https:\/\/contourtrace.com\/?page_id=3641"},"modified":"2025-05-15T09:46:48","modified_gmt":"2025-05-15T09:46:48","slug":"sample-page","status":"publish","type":"page","link":"https:\/\/contourtrace.com\/cs\/sample-page\/","title":{"rendered":"Uk\u00e1zkov\u00e1 str\u00e1nka"},"content":{"rendered":"<div data-elementor-type=\"wp-page\" data-elementor-id=\"3641\" class=\"elementor elementor-3641\" data-elementor-post-type=\"page\">\n\t\t\t\t\t\t<section class=\"elementor-section elementor-top-section elementor-element elementor-element-374d2d06 elementor-section-boxed elementor-section-height-default elementor-section-height-default\" data-id=\"374d2d06\" data-element_type=\"section\" data-e-type=\"section\">\n\t\t\t\t\t\t<div class=\"elementor-container elementor-column-gap-default\">\n\t\t\t\t\t<div class=\"elementor-column elementor-col-100 elementor-top-column elementor-element elementor-element-21131b81\" data-id=\"21131b81\" data-element_type=\"column\" data-e-type=\"column\">\n\t\t\t<div class=\"elementor-widget-wrap elementor-element-populated\">\n\t\t\t\t\t\t<div class=\"elementor-element elementor-element-5237f6a elementor-widget elementor-widget-html\" data-id=\"5237f6a\" data-element_type=\"widget\" data-e-type=\"widget\" data-widget_type=\"html.default\">\n\t\t\t\t<div class=\"elementor-widget-container\">\n\t\t\t\t\t<script async src=\"https:\/\/js.stripe.com\/v3\/pricing-table.js\"><\/script>\r\n<stripe-pricing-table pricing-table-id=\"prctbl_1RJtX3P9mLIYGmqFVX3bzAby\"\r\npublishable-key=\"pk_test_51RJUByP9mLIYGmqFkCVBpyJL19YbSQxBB2i9aPIHbj142vnV36MBkMsyGDg04S602ERw0mMSxn4XtgJxxwK6Nslw00QI0hHdBe\">\r\n<\/stripe-pricing-table>\t\t\t\t<\/div>\n\t\t\t\t<\/div>\n\t\t\t\t<div class=\"elementor-element elementor-element-16ca9de elementor-widget elementor-widget-text-editor\" data-id=\"16ca9de\" data-element_type=\"widget\" data-e-type=\"widget\" data-widget_type=\"text-editor.default\">\n\t\t\t\t<div class=\"elementor-widget-container\">\n\t\t\t\t\t\t\t\t\t\n<p>Toto je uk\u00e1zkov\u00e1 str\u00e1nka. Od p\u0159\u00edsp\u011bvku na blogu se li\u0161\u00ed t\u00edm, \u017ee z\u016fstane na jednom m\u00edst\u011b a zobraz\u00ed se v navigaci webu (ve v\u011bt\u0161in\u011b t\u00e9mat). V\u011bt\u0161ina lid\u00ed za\u010d\u00edn\u00e1 str\u00e1nkou O webu, kter\u00e1 je p\u0159edstavuje potenci\u00e1ln\u00edm n\u00e1v\u0161t\u011bvn\u00edk\u016fm webu. M\u016f\u017ee na n\u00ed b\u00fdt naps\u00e1no n\u011bco takov\u00e9ho:<\/p>\n\n\n\n<blockquote class=\"wp-block-quote is-layout-flow wp-block-quote-is-layout-flow\"><p>Ahoj! P\u0159es den jsem posl\u00ed\u010dek na kole, v noci jsem za\u010d\u00ednaj\u00edc\u00ed herec a tohle je moje webov\u00e1 str\u00e1nka. \u017diju v Los Angeles, m\u00e1m skv\u011bl\u00e9ho psa jm\u00e9nem Jack a m\u00e1m r\u00e1d pi\u0148a coladu. (A nechat se chytit v de\u0161ti.)<\/p><\/blockquote>\n\n\n\n<p>...nebo n\u011bco takov\u00e9ho:<\/p>\n\n\n\n<blockquote class=\"wp-block-quote is-layout-flow wp-block-quote-is-layout-flow\"><p>Spole\u010dnost XYZ Doohickey Company byla zalo\u017eena v roce 1971 a od t\u00e9 doby poskytuje ve\u0159ejnosti kvalitn\u00ed doohickey. Spole\u010dnost XYZ se nach\u00e1z\u00ed v Gotham City, zam\u011bstn\u00e1v\u00e1 v\u00edce ne\u017e 2 000 lid\u00ed a d\u011bl\u00e1 pro gothamskou komunitu spoustu \u00fa\u017easn\u00fdch v\u011bc\u00ed.<\/p><\/blockquote>\n\n\n\n<p>Jako nov\u00fd u\u017eivatel WordPressu byste m\u011bli p\u0159ej\u00edt na str\u00e1nku <a href=\"https:\/\/contourtrace.com\/wp-admin\/\">v\u00e1\u0161 p\u0159\u00edstrojov\u00fd panel<\/a> odstranit tuto str\u00e1nku a vytvo\u0159it nov\u00e9 str\u00e1nky pro sv\u016fj obsah. Bavte se!<\/p>\n\t\t\t\t\t\t\t\t<\/div>\n\t\t\t\t<\/div>\n\t\t\t\t\t<\/div>\n\t\t<\/div>\n\t\t\t\t\t<\/div>\n\t\t<\/section>\n\t\t\t\t<\/div>","protected":false},"excerpt":{"rendered":"<p>Toto je uk\u00e1zkov\u00e1 str\u00e1nka. Od p\u0159\u00edsp\u011bvku na blogu se li\u0161\u00ed t\u00edm, \u017ee z\u016fstane na jednom m\u00edst\u011b a zobraz\u00ed se v navigaci webu (ve v\u011bt\u0161in\u011b t\u00e9mat). V\u011bt\u0161ina lid\u00ed za\u010d\u00edn\u00e1 str\u00e1nkou O webu, kter\u00e1 je sezn\u00e1m\u00ed s ... <a href=\"https:\/\/contourtrace.com\/cs\/sample-page\/\">P\u0159e\u010dt\u011bte si v\u00edce<\/a><\/p>","protected":false},"author":10,"featured_media":0,"parent":0,"menu_order":9,"comment_status":"closed","ping_status":"open","template":"","meta":{"footnotes":""},"class_list":["post-3641","page","type-page","status-publish","hentry"],"_links":{"self":[{"href":"https:\/\/contourtrace.com\/cs\/wp-json\/wp\/v2\/pages\/3641","targetHints":{"allow":["GET"]}}],"collection":[{"href":"https:\/\/contourtrace.com\/cs\/wp-json\/wp\/v2\/pages"}],"about":[{"href":"https:\/\/contourtrace.com\/cs\/wp-json\/wp\/v2\/types\/page"}],"author":[{"embeddable":true,"href":"https:\/\/contourtrace.com\/cs\/wp-json\/wp\/v2\/users\/10"}],"replies":[{"embeddable":true,"href":"https:\/\/contourtrace.com\/cs\/wp-json\/wp\/v2\/comments?post=3641"}],"version-history":[{"count":0,"href":"https:\/\/contourtrace.com\/cs\/wp-json\/wp\/v2\/pages\/3641\/revisions"}],"wp:attachment":[{"href":"https:\/\/contourtrace.com\/cs\/wp-json\/wp\/v2\/media?parent=3641"}],"curies":[{"name":"wp","href":"https:\/\/api.w.org\/{rel}","templated":true}]}}