{"id":879,"date":"2021-05-14T14:02:08","date_gmt":"2021-05-14T14:02:08","guid":{"rendered":"https:\/\/contourtrace.com\/?page_id=879"},"modified":"2023-07-14T11:07:03","modified_gmt":"2023-07-14T11:07:03","slug":"liability","status":"publish","type":"page","link":"https:\/\/contourtrace.com\/da\/liability\/","title":{"rendered":"Ansvar"},"content":{"rendered":"<div data-elementor-type=\"wp-page\" data-elementor-id=\"879\" class=\"elementor elementor-879\" data-elementor-post-type=\"page\">\n\t\t\t\t\t\t<section class=\"elementor-section elementor-top-section elementor-element elementor-element-2ebd9c4d elementor-section-boxed elementor-section-height-default elementor-section-height-default\" data-id=\"2ebd9c4d\" data-element_type=\"section\" data-e-type=\"section\">\n\t\t\t\t\t\t<div class=\"elementor-container elementor-column-gap-default\">\n\t\t\t\t\t<div class=\"elementor-column elementor-col-100 elementor-top-column elementor-element elementor-element-69214580\" data-id=\"69214580\" data-element_type=\"column\" data-e-type=\"column\">\n\t\t\t<div class=\"elementor-widget-wrap elementor-element-populated\">\n\t\t\t\t\t\t<div class=\"elementor-element elementor-element-4d953a3a elementor-widget elementor-widget-text-editor\" data-id=\"4d953a3a\" data-element_type=\"widget\" data-e-type=\"widget\" data-widget_type=\"text-editor.default\">\n\t\t\t\t<div class=\"elementor-widget-container\">\n\t\t\t\t\t\t\t\t\t<p><\/p>\n<h4 class=\"wp-block-heading\">Ansvar for indholdet<br><\/h4>\n<p>Indholdet af vores sider er skabt med den st\u00f8rste omhu. For indholdets korrekthed, fuldst\u00e6ndighed og aktualitet kan vi dog ikke garantere. Som tjenesteudbyder er vi i henhold til \u00a7 7 Abs.1 TMG ansvarlige for vores eget indhold p\u00e5 disse sider i henhold til de generelle love. I henhold til \u00a7\u00a7 8-10 TMG er vi som tjenesteudbyder ikke forpligtet til at overv\u00e5ge overf\u00f8rte eller lagrede oplysninger fra tredjemand eller til at unders\u00f8ge forhold, der tyder p\u00e5 ulovlig aktivitet. Forpligtelser til at fjerne eller blokere brugen af oplysninger i henhold til de generelle love forbliver up\u00e5virket heraf. Ansvar i denne henseende er dog f\u00f8rst muligt fra tidspunktet for kendskab til en konkret lovovertr\u00e6delse. S\u00e5 snart vi f\u00e5r kendskab til s\u00e5danne overtr\u00e6delser, vil vi straks fjerne s\u00e5dant indhold.<\/p>\n<p><span style=\"font-size: 25px;\">Ansvar for links<\/span><br><\/p>\n<p>Vores tilbud indeholder links til eksterne hjemmesider fra tredjeparter, hvis indhold vi ikke har nogen indflydelse p\u00e5. Vi kan derfor ikke p\u00e5tage os noget ansvar for disse eksterne indhold. Den respektive udbyder eller operat\u00f8r af siderne er altid ansvarlig for indholdet af de linkede sider. De linkede sider blev kontrolleret for eventuelle lovovertr\u00e6delser p\u00e5 tidspunktet for linkningen. P\u00e5 tidspunktet for linkningen var der ikke noget ulovligt indhold at erkende. En permanent kontrol af indholdet af de linkede sider er ikke rimelig uden konkrete beviser for en overtr\u00e6delse. S\u00e5 snart vi f\u00e5r kendskab til eventuelle lovovertr\u00e6delser, vil vi straks fjerne s\u00e5danne links.<\/p>\n<p><span style=\"font-size: 25px;\">Copyright<\/span><br><\/p>\n<p>Indholdet og v\u00e6rkerne p\u00e5 disse sider, som er skabt af operat\u00f8rerne p\u00e5 siden, er underlagt tysk ophavsret. Bidrag fra tredjeparter er markeret som s\u00e5dan. Kopiering, bearbejdning, distribution og enhver form for anvendelse uden for rammerne af ophavsretsloven kr\u00e6ver skriftlig tilladelse fra den p\u00e5g\u00e6ldende forfatter eller ophavsmand. Downloads og kopier af disse sider er kun tilladt til privat, ikke-kommerciel brug. Operat\u00f8rerne af disse sider bestr\u00e6ber sig altid p\u00e5 at respektere andres ophavsrettigheder eller at anvende egne eller licensfrie v\u00e6rker.<\/p>\n<p>Kilde: Ansvarsfraskrivelse fra<span style=\"color: inherit; font-family: inherit; font-size: inherit; font-style: inherit; font-weight: inherit;\">&nbsp;<\/span><a href=\"https:\/\/www.e-recht24.de\/\" target=\"_blank\" rel=\"noopener\" style=\"font-family: inherit; font-size: inherit; font-style: inherit; font-weight: inherit; background-color: rgb(255, 255, 255);\">eRecht24.de<\/a>. Juridisk r\u00e5dgivning fra RA S\u00f6ren Siebert.<br><\/p>\n<p><\/p>\t\t\t\t\t\t\t\t<\/div>\n\t\t\t\t<\/div>\n\t\t\t\t\t<\/div>\n\t\t<\/div>\n\t\t\t\t\t<\/div>\n\t\t<\/section>\n\t\t\t\t<\/div>","protected":false},"excerpt":{"rendered":"<p>Ansvar for indholdet Indholdet p\u00e5 vores sider er skabt med den st\u00f8rste omhu. For indholdets rigtighed, fuldst\u00e6ndighed og aktualitet kan vi dog ikke overtage nogen garanti. Som tjenesteudbyder er vi ansvarlige i henhold til ... <a href=\"https:\/\/contourtrace.com\/da\/liability\/\">L\u00e6s mere<\/a><\/p>","protected":false},"author":1,"featured_media":0,"parent":0,"menu_order":6,"comment_status":"closed","ping_status":"open","template":"elementor_theme","meta":{"footnotes":""},"class_list":["post-879","page","type-page","status-publish","hentry"],"_links":{"self":[{"href":"https:\/\/contourtrace.com\/da\/wp-json\/wp\/v2\/pages\/879","targetHints":{"allow":["GET"]}}],"collection":[{"href":"https:\/\/contourtrace.com\/da\/wp-json\/wp\/v2\/pages"}],"about":[{"href":"https:\/\/contourtrace.com\/da\/wp-json\/wp\/v2\/types\/page"}],"author":[{"embeddable":true,"href":"https:\/\/contourtrace.com\/da\/wp-json\/wp\/v2\/users\/1"}],"replies":[{"embeddable":true,"href":"https:\/\/contourtrace.com\/da\/wp-json\/wp\/v2\/comments?post=879"}],"version-history":[{"count":0,"href":"https:\/\/contourtrace.com\/da\/wp-json\/wp\/v2\/pages\/879\/revisions"}],"wp:attachment":[{"href":"https:\/\/contourtrace.com\/da\/wp-json\/wp\/v2\/media?parent=879"}],"curies":[{"name":"wp","href":"https:\/\/api.w.org\/{rel}","templated":true}]}}