{"id":2,"date":"2021-01-04T12:23:40","date_gmt":"2021-01-04T12:23:40","guid":{"rendered":"https:\/\/contourtrace.com\/?page_id=2"},"modified":"2023-07-17T11:30:16","modified_gmt":"2023-07-17T11:30:16","slug":"sample-page-4","status":"publish","type":"page","link":"https:\/\/contourtrace.com\/es\/sample-page-4\/","title":{"rendered":"Primeros pasos"},"content":{"rendered":"<div data-elementor-type=\"wp-page\" data-elementor-id=\"2\" class=\"elementor elementor-2\" data-elementor-post-type=\"page\">\n\t\t\t\t\t\t<section class=\"elementor-section elementor-top-section elementor-element elementor-element-7654acd3 elementor-section-boxed elementor-section-height-default elementor-section-height-default\" data-id=\"7654acd3\" data-element_type=\"section\" data-e-type=\"section\">\n\t\t\t\t\t\t<div class=\"elementor-container elementor-column-gap-default\">\n\t\t\t\t\t<div class=\"elementor-column elementor-col-100 elementor-top-column elementor-element elementor-element-13dac57b\" data-id=\"13dac57b\" data-element_type=\"column\" data-e-type=\"column\">\n\t\t\t<div class=\"elementor-widget-wrap elementor-element-populated\">\n\t\t\t\t\t\t<div class=\"elementor-element elementor-element-26a45f7b elementor-widget elementor-widget-text-editor\" data-id=\"26a45f7b\" data-element_type=\"widget\" data-e-type=\"widget\" data-widget_type=\"text-editor.default\">\n\t\t\t\t<div class=\"elementor-widget-container\">\n\t\t\t\t\t\t\t\t\t<p style=\"line-height: 24px; font-size: 16px; margin-bottom: 24px; color: #404040; font-family: Lato, proxima-nova, 'Helvetica Neue', Arial, sans-serif; font-style: normal; font-weight: 400; background-color: #fcfcfc;\">ContourTrace permite convertir r\u00e1pida y f\u00e1cilmente im\u00e1genes rasterizadas como BMP y JPEG en im\u00e1genes vectoriales como DXF y SVG. La aplicaci\u00f3n se centra en la extracci\u00f3n de contornos de objetos que pueden utilizarse para medici\u00f3n, inspecci\u00f3n, dise\u00f1o y fabricaci\u00f3n.<\/p>\n<p style=\"line-height: 24px; font-size: 16px; margin-bottom: 24px; color: #404040; font-family: Lato, proxima-nova, 'Helvetica Neue', Arial, sans-serif; font-style: normal; font-weight: 400; background-color: #fcfcfc;\">Para empezar a utilizar ContourTrace, vea esto\u00a0<a class=\"reference external\" style=\"color: #2980b9; cursor: pointer;\" href=\"https:\/\/youtube.com\/playlist?list=PLhrzaJAvQwVP1FQ9juZ6dNv5eAGT7km5L\">Lista de reproducci\u00f3n de YouTube<\/a>:<\/p>\t\t\t\t\t\t\t\t<\/div>\n\t\t\t\t<\/div>\n\t\t\t\t<div class=\"elementor-element elementor-element-78b68af elementor-widget elementor-widget-video\" data-id=\"78b68af\" data-element_type=\"widget\" data-e-type=\"widget\" data-settings=\"{&quot;youtube_url&quot;:&quot;https:\\\/\\\/www.youtube.com\\\/watch?v=58vYqUasPhc&amp;list=PLhrzaJAvQwVP1FQ9juZ6dNv5eAGT7km5L&quot;,&quot;video_type&quot;:&quot;youtube&quot;,&quot;controls&quot;:&quot;yes&quot;}\" data-widget_type=\"video.default\">\n\t\t\t\t<div class=\"elementor-widget-container\">\n\t\t\t\t\t\t\t<div class=\"elementor-wrapper elementor-open-inline\">\n\t\t\t<div class=\"elementor-video\"><\/div>\t\t<\/div>\n\t\t\t\t\t\t<\/div>\n\t\t\t\t<\/div>\n\t\t\t\t\t<\/div>\n\t\t<\/div>\n\t\t\t\t\t<\/div>\n\t\t<\/section>\n\t\t\t\t<\/div>","protected":false},"excerpt":{"rendered":"<p>ContourTrace permite convertir de forma r\u00e1pida y sencilla im\u00e1genes r\u00e1ster como BMP y JPEG en im\u00e1genes vectoriales como DXF y SVG. La aplicaci\u00f3n se centra en la extracci\u00f3n de contornos de objetos que pueden utilizarse para mediciones, inspecciones,... <a href=\"https:\/\/contourtrace.com\/es\/sample-page-4\/\">Leer m\u00e1s<\/a><\/p>","protected":false},"author":10,"featured_media":0,"parent":0,"menu_order":21,"comment_status":"closed","ping_status":"open","template":"","meta":{"footnotes":""},"class_list":["post-2","page","type-page","status-publish","hentry"],"_links":{"self":[{"href":"https:\/\/contourtrace.com\/es\/wp-json\/wp\/v2\/pages\/2","targetHints":{"allow":["GET"]}}],"collection":[{"href":"https:\/\/contourtrace.com\/es\/wp-json\/wp\/v2\/pages"}],"about":[{"href":"https:\/\/contourtrace.com\/es\/wp-json\/wp\/v2\/types\/page"}],"author":[{"embeddable":true,"href":"https:\/\/contourtrace.com\/es\/wp-json\/wp\/v2\/users\/10"}],"replies":[{"embeddable":true,"href":"https:\/\/contourtrace.com\/es\/wp-json\/wp\/v2\/comments?post=2"}],"version-history":[{"count":0,"href":"https:\/\/contourtrace.com\/es\/wp-json\/wp\/v2\/pages\/2\/revisions"}],"wp:attachment":[{"href":"https:\/\/contourtrace.com\/es\/wp-json\/wp\/v2\/media?parent=2"}],"curies":[{"name":"wp","href":"https:\/\/api.w.org\/{rel}","templated":true}]}}