{"id":879,"date":"2021-05-14T14:02:08","date_gmt":"2021-05-14T14:02:08","guid":{"rendered":"https:\/\/contourtrace.com\/?page_id=879"},"modified":"2023-07-14T11:07:03","modified_gmt":"2023-07-14T11:07:03","slug":"liability","status":"publish","type":"page","link":"https:\/\/contourtrace.com\/et\/liability\/","title":{"rendered":"Vastutus"},"content":{"rendered":"<div data-elementor-type=\"wp-page\" data-elementor-id=\"879\" class=\"elementor elementor-879\" data-elementor-post-type=\"page\">\n\t\t\t\t\t\t<section class=\"elementor-section elementor-top-section elementor-element elementor-element-2ebd9c4d elementor-section-boxed elementor-section-height-default elementor-section-height-default\" data-id=\"2ebd9c4d\" data-element_type=\"section\" data-e-type=\"section\">\n\t\t\t\t\t\t<div class=\"elementor-container elementor-column-gap-default\">\n\t\t\t\t\t<div class=\"elementor-column elementor-col-100 elementor-top-column elementor-element elementor-element-69214580\" data-id=\"69214580\" data-element_type=\"column\" data-e-type=\"column\">\n\t\t\t<div class=\"elementor-widget-wrap elementor-element-populated\">\n\t\t\t\t\t\t<div class=\"elementor-element elementor-element-4d953a3a elementor-widget elementor-widget-text-editor\" data-id=\"4d953a3a\" data-element_type=\"widget\" data-e-type=\"widget\" data-widget_type=\"text-editor.default\">\n\t\t\t\t<div class=\"elementor-widget-container\">\n\t\t\t\t\t\t\t\t\t<p><\/p>\n<h4 class=\"wp-block-heading\">Vastutus sisu eest<br><\/h4>\n<p>Meie lehek\u00fclgede sisu on koostatud suurima hoolega. Sisu \u00f5igsuse, t\u00e4ielikkuse ja aktuaalsuse eest ei saa me siiski mingit garantiid v\u00f5tta. Teenusepakkujana vastutame vastavalt \u00a7 7 Abs.1 TMG \u00fcldiste seaduste kohaselt meie enda sisu eest nendel lehek\u00fclgedel. Vastavalt TMG \u00a7\u00a7 8-10 ei ole me teenusepakkujana kohustatud j\u00e4lgima edastatud v\u00f5i salvestatud kolmandate isikute teavet ega uurima asjaolusid, mis viitavad ebaseaduslikule tegevusele. See ei m\u00f5juta kohustust eemaldada v\u00f5i blokeerida teabe kasutamine vastavalt \u00fcldistele seadustele. Vastutus selles osas on siiski v\u00f5imalik alles alates hetkest, mil saadi teada konkreetsest seaduserikkumisest. Niipea, kui me saame sellistest rikkumistest teada, eemaldame sellise sisu viivitamatult.<\/p>\n<p><span style=\"font-size: 25px;\">Vastutus linkide eest<\/span><br><\/p>\n<p>Meie pakkumine sisaldab linke kolmandate isikute v\u00e4listele veebisaitidele, mille sisu me ei m\u00f5juta. Seet\u00f5ttu ei saa me v\u00f5tta mingit vastutust selle v\u00e4lise sisu eest. Linkidega seotud lehek\u00fclgede sisu eest vastutab alati vastav teenusepakkuja v\u00f5i lehek\u00fclgede operaator. Lingitud lehek\u00fcljed on lingi loomise ajal kontrollitud v\u00f5imalike \u00f5igusrikkumiste suhtes. Ebaseaduslik sisu ei olnud linkimise ajal tuvastatav. Ilma konkreetsete t\u00f5enditeta \u00f5igusrikkumise kohta ei ole lingitud lehek\u00fclgede sisu pidev kontrollimine m\u00f5istlik. Niipea, kui me saame teada, et tegemist on \u00f5igusrikkumistega, eemaldame sellised lingid viivitamatult.<\/p>\n<p><span style=\"font-size: 25px;\">Autori\u00f5igus<\/span><br><\/p>\n<p>Veebilehe operaatorite poolt loodud sisu ja teosed nendel lehek\u00fclgedel kuuluvad Saksamaa autori\u00f5iguse alla. Kolmandate isikute panus on sellisena m\u00e4rgitud. Paljundamine, t\u00f6\u00f6tlemine, levitamine ja igasugune kasutamine v\u00e4ljaspool autori\u00f5iguse piire n\u00f5uab vastava autori v\u00f5i looja kirjalikku n\u00f5usolekut. Nende lehek\u00fclgede allalaadimine ja koopiate tegemine on lubatud ainult isiklikuks, mitte\u00e4riliseks kasutamiseks. Nende lehek\u00fclgede operaatorid p\u00fc\u00fcavad alati austada teiste autori\u00f5igusi v\u00f5i kasutada oma v\u00f5i litsentsivabu teoseid.<\/p>\n<p>Allikas: Vastutusest loobumine alates<span style=\"color: inherit; font-family: inherit; font-size: inherit; font-style: inherit; font-weight: inherit;\">&nbsp;<\/span><a href=\"https:\/\/www.e-recht24.de\/\" target=\"_blank\" rel=\"noopener\" style=\"font-family: inherit; font-size: inherit; font-style: inherit; font-weight: inherit; background-color: rgb(255, 255, 255);\">eRecht24.de<\/a>. RA S\u00f6ren Sieberti juriidiline n\u00f5ustamine.<br><\/p>\n<p><\/p>\t\t\t\t\t\t\t\t<\/div>\n\t\t\t\t<\/div>\n\t\t\t\t\t<\/div>\n\t\t<\/div>\n\t\t\t\t\t<\/div>\n\t\t<\/section>\n\t\t\t\t<\/div>","protected":false},"excerpt":{"rendered":"<p>Vastutus sisu eest Meie lehek\u00fclgede sisu on koostatud suurima hoolikusega. Sisu \u00f5igsuse, t\u00e4ielikkuse ja aktuaalsuse eest ei saa me siiski mingit garantiid v\u00f5tta. Teenusepakkujana vastutame vastavalt ... <a href=\"https:\/\/contourtrace.com\/et\/liability\/\">Loe edasi<\/a><\/p>","protected":false},"author":1,"featured_media":0,"parent":0,"menu_order":6,"comment_status":"closed","ping_status":"open","template":"elementor_theme","meta":{"footnotes":""},"class_list":["post-879","page","type-page","status-publish","hentry"],"_links":{"self":[{"href":"https:\/\/contourtrace.com\/et\/wp-json\/wp\/v2\/pages\/879","targetHints":{"allow":["GET"]}}],"collection":[{"href":"https:\/\/contourtrace.com\/et\/wp-json\/wp\/v2\/pages"}],"about":[{"href":"https:\/\/contourtrace.com\/et\/wp-json\/wp\/v2\/types\/page"}],"author":[{"embeddable":true,"href":"https:\/\/contourtrace.com\/et\/wp-json\/wp\/v2\/users\/1"}],"replies":[{"embeddable":true,"href":"https:\/\/contourtrace.com\/et\/wp-json\/wp\/v2\/comments?post=879"}],"version-history":[{"count":0,"href":"https:\/\/contourtrace.com\/et\/wp-json\/wp\/v2\/pages\/879\/revisions"}],"wp:attachment":[{"href":"https:\/\/contourtrace.com\/et\/wp-json\/wp\/v2\/media?parent=879"}],"curies":[{"name":"wp","href":"https:\/\/api.w.org\/{rel}","templated":true}]}}