{"id":2,"date":"2021-01-04T12:23:40","date_gmt":"2021-01-04T12:23:40","guid":{"rendered":"https:\/\/contourtrace.com\/?page_id=2"},"modified":"2023-07-17T11:30:16","modified_gmt":"2023-07-17T11:30:16","slug":"sample-page-4","status":"publish","type":"page","link":"https:\/\/contourtrace.com\/hu\/sample-page-4\/","title":{"rendered":"Kezd\u0151 l\u00e9p\u00e9sek"},"content":{"rendered":"<div data-elementor-type=\"wp-page\" data-elementor-id=\"2\" class=\"elementor elementor-2\" data-elementor-post-type=\"page\">\n\t\t\t\t\t\t<section class=\"elementor-section elementor-top-section elementor-element elementor-element-7654acd3 elementor-section-boxed elementor-section-height-default elementor-section-height-default\" data-id=\"7654acd3\" data-element_type=\"section\" data-e-type=\"section\">\n\t\t\t\t\t\t<div class=\"elementor-container elementor-column-gap-default\">\n\t\t\t\t\t<div class=\"elementor-column elementor-col-100 elementor-top-column elementor-element elementor-element-13dac57b\" data-id=\"13dac57b\" data-element_type=\"column\" data-e-type=\"column\">\n\t\t\t<div class=\"elementor-widget-wrap elementor-element-populated\">\n\t\t\t\t\t\t<div class=\"elementor-element elementor-element-26a45f7b elementor-widget elementor-widget-text-editor\" data-id=\"26a45f7b\" data-element_type=\"widget\" data-e-type=\"widget\" data-widget_type=\"text-editor.default\">\n\t\t\t\t<div class=\"elementor-widget-container\">\n\t\t\t\t\t\t\t\t\t<p style=\"line-height: 24px; font-size: 16px; margin-bottom: 24px; color: #404040; font-family: Lato, proxima-nova, 'Helvetica Neue', Arial, sans-serif; font-style: normal; font-weight: 400; background-color: #fcfcfc;\">A ContourTrace lehet\u0151v\u00e9 teszi a BMP \u00e9s JPEG form\u00e1tum\u00fa raszteres k\u00e9pek gyors \u00e9s egyszer\u0171 \u00e1talak\u00edt\u00e1s\u00e1t DXF \u00e9s SVG form\u00e1tum\u00fa vektoros k\u00e9pekk\u00e9. Az alkalmaz\u00e1s k\u00f6z\u00e9ppontj\u00e1ban a m\u00e9r\u00e9shez, ellen\u0151rz\u00e9shez, tervez\u00e9shez \u00e9s gy\u00e1rt\u00e1shoz felhaszn\u00e1lhat\u00f3 t\u00e1rgykont\u00farok kinyer\u00e9se \u00e1ll.<\/p>\n<p style=\"line-height: 24px; font-size: 16px; margin-bottom: 24px; color: #404040; font-family: Lato, proxima-nova, 'Helvetica Neue', Arial, sans-serif; font-style: normal; font-weight: 400; background-color: #fcfcfc;\">A ContourTrace haszn\u00e1lat\u00e1nak megkezd\u00e9s\u00e9hez n\u00e9zze meg ezt a vide\u00f3t.\u00a0<a class=\"reference external\" style=\"color: #2980b9; cursor: pointer;\" href=\"https:\/\/youtube.com\/playlist?list=PLhrzaJAvQwVP1FQ9juZ6dNv5eAGT7km5L\">YouTube lej\u00e1tsz\u00e1si lista<\/a>:<\/p>\t\t\t\t\t\t\t\t<\/div>\n\t\t\t\t<\/div>\n\t\t\t\t<div class=\"elementor-element elementor-element-78b68af elementor-widget elementor-widget-video\" data-id=\"78b68af\" data-element_type=\"widget\" data-e-type=\"widget\" data-settings=\"{&quot;youtube_url&quot;:&quot;https:\\\/\\\/www.youtube.com\\\/watch?v=58vYqUasPhc&amp;list=PLhrzaJAvQwVP1FQ9juZ6dNv5eAGT7km5L&quot;,&quot;video_type&quot;:&quot;youtube&quot;,&quot;controls&quot;:&quot;yes&quot;}\" data-widget_type=\"video.default\">\n\t\t\t\t<div class=\"elementor-widget-container\">\n\t\t\t\t\t\t\t<div class=\"elementor-wrapper elementor-open-inline\">\n\t\t\t<div class=\"elementor-video\"><\/div>\t\t<\/div>\n\t\t\t\t\t\t<\/div>\n\t\t\t\t<\/div>\n\t\t\t\t\t<\/div>\n\t\t<\/div>\n\t\t\t\t\t<\/div>\n\t\t<\/section>\n\t\t\t\t<\/div>","protected":false},"excerpt":{"rendered":"<p>A ContourTrace lehet\u0151v\u00e9 teszi a BMP \u00e9s JPEG form\u00e1tum\u00fa raszteres k\u00e9pek gyors \u00e9s egyszer\u0171 \u00e1talak\u00edt\u00e1s\u00e1t DXF \u00e9s SVG form\u00e1tum\u00fa vektoros k\u00e9pekk\u00e9. Az alkalmaz\u00e1s k\u00f6z\u00e9ppontj\u00e1ban a t\u00e1rgykont\u00farok kinyer\u00e9se \u00e1ll, amelyek m\u00e9r\u00e9shez, ellen\u0151rz\u00e9shez, ... <a href=\"https:\/\/contourtrace.com\/hu\/sample-page-4\/\">Olvass tov\u00e1bb<\/a><\/p>","protected":false},"author":10,"featured_media":0,"parent":0,"menu_order":21,"comment_status":"closed","ping_status":"open","template":"","meta":{"footnotes":""},"class_list":["post-2","page","type-page","status-publish","hentry"],"_links":{"self":[{"href":"https:\/\/contourtrace.com\/hu\/wp-json\/wp\/v2\/pages\/2","targetHints":{"allow":["GET"]}}],"collection":[{"href":"https:\/\/contourtrace.com\/hu\/wp-json\/wp\/v2\/pages"}],"about":[{"href":"https:\/\/contourtrace.com\/hu\/wp-json\/wp\/v2\/types\/page"}],"author":[{"embeddable":true,"href":"https:\/\/contourtrace.com\/hu\/wp-json\/wp\/v2\/users\/10"}],"replies":[{"embeddable":true,"href":"https:\/\/contourtrace.com\/hu\/wp-json\/wp\/v2\/comments?post=2"}],"version-history":[{"count":0,"href":"https:\/\/contourtrace.com\/hu\/wp-json\/wp\/v2\/pages\/2\/revisions"}],"wp:attachment":[{"href":"https:\/\/contourtrace.com\/hu\/wp-json\/wp\/v2\/media?parent=2"}],"curies":[{"name":"wp","href":"https:\/\/api.w.org\/{rel}","templated":true}]}}