{"id":3641,"date":"2023-07-14T11:08:01","date_gmt":"2023-07-14T11:08:01","guid":{"rendered":"https:\/\/contourtrace.com\/?page_id=3641"},"modified":"2025-05-15T09:46:48","modified_gmt":"2025-05-15T09:46:48","slug":"sample-page","status":"publish","type":"page","link":"https:\/\/contourtrace.com\/hu\/sample-page\/","title":{"rendered":"Mintaoldal"},"content":{"rendered":"<div data-elementor-type=\"wp-page\" data-elementor-id=\"3641\" class=\"elementor elementor-3641\" data-elementor-post-type=\"page\">\n\t\t\t\t\t\t<section class=\"elementor-section elementor-top-section elementor-element elementor-element-374d2d06 elementor-section-boxed elementor-section-height-default elementor-section-height-default\" data-id=\"374d2d06\" data-element_type=\"section\" data-e-type=\"section\">\n\t\t\t\t\t\t<div class=\"elementor-container elementor-column-gap-default\">\n\t\t\t\t\t<div class=\"elementor-column elementor-col-100 elementor-top-column elementor-element elementor-element-21131b81\" data-id=\"21131b81\" data-element_type=\"column\" data-e-type=\"column\">\n\t\t\t<div class=\"elementor-widget-wrap elementor-element-populated\">\n\t\t\t\t\t\t<div class=\"elementor-element elementor-element-5237f6a elementor-widget elementor-widget-html\" data-id=\"5237f6a\" data-element_type=\"widget\" data-e-type=\"widget\" data-widget_type=\"html.default\">\n\t\t\t\t<div class=\"elementor-widget-container\">\n\t\t\t\t\t<script async src=\"https:\/\/js.stripe.com\/v3\/pricing-table.js\"><\/script>\r\n<stripe-pricing-table pricing-table-id=\"prctbl_1RJtX3P9mLIYGmqFVX3bzAby\"\r\npublishable-key=\"pk_test_51RJUByP9mLIYGmqFkCVBpyJL19YbSQxBB2i9aPIHbj142vnV36MBkMsyGDg04S602ERw0mMSxn4XtgJxxwK6Nslw00QI0hHdBe\">\r\n<\/stripe-pricing-table>\t\t\t\t<\/div>\n\t\t\t\t<\/div>\n\t\t\t\t<div class=\"elementor-element elementor-element-16ca9de elementor-widget elementor-widget-text-editor\" data-id=\"16ca9de\" data-element_type=\"widget\" data-e-type=\"widget\" data-widget_type=\"text-editor.default\">\n\t\t\t\t<div class=\"elementor-widget-container\">\n\t\t\t\t\t\t\t\t\t\n<p>Ez egy p\u00e9ldaoldal. Az\u00e9rt m\u00e1s, mint egy blogbejegyz\u00e9s, mert egy helyen marad, \u00e9s megjelenik a webhely navig\u00e1ci\u00f3j\u00e1ban (a legt\u00f6bb t\u00e9m\u00e1ban). A legt\u00f6bb ember egy R\u00f3lunk-oldalral kezdi, amely bemutatja \u0151ket a webhely potenci\u00e1lis l\u00e1togat\u00f3inak. Valami ilyesmi \u00e1llhat rajta:<\/p>\n\n\n\n<blockquote class=\"wp-block-quote is-layout-flow wp-block-quote-is-layout-flow\"><p>Sziasztok! Nappal biciklis fut\u00e1r vagyok, \u00e9jjel sz\u00edn\u00e9sznek k\u00e9sz\u00fcl\u00f6k, \u00e9s ez az \u00e9n weboldalam. Los Angelesben \u00e9lek, van egy nagyszer\u0171 kuty\u00e1m, Jack, \u00e9s szeretem a pi\u00f1a colad\u00e1t. (\u00c9s az es\u0151t.)<\/p><\/blockquote>\n\n\n\n<p>...vagy valami ilyesmi:<\/p>\n\n\n\n<blockquote class=\"wp-block-quote is-layout-flow wp-block-quote-is-layout-flow\"><p>Az XYZ Doohickey Company-t 1971-ben alap\u00edtott\u00e1k, \u00e9s az\u00f3ta is min\u0151s\u00e9gi doohickey-ket k\u00edn\u00e1l a nagyk\u00f6z\u00f6ns\u00e9gnek. A Gotham Cityben tal\u00e1lhat\u00f3 XYZ t\u00f6bb mint 2000 embert foglalkoztat, \u00e9s mindenf\u00e9le fantasztikus dolgot tesz a gothami k\u00f6z\u00f6ss\u00e9g\u00e9rt.<\/p><\/blockquote>\n\n\n\n<p>\u00daj WordPress felhaszn\u00e1l\u00f3k\u00e9nt a k\u00f6vetkez\u0151 c\u00edmre kell menned <a href=\"https:\/\/contourtrace.com\/wp-admin\/\">a m\u0171szerfal<\/a> hogy t\u00f6r\u00f6lje ezt az oldalt, \u00e9s \u00faj oldalakat hozzon l\u00e9tre a tartalom sz\u00e1m\u00e1ra. J\u00f3 sz\u00f3rakoz\u00e1st!<\/p>\n\t\t\t\t\t\t\t\t<\/div>\n\t\t\t\t<\/div>\n\t\t\t\t\t<\/div>\n\t\t<\/div>\n\t\t\t\t\t<\/div>\n\t\t<\/section>\n\t\t\t\t<\/div>","protected":false},"excerpt":{"rendered":"<p>Ez egy p\u00e9ldaoldal. Az\u00e9rt m\u00e1s, mint egy blogbejegyz\u00e9s, mert egy helyen marad, \u00e9s megjelenik a webhely navig\u00e1ci\u00f3j\u00e1ban (a legt\u00f6bb t\u00e9m\u00e1ban). A legt\u00f6bb ember egy R\u00f3lunk-oldalral kezdi, amely bemutatja \u0151ket ... <a href=\"https:\/\/contourtrace.com\/hu\/sample-page\/\">Olvass tov\u00e1bb<\/a><\/p>","protected":false},"author":10,"featured_media":0,"parent":0,"menu_order":9,"comment_status":"closed","ping_status":"open","template":"","meta":{"footnotes":""},"class_list":["post-3641","page","type-page","status-publish","hentry"],"_links":{"self":[{"href":"https:\/\/contourtrace.com\/hu\/wp-json\/wp\/v2\/pages\/3641","targetHints":{"allow":["GET"]}}],"collection":[{"href":"https:\/\/contourtrace.com\/hu\/wp-json\/wp\/v2\/pages"}],"about":[{"href":"https:\/\/contourtrace.com\/hu\/wp-json\/wp\/v2\/types\/page"}],"author":[{"embeddable":true,"href":"https:\/\/contourtrace.com\/hu\/wp-json\/wp\/v2\/users\/10"}],"replies":[{"embeddable":true,"href":"https:\/\/contourtrace.com\/hu\/wp-json\/wp\/v2\/comments?post=3641"}],"version-history":[{"count":0,"href":"https:\/\/contourtrace.com\/hu\/wp-json\/wp\/v2\/pages\/3641\/revisions"}],"wp:attachment":[{"href":"https:\/\/contourtrace.com\/hu\/wp-json\/wp\/v2\/media?parent=3641"}],"curies":[{"name":"wp","href":"https:\/\/api.w.org\/{rel}","templated":true}]}}