{"id":879,"date":"2021-05-14T14:02:08","date_gmt":"2021-05-14T14:02:08","guid":{"rendered":"https:\/\/contourtrace.com\/?page_id=879"},"modified":"2023-07-14T11:07:03","modified_gmt":"2023-07-14T11:07:03","slug":"liability","status":"publish","type":"page","link":"https:\/\/contourtrace.com\/hu\/liability\/","title":{"rendered":"Felel\u0151ss\u00e9g"},"content":{"rendered":"<div data-elementor-type=\"wp-page\" data-elementor-id=\"879\" class=\"elementor elementor-879\" data-elementor-post-type=\"page\">\n\t\t\t\t\t\t<section class=\"elementor-section elementor-top-section elementor-element elementor-element-2ebd9c4d elementor-section-boxed elementor-section-height-default elementor-section-height-default\" data-id=\"2ebd9c4d\" data-element_type=\"section\" data-e-type=\"section\">\n\t\t\t\t\t\t<div class=\"elementor-container elementor-column-gap-default\">\n\t\t\t\t\t<div class=\"elementor-column elementor-col-100 elementor-top-column elementor-element elementor-element-69214580\" data-id=\"69214580\" data-element_type=\"column\" data-e-type=\"column\">\n\t\t\t<div class=\"elementor-widget-wrap elementor-element-populated\">\n\t\t\t\t\t\t<div class=\"elementor-element elementor-element-4d953a3a elementor-widget elementor-widget-text-editor\" data-id=\"4d953a3a\" data-element_type=\"widget\" data-e-type=\"widget\" data-widget_type=\"text-editor.default\">\n\t\t\t\t<div class=\"elementor-widget-container\">\n\t\t\t\t\t\t\t\t\t<p><\/p>\n<h4 class=\"wp-block-heading\">Felel\u0151ss\u00e9g a tartalom\u00e9rt<br><\/h4>\n<p>Oldalaink tartalm\u00e1t a legnagyobb gondoss\u00e1ggal \u00e1ll\u00edtottuk \u00f6ssze. A tartalom helyess\u00e9g\u00e9re, teljess\u00e9g\u00e9re \u00e9s aktualit\u00e1s\u00e1ra azonban garanci\u00e1t nem tudunk v\u00e1llalni. Szolg\u00e1ltat\u00f3k\u00e9nt a TMG 7 Abs.1 \u00a7 szerint az \u00e1ltal\u00e1nos t\u00f6rv\u00e9nyek szerint felel\u0151sek vagyunk az oldalakon tal\u00e1lhat\u00f3 saj\u00e1t tartalmaink\u00e9rt. A TMG 8-10. \u00a7-ai szerint szolg\u00e1ltat\u00f3k\u00e9nt nem vagyunk k\u00f6telesek az \u00e1tvitt vagy t\u00e1rolt, harmadik f\u00e9lt\u0151l sz\u00e1rmaz\u00f3 inform\u00e1ci\u00f3kat ellen\u0151rizni, illetve a jogellenes tev\u00e9kenys\u00e9gre utal\u00f3 k\u00f6r\u00fclm\u00e9nyeket kivizsg\u00e1lni. Az \u00e1ltal\u00e1nos t\u00f6rv\u00e9nyek szerinti inform\u00e1ci\u00f3k elt\u00e1vol\u00edt\u00e1s\u00e1ra vagy letilt\u00e1s\u00e1ra vonatkoz\u00f3 k\u00f6telezetts\u00e9gek ett\u0151l f\u00fcggetlen\u00fcl fennmaradnak. Az ezzel kapcsolatos felel\u0151ss\u00e9gre von\u00e1s azonban csak a konkr\u00e9t t\u00f6rv\u00e9nys\u00e9rt\u00e9sr\u0151l val\u00f3 tudom\u00e1sszerz\u00e9st\u0151l kezdve lehets\u00e9ges. Amint tudom\u00e1st szerz\u00fcnk az ilyen jogs\u00e9rt\u00e9sekr\u0151l, azonnal elt\u00e1vol\u00edtjuk az ilyen tartalmakat.<\/p>\n<p><span style=\"font-size: 25px;\">Felel\u0151ss\u00e9g a linkek\u00e9rt<\/span><br><\/p>\n<p>Aj\u00e1nlatunk harmadik felek k\u00fcls\u0151 weboldalaira mutat\u00f3 linkeket tartalmaz, amelyek tartalm\u00e1ra nincs befoly\u00e1sunk. Ez\u00e9rt nem tudunk felel\u0151ss\u00e9get v\u00e1llalni ezek\u00e9rt a k\u00fcls\u0151 tartalmak\u00e9rt. A hivatkozott oldalak tartalm\u00e1\u00e9rt mindig a mindenkori szolg\u00e1ltat\u00f3 vagy az oldalak \u00fczemeltet\u0151je felel\u0151s. A linkelt oldalakat a linkel\u00e9s id\u0151pontj\u00e1ban ellen\u0151rizt\u00fck az esetleges jogszab\u00e1lys\u00e9rt\u00e9sek tekintet\u00e9ben. Jogellenes tartalmak a linkel\u00e9s id\u0151pontj\u00e1ban nem voltak felismerhet\u0151ek. A linkelt oldalak tartalm\u00e1nak \u00e1lland\u00f3 ellen\u0151rz\u00e9se a jogs\u00e9rt\u00e9s konkr\u00e9t bizony\u00edt\u00e9ka n\u00e9lk\u00fcl nem indokolt. Amint tudom\u00e1st szerz\u00fcnk a jogszab\u00e1lys\u00e9rt\u00e9sekr\u0151l, azonnal elt\u00e1vol\u00edtjuk az ilyen linkeket.<\/p>\n<p><span style=\"font-size: 25px;\">Szerz\u0151i jog<\/span><br><\/p>\n<p>Az oldalakon tal\u00e1lhat\u00f3, az oldal \u00fczemeltet\u0151i \u00e1ltal l\u00e9trehozott tartalmak \u00e9s m\u0171vek a n\u00e9met szerz\u0151i jog hat\u00e1lya al\u00e1 tartoznak. A harmadik felek hozz\u00e1j\u00e1rul\u00e1sait a megfelel\u0151 jel\u00f6l\u00e9ssel l\u00e1tj\u00e1k el. A sokszoros\u00edt\u00e1shoz, feldolgoz\u00e1shoz, terjeszt\u00e9shez \u00e9s a szerz\u0151i jogi korl\u00e1tokon k\u00edv\u00fcli b\u00e1rmilyen felhaszn\u00e1l\u00e1shoz az adott szerz\u0151 vagy alkot\u00f3 \u00edr\u00e1sbeli hozz\u00e1j\u00e1rul\u00e1sa sz\u00fcks\u00e9ges. Ezen oldalak let\u00f6lt\u00e9se \u00e9s m\u00e1sol\u00e1sa kiz\u00e1r\u00f3lag mag\u00e1njelleg\u0171, nem kereskedelmi c\u00e9l\u00fa felhaszn\u00e1l\u00e1sra enged\u00e9lyezett. Ezen oldalak \u00fczemeltet\u0151i mindig igyekeznek tiszteletben tartani m\u00e1sok szerz\u0151i jogait, illetve saj\u00e1t vagy licencmentes m\u0171veket haszn\u00e1lni.<\/p>\n<p>Forr\u00e1s: Felel\u0151ss\u00e9gi nyilatkozat a<span style=\"color: inherit; font-family: inherit; font-size: inherit; font-style: inherit; font-weight: inherit;\">&nbsp;<\/span><a href=\"https:\/\/www.e-recht24.de\/\" target=\"_blank\" rel=\"noopener\" style=\"font-family: inherit; font-size: inherit; font-style: inherit; font-weight: inherit; background-color: rgb(255, 255, 255);\">eRecht24.de<\/a>. Jogi tan\u00e1csad\u00e1s S\u00f6ren Siebert RA-t\u00f3l.<br><\/p>\n<p><\/p>\t\t\t\t\t\t\t\t<\/div>\n\t\t\t\t<\/div>\n\t\t\t\t\t<\/div>\n\t\t<\/div>\n\t\t\t\t\t<\/div>\n\t\t<\/section>\n\t\t\t\t<\/div>","protected":false},"excerpt":{"rendered":"<p>Felel\u0151ss\u00e9g a tartalom\u00e9rt Az oldalaink tartalm\u00e1t a legnagyobb gondoss\u00e1ggal \u00e1ll\u00edtottuk \u00f6ssze. A tartalom helyess\u00e9g\u00e9\u00e9rt, teljess\u00e9g\u00e9\u00e9rt \u00e9s aktualit\u00e1s\u00e1\u00e9rt azonban nem tudunk garanci\u00e1t v\u00e1llalni. Szolg\u00e1ltat\u00f3k\u00e9nt felel\u0151ss\u00e9get v\u00e1llalunk a ... <a href=\"https:\/\/contourtrace.com\/hu\/liability\/\">Olvass tov\u00e1bb<\/a><\/p>","protected":false},"author":1,"featured_media":0,"parent":0,"menu_order":6,"comment_status":"closed","ping_status":"open","template":"elementor_theme","meta":{"footnotes":""},"class_list":["post-879","page","type-page","status-publish","hentry"],"_links":{"self":[{"href":"https:\/\/contourtrace.com\/hu\/wp-json\/wp\/v2\/pages\/879","targetHints":{"allow":["GET"]}}],"collection":[{"href":"https:\/\/contourtrace.com\/hu\/wp-json\/wp\/v2\/pages"}],"about":[{"href":"https:\/\/contourtrace.com\/hu\/wp-json\/wp\/v2\/types\/page"}],"author":[{"embeddable":true,"href":"https:\/\/contourtrace.com\/hu\/wp-json\/wp\/v2\/users\/1"}],"replies":[{"embeddable":true,"href":"https:\/\/contourtrace.com\/hu\/wp-json\/wp\/v2\/comments?post=879"}],"version-history":[{"count":0,"href":"https:\/\/contourtrace.com\/hu\/wp-json\/wp\/v2\/pages\/879\/revisions"}],"wp:attachment":[{"href":"https:\/\/contourtrace.com\/hu\/wp-json\/wp\/v2\/media?parent=879"}],"curies":[{"name":"wp","href":"https:\/\/api.w.org\/{rel}","templated":true}]}}