{"id":2890,"date":"2022-09-16T06:44:14","date_gmt":"2022-09-16T06:44:14","guid":{"rendered":"https:\/\/contourtrace.com\/?page_id=2890"},"modified":"2023-07-14T11:07:03","modified_gmt":"2023-07-14T11:07:03","slug":"license-agreement-and-disclaimer-contourtrace-software","status":"publish","type":"page","link":"https:\/\/contourtrace.com\/lt\/license-agreement-and-disclaimer-contourtrace-software\/","title":{"rendered":"Licencijos sutartis ir atsakomyb\u0117s atsisakymas"},"content":{"rendered":"<div data-elementor-type=\"wp-page\" data-elementor-id=\"2890\" class=\"elementor elementor-2890\" data-elementor-post-type=\"page\">\n\t\t\t\t\t\t<section class=\"elementor-section elementor-top-section elementor-element elementor-element-17dd552 elementor-section-boxed elementor-section-height-default elementor-section-height-default\" data-id=\"17dd552\" data-element_type=\"section\" data-e-type=\"section\">\n\t\t\t\t\t\t<div class=\"elementor-container elementor-column-gap-default\">\n\t\t\t\t\t<div class=\"elementor-column elementor-col-100 elementor-top-column elementor-element elementor-element-e2f4ebd\" data-id=\"e2f4ebd\" data-element_type=\"column\" data-e-type=\"column\">\n\t\t\t<div class=\"elementor-widget-wrap elementor-element-populated\">\n\t\t\t\t\t\t<div class=\"elementor-element elementor-element-7ace5b5 elementor-widget elementor-widget-text-editor\" data-id=\"7ace5b5\" data-element_type=\"widget\" data-e-type=\"widget\" data-widget_type=\"text-editor.default\">\n\t\t\t\t<div class=\"elementor-widget-container\">\n\t\t\t\t\t\t\t\t\t<p>ContourTrace<br \/>Autorin\u0117s teis\u0117s (c) 2022 KUHN SOLUTIONS, Daniel Kuhn<\/p><p>*** GALUTINIO NAUDOTOJO LICENCIJOS SUTARTIS ***<\/p><p>SVARBU: PRIE\u0160 NAUDODAMI \u0160I\u0104 PROGRAMIN\u0118 \u012eRANG\u0104 ATID\u017dIAI PERSKAITYKITE \u0160I\u0104 LICENCIJ\u0104.<\/p><p>Vertimas<br \/>\u2014\u2014\u2014\u2014\u2013<\/p><p>\u017dod\u017eiai, kuri\u0173 pradin\u0117 raid\u0117 ra\u0161oma did\u017ei\u0105ja raide, turi apibr\u0117\u017etas reik\u0161mes<br \/>\u0161iomis s\u0105lygomis. Toliau pateiktos apibr\u0117\u017etys turi toki\u0105 pa\u010di\u0105 reik\u0161m\u0119<br \/>reik\u0161m\u0119, neatsi\u017evelgiant \u012f tai, ar jie vartojami vienaskaita, ar daugiskaita.<\/p><p>Apibr\u0117\u017etys<br \/>\u2014\u2014\u2014\u2013<\/p><p>\u0160ioje Galutinio naudotojo licencijos sutartyje:<\/p><p>* Sutartis - tai \u0161i Galutinio naudotojo licencijos sutartis, kuri sudaro vis\u0105<br \/>J\u016bs\u0173 ir Bendrov\u0117s susitarimas d\u0117l naudojimosi<br \/>Taikymas.<\/p><p>* Programa (\u0161iame dokumente vadinama \"Programine \u012franga\" arba \"PROGRAMINE \u012eRANGA\")<br \/>Sutartis) - tai Bendrov\u0117s pateikta programin\u0117s \u012frangos programa, atsisi\u0173sta<br \/>\u012f \u012frengin\u012f, pavadint\u0105 ContourTrace.<\/p><p>* \u012emon\u0117 (\u0161iame dokumente vadinama \"\u012emon\u0117\", \"Mes\", \"Mes\" arba \"M\u016bs\u0173\")<br \/>Susitarimas) yra susij\u0119s su KUHN SOLUTIONS, Daniel Kuhn, Raitenaugasse 6, 78462 Constance.<\/p><p>* Turinys - tai turinys, pvz., tekstas, vaizdai ar kita informacija, kuri<br \/>galite skelbti, \u012fkelti, susieti ar kitaip padaryti prieinam\u0105,<br \/>neatsi\u017evelgiant \u012f turinio form\u0105.<\/p><p>* \u0160alis rei\u0161kia: Vokietija<\/p><p>* \u012erenginys - tai bet koks \u012frenginys, galintis pasiekti Program\u0105, pvz.<br \/>kompiuter\u012f, mobil\u0173j\u012f telefon\u0105 arba skaitmenin\u0119 plan\u0161et\u0119.<\/p><p>* Tre\u010di\u0173j\u0173 \u0161ali\u0173 paslaugos - tai bet kokios paslaugos ar turinys (\u012fskaitant duomenis,<br \/>informacija, taikomosios programos ir kitos produkt\u0173 paslaugos), kurias teikia<br \/>tre\u010diosios \u0161alies, kuri gali b\u016bti rodoma, \u012ftraukiama ar pateikiama<br \/>Taikymas.<\/p><p>* J\u016bs - tai asmuo, kuris naudojasi Parai\u0161ka arba<br \/>bendrov\u0117 ar kitas juridinis asmuo, kurio vardu toks asmuo<br \/>prieigos prie Parai\u0161kos arba jos naudojimo, jei taikoma.<\/p><p>1. LICENCIJA<\/p><p>Gav\u0119, atidar\u0119 fail\u0173 paket\u0105 ir (arba) naudodami \"ContourTrace\" (\"Programin\u0117 \u012franga\"), kuriame yra \u0161i programin\u0117 \u012franga, sutinkate, kad \u0161i Galutinio naudotojo licencijos sutartis (EULA) yra teisi\u0161kai \u012fpareigojanti ir galiojanti sutartis, ir sutinkate jos laikytis. J\u016bs sutinkate laikytis intelektin\u0117s nuosavyb\u0117s \u012fstatym\u0173 ir vis\u0173 \u0161ios sutarties s\u0105lyg\u0173.<\/p><p>Jei neturite kitokios Bendrov\u0117s pasira\u0161ytos licencijos sutarties, j\u016bs\u0173 naudojimasis ContourTrace rei\u0161kia, kad sutinkate su \u0161ia licencijos sutartimi ir garantija.<\/p><p>Laikydamasi \u0161ios Sutarties s\u0105lyg\u0173, Bendrov\u0117 suteikia jums ribot\u0105, nei\u0161imtin\u0119, neperleid\u017eiam\u0105 licencij\u0105 be teis\u0117s suteikti sublicencij\u0105 naudoti ContourTrace pagal \u0161i\u0105 Sutart\u012f ir bet kuri\u0105 kit\u0105 ra\u0161ytin\u0119 Sutart\u012f su Bendrove. Mes neperduodame jums nuosavyb\u0117s teis\u0117s \u012f \"ContourTrace\", jums suteikta licencija n\u0117ra pardavimas. \u0160i Sutartis yra privalomas teisinis susitarimas tarp Bendrov\u0117s ir \"ContourTrace\" pirk\u0117j\u0173 arba naudotoj\u0173.<\/p><p>Jei nesutinkate laikytis \u0161ios Sutarties, pa\u0161alinkite ContourTrace i\u0161 savo kompiuterio ir, jei reikia, nedelsdami gr\u0105\u017einkite mums pa\u0161tu visas turimas ContourTrace kopijas ir susijusi\u0105 dokumentacij\u0105 bei pakuot\u0119.<\/p><p>2. DISTRIBUCIJA<\/p><p>\"ContourTrace\" ir \u010dia suteikta licencija negali b\u016bti kopijuojama, dalijamasi, platinama, perparduodama, si\u016bloma perparduoti, perduodama ar sublicencijuojama nei visa, nei dalimis, i\u0161skyrus tai, kad galite pasidaryti vien\u0105 kopij\u0105 tik archyvavimo tikslais. D\u0117l informacijos apie \"ContourTrace\" platinim\u0105 kreipkit\u0117s \u012f Mus.<\/p><p>3. VARTOTOJO SUTARTIS<\/p><p>3.1 Naudojimas<\/p><p>J\u016bs\u0173 licencija naudoti ContourTrace yra apribota j\u016bs\u0173 \u012fsigyt\u0173 licencij\u0173 skai\u010diumi. Negalite leisti kitiems naudoti, kopijuoti ar vertinti ContourTrace kopij\u0173.<\/p><p>3.2 Naudojimo apribojimai<\/p><p>ContourTrace naudosite laikydamiesi vis\u0173 galiojan\u010di\u0173 \u012fstatym\u0173 ir nesiekdami joki\u0173 neteis\u0117t\u0173 tiksl\u0173. Neapribojant to, kas i\u0161d\u0117styta pirmiau, grie\u017etai draud\u017eiama naudoti, rodyti ar platinti ContourTrace kartu su pornografine, rasistine, vulgaria, nepadoria, \u0161mei\u017eiki\u0161ka, \u012f\u017eeid\u017eian\u010dia, neapykant\u0105 skatinan\u010dia, diskriminuojan\u010dia ar i\u0161ankstin\u012f nusistatym\u0105 d\u0117l religijos, etninio paveldo, ras\u0117s, seksualin\u0117s orientacijos ar am\u017eiaus turin\u010dia med\u017eiaga.<\/p><p>Kiekvien\u0105 licencijuot\u0105 \"ContourTrace\" kopij\u0105 vienas naudotojas gali naudoti viename kompiuteryje. ContourTrace naudojimas rei\u0161kia, kad j\u016bs \u012fk\u0117l\u0117te, \u012fdieg\u0117te arba paleidote ContourTrace kompiuteryje ar pana\u0161iame \u012frenginyje. Jei \u012fdiegsite \"ContourTrace\" \u012f keli\u0173 naudotoj\u0173 platform\u0105, server\u012f ar tinkl\u0105, kiekvienas atskiras \"ContourTrace\" naudotojas turi b\u016bti licencijuojamas atskirai.<\/p><p>Galite pasidaryti vien\u0105 \"ContourTrace\" kopij\u0105 atsarginei kopijai, jei tik viena kopija yra \u012fdiegta viename kompiuteryje, kuriuo naudojasi vienas asmuo. Kiti naudotojai negali naudotis j\u016bs\u0173 \"ContourTrace\" kopija. Be i\u0161ankstinio ra\u0161ti\u0161ko Bendrov\u0117s sutikimo grie\u017etai draud\u017eiama perleisti, sublicencijuoti, sujungti \u012f tinkl\u0105, parduoti ar platinti \"ContourTrace\" kopijas. Perleisti, parduoti, dalytis, skolinti, nuomoti, nuomoti, skolintis, sujungti \u012f tinkl\u0105 ar perduoti naudoti \"ContourTrace\" yra \u0161ios sutarties pa\u017eeidimas. Jei bet kuris kitas asmuo, i\u0161skyrus jus, naudoja j\u016bs\u0173 vardu registruot\u0105 \"ContourTrace\", nepriklausomai nuo to, ar tai vyksta tuo pa\u010diu metu, ar skirtingu laiku, \u0161i Sutartis yra pa\u017eeid\u017eiama ir j\u016bs esate u\u017e \u0161\u012f pa\u017eeidim\u0105 atsakingas!<\/p><p>3.3 Autori\u0173 teisi\u0173 apribojimas<\/p><p>\u0160ioje Programin\u0117je \u012frangoje yra autori\u0173 teis\u0117mis saugomos med\u017eiagos, komercini\u0173 paslap\u010di\u0173, algoritm\u0173 ir kitos nuosavyb\u0117s teise priklausan\u010dios med\u017eiagos. J\u016bs neturite ir nebandysite modifikuoti, i\u0161ardyti ar dekompiliuoti \"ContourTrace\". Taip pat negalite kurti joki\u0173 i\u0161vestini\u0173 k\u016brini\u0173 ar kit\u0173 k\u016brini\u0173, kurie b\u016bt\u0173 visi\u0161kai ar i\u0161 dalies pagr\u012fsti ar i\u0161vesti i\u0161 \"ContourTrace\".<\/p><p>Bendrov\u0117s pavadinimas, logotipas ir grafinis failas, reprezentuojantis \"ContourTrace\", jokiu b\u016bdu nenaudojami reklamuojant produktus, sukurtus naudojant \"ContourTrace\". Bendrov\u0117 i\u0161laiko vienintel\u0119 ir i\u0161imtin\u0119 nuosavyb\u0117s teis\u0119 \u012f visas ContourTrace ir visas su ja susijusias intelektin\u0117s nuosavyb\u0117s teises.<\/p><p>Autori\u0173 teisi\u0173 \u012fstatymai ir tarptautini\u0173 autori\u0173 teisi\u0173 sutar\u010di\u0173 nuostatos saugo visas \"ContourTrace\" dalis, produktus ir paslaugas. Jokia programa, kodas, algoritmai, dalis, vaizdas, garso pavyzdys ar tekstas negali b\u016bti kopijuojami ar kaip nors kitaip naudojami, i\u0161skyrus tuos atvejus, kai jie yra skirti vieno vartotojo programos ribose. Visos \u010dia ai\u0161kiai nesuteiktos teis\u0117s paliekamos bendrovei.<\/p><p>3.4 Atsakomyb\u0117s apribojimas<\/p><p>J\u016bs atlyginsite \u017eal\u0105 Bendrovei, jos darbuotojams, atstovams ir platintojams, apsaugosite juos nuo vis\u0173 pretenzij\u0173, byl\u0173, reikalavim\u0173 ir i\u0161laid\u0173, atsirandan\u010di\u0173 d\u0117l to, kad naudojate Bendrov\u0117s programin\u0119 \u012frang\u0105, arba bet kokiu b\u016bdu susijusi\u0173 su jos naudojimu.<\/p><p>Bendrov\u0117, jos darbuotojai, atstovai ar platintojai jokiu atveju (\u012fskaitant, bet neapsiribojant, aplaidumo atveju) nebus atsakingi u\u017e bet koki\u0105 netiesiogin\u0119, atsitiktin\u0119, netiesiogin\u0119, speciali\u0105 ar baud\u017eiam\u0105j\u0105 \u017eal\u0105 (\u012fskaitant, bet neapsiribojant, \u017eal\u0105 d\u0117l negauto pelno, prarasto naudojimo, verslo nutraukimo, informacijos ar duomen\u0173 praradim\u0105 arba turtin\u0119 \u017eal\u0105), susijusi\u0105 su \u0161ia Sutartimi, \"ContourTrace\", \"ContourTrace\" naudojimu ar negal\u0117jimu naudoti \"ContourTrace\" arba bet koki\u0173 kit\u0173 dalyk\u0173 pagal \u0161i\u0105 Sutart\u012f pateikimu, vykdymu ar naudojimu, nepriklausomai nuo to, ar ji grind\u017eiama sutartimi, deliktu ar bet kokia kita teorija, \u012fskaitant aplaidum\u0105.<\/p><p>Visa be i\u0161imties Bendrov\u0117s atsakomyb\u0117 apsiriboja tik tuo, kad klientai atgauna Programin\u0117s \u012frangos pirkimo kain\u0105 (maksimali suma yra ma\u017eesn\u0117 i\u0161 j\u016bs\u0173 sumok\u0117tos sumos ir Bendrov\u0117s nurodytos si\u016blomos ma\u017emenin\u0117s kainos) mainais \u012f produkto, vis\u0173 kopij\u0173, registracijos dokument\u0173 ir vadov\u0173 bei visos med\u017eiagos, kuri sudaro kliento licencijos perdavim\u0105 Bendrovei, gr\u0105\u017einim\u0105.<\/p><p>3.5 Garantijos<\/p><p>I\u0161skyrus atvejus, kai tai ai\u0161kiai nurodyta ra\u0161tu, Bendrov\u0117 neteikia joki\u0173 parei\u0161kim\u0173 ar garantij\u0173 d\u0117l \u0161ios Programin\u0117s \u012frangos ir ai\u0161kiai atsisako vis\u0173 kit\u0173 i\u0161reik\u0161t\u0173 ar numanom\u0173, \u017eodini\u0173 ar ra\u0161ytini\u0173 garantij\u0173, \u012fskaitant, bet neapsiribojant, bet kokias numanomas parduodamos kokyb\u0117s ar tinkamumo tam tikram tikslui garantijas.<\/p><p>3.6 Taikoma teis\u0117<\/p><p>\u0160\u012f Susitarim\u0105 reglamentuoja Vokietijos Federacin\u0117s Respublikos teis\u0117. J\u016bs neat\u0161aukiamai prisiekiate ir pakl\u016bstate nei\u0161imtinai Vokietijos Federacin\u0117s Respublikos teism\u0173 jurisdikcijai. Jei kuri nors nuostata laikoma neteis\u0117ta, negaliojan\u010dia ar kitaip ne\u012fgyvendinama, ta nuostata laikoma atskirta nuo \u0161ios Licencijos ir neturi \u012ftakos kit\u0173 nuostat\u0173 galiojimui ir \u012fgyvendinamumui.<\/p><p>3.7 Nutraukimas<\/p><p>Jei nesilaikysite \u0161ios sutarties s\u0105lyg\u0173, \u0161i licencija bus automati\u0161kai ir nedelsiant nutraukta. Nutraukus \u0161ios licencijos galiojim\u0105 d\u0117l bet kokios prie\u017easties, j\u016bs sutinkate nedelsdami nutraukti \"ContourTrace\" naudojim\u0105 ir sunaikinti visas pagal \u0161i\u0105 sutart\u012f pateiktas \"ContourTrace\" kopijas. J\u016bs\u0173 prisiimti finansiniai \u012fsipareigojimai galioja ir pasibaigus \u0161ios licencijos galiojimo laikui arba j\u0105 nutraukus.<\/p><p>4. GARANTIJOS ATSISAKYMAS<\/p><p>\u0160I PROGRAMIN\u0116 \u012eRANGA IR PRIDEDAMI FAILAI PARDUODAMI \"TOKIE, KOKIE YRA\", BE JOKI\u0172 GARANTIJ\u0172 D\u0116L VEIKIMO AR TINKAMUMO PARDUOTI AR BET KOKI\u0172 KIT\u0172 I\u0160REIK\u0160T\u0172 AR NUMANOM\u0172 GARANTIJ\u0172. \u0160i i\u0161lyga taikoma VISIEMS \"ContourTrace\" sukurtiems ir redaguojamiems failams.<\/p><p>5. SUTIKIMAS NAUDOTI DUOMENIS<\/p><p>Sutinkate, kad Bendrov\u0117 gali rinkti ir naudoti bet kokiu b\u016bdu surinkt\u0105 informacij\u0105, kuri yra su ContourTrace susijusi\u0173 jums teikiam\u0173 produkto palaikymo paslaug\u0173 dalis, jei toki\u0173 yra. Bendrov\u0117 taip pat gali naudoti \u0161i\u0105 informacij\u0105, kad pateikt\u0173 jums prane\u0161imus, kurie gali b\u016bti jums naudingi arba jus dominti.<\/p><p>6. Tre\u010di\u0173j\u0173 \u0161ali\u0173 paslaugos<\/p><p>Program\u0117l\u0117je gali b\u016bti rodomas, \u012ftraukiamas ar pateikiamas tre\u010di\u0173j\u0173 \u0161ali\u0173 turinys (\u012fskaitant duomenis, informacij\u0105, programas ir kitas produkt\u0173 paslaugas) arba pateikiamos nuorodos \u012f tre\u010di\u0173j\u0173 \u0161ali\u0173 svetaines ar paslaugas.<\/p><p>J\u016bs pripa\u017e\u012fstate ir sutinkate, kad Bendrov\u0117 neatsako u\u017e jokias Tre\u010di\u0173j\u0173 \u0161ali\u0173 Paslaugas, \u012fskaitant j\u0173 tikslum\u0105, i\u0161samum\u0105, savalaiki\u0161kum\u0105, galiojim\u0105, autori\u0173 teisi\u0173 laikym\u0105si, teis\u0117tum\u0105, padorum\u0105, kokyb\u0119 ar bet kok\u012f kit\u0105 j\u0173 aspekt\u0105. Bendrov\u0117 neprisiima ir neprisiima jokios atsakomyb\u0117s ar \u012fsipareigojim\u0173 Jums ar bet kuriam kitam asmeniui ar subjektui u\u017e bet kokias Tre\u010di\u0173j\u0173 \u0161ali\u0173 Paslaugas.<\/p><p>Naudodamiesi Program\u0117le privalote laikytis taikom\u0173 Tre\u010di\u0173j\u0173 \u0161ali\u0173 sutarties s\u0105lyg\u0173. Tre\u010di\u0173j\u0173 \u0161ali\u0173 Paslaugos ir nuorodos \u012f jas teikiamos tik J\u016bs\u0173 patogumui ir J\u016bs prie j\u0173 prieinate bei jomis naudojat\u0117s i\u0161imtinai savo rizika ir laikydamiesi toki\u0173 tre\u010di\u0173j\u0173 \u0161ali\u0173 Taisykli\u0173 ir s\u0105lyg\u0173.<\/p><p>Naudotojo duomenims saugoti naudojame \"Back4App\" paslaug\u0105. Naudodamiesi \"ContourTrace\" sutinkate, kad mes naudojame \u0161i\u0105 tre\u010diosios \u0161alies paslaug\u0105. J\u016bs taip pat sutinkate su \"Back4App, Inc.\" paslaug\u0173 teikimo s\u0105lygomis ir privatumo politika:<br \/>https:\/\/www.back4app.com\/terms-of-service.pdf<br \/>https:\/\/www.back4app.com\/privacy.pdf<\/p><p>Daugiau tre\u010di\u0173j\u0173 \u0161ali\u0173 paslaug\u0173 ir programin\u0117s \u012frangos s\u0105lyg\u0173 ir licencij\u0173 rasite programos diegimo kelio aplanke \"Licencin\u0117s sutartys\". S\u0105ra\u0161as sudarytas pagal m\u016bs\u0173 turimas \u017einias ir \u012fsitikinimus, ta\u010diau negarantuojame, kad jis yra aktualus ar i\u0161samus.<\/p><p>7. Atnaujinimas ir prie\u017ei\u016bra<\/p><p>Bendrov\u0117 kas m\u0117nes\u012f arba pagal poreik\u012f teikia atnaujinimus ir technin\u0119 prie\u017ei\u016br\u0105.<\/p><p>8. Parama<\/p><p>Bendrov\u0117 ne\u012fsipareigoja palaikyti Programos, toliau teikti ar atnaujinti Program\u0105.<\/p>\t\t\t\t\t\t\t\t<\/div>\n\t\t\t\t<\/div>\n\t\t\t\t\t<\/div>\n\t\t<\/div>\n\t\t\t\t\t<\/div>\n\t\t<\/section>\n\t\t\t\t<section class=\"elementor-section elementor-top-section elementor-element elementor-element-9c25977 elementor-section-boxed elementor-section-height-default elementor-section-height-default\" data-id=\"9c25977\" data-element_type=\"section\" data-e-type=\"section\">\n\t\t\t\t\t\t<div class=\"elementor-container elementor-column-gap-default\">\n\t\t\t\t\t<div class=\"elementor-column elementor-col-100 elementor-top-column elementor-element elementor-element-78579f7\" data-id=\"78579f7\" data-element_type=\"column\" data-e-type=\"column\">\n\t\t\t<div class=\"elementor-widget-wrap elementor-element-populated\">\n\t\t\t\t\t\t\t<\/div>\n\t\t<\/div>\n\t\t\t\t\t<\/div>\n\t\t<\/section>\n\t\t\t\t<section class=\"elementor-section elementor-top-section elementor-element elementor-element-7c08680 elementor-section-boxed elementor-section-height-default elementor-section-height-default\" data-id=\"7c08680\" data-element_type=\"section\" data-e-type=\"section\">\n\t\t\t\t\t\t<div class=\"elementor-container elementor-column-gap-default\">\n\t\t\t\t\t<div class=\"elementor-column elementor-col-100 elementor-top-column elementor-element elementor-element-3f66f56\" data-id=\"3f66f56\" data-element_type=\"column\" data-e-type=\"column\">\n\t\t\t<div class=\"elementor-widget-wrap elementor-element-populated\">\n\t\t\t\t\t\t\t<\/div>\n\t\t<\/div>\n\t\t\t\t\t<\/div>\n\t\t<\/section>\n\t\t\t\t<section class=\"elementor-section elementor-top-section elementor-element elementor-element-4c9b4b6 elementor-section-boxed elementor-section-height-default elementor-section-height-default\" data-id=\"4c9b4b6\" data-element_type=\"section\" data-e-type=\"section\">\n\t\t\t\t\t\t<div class=\"elementor-container elementor-column-gap-default\">\n\t\t\t\t\t<div class=\"elementor-column elementor-col-100 elementor-top-column elementor-element elementor-element-c81ef60\" data-id=\"c81ef60\" data-element_type=\"column\" data-e-type=\"column\">\n\t\t\t<div class=\"elementor-widget-wrap elementor-element-populated\">\n\t\t\t\t\t\t\t<\/div>\n\t\t<\/div>\n\t\t\t\t\t<\/div>\n\t\t<\/section>\n\t\t\t\t<section class=\"elementor-section elementor-top-section elementor-element elementor-element-2ebd9c4d elementor-section-boxed elementor-section-height-default elementor-section-height-default\" data-id=\"2ebd9c4d\" data-element_type=\"section\" data-e-type=\"section\">\n\t\t\t\t\t\t<div class=\"elementor-container elementor-column-gap-default\">\n\t\t\t\t\t<div class=\"elementor-column elementor-col-100 elementor-top-column elementor-element elementor-element-69214580\" data-id=\"69214580\" data-element_type=\"column\" data-e-type=\"column\">\n\t\t\t<div class=\"elementor-widget-wrap elementor-element-populated\">\n\t\t\t\t\t\t\t<\/div>\n\t\t<\/div>\n\t\t\t\t\t<\/div>\n\t\t<\/section>\n\t\t\t\t<section class=\"elementor-section elementor-top-section elementor-element elementor-element-92a4938 elementor-section-boxed elementor-section-height-default elementor-section-height-default\" data-id=\"92a4938\" data-element_type=\"section\" data-e-type=\"section\">\n\t\t\t\t\t\t<div class=\"elementor-container elementor-column-gap-default\">\n\t\t\t\t\t<div class=\"elementor-column elementor-col-100 elementor-top-column elementor-element elementor-element-cd0058d\" data-id=\"cd0058d\" data-element_type=\"column\" data-e-type=\"column\">\n\t\t\t<div class=\"elementor-widget-wrap elementor-element-populated\">\n\t\t\t\t\t\t<div class=\"elementor-element elementor-element-d36a1ae elementor-widget elementor-widget-spacer\" data-id=\"d36a1ae\" data-element_type=\"widget\" data-e-type=\"widget\" data-widget_type=\"spacer.default\">\n\t\t\t\t<div class=\"elementor-widget-container\">\n\t\t\t\t\t\t\t<div class=\"elementor-spacer\">\n\t\t\t<div class=\"elementor-spacer-inner\"><\/div>\n\t\t<\/div>\n\t\t\t\t\t\t<\/div>\n\t\t\t\t<\/div>\n\t\t\t\t\t<\/div>\n\t\t<\/div>\n\t\t\t\t\t<\/div>\n\t\t<\/section>\n\t\t\t\t<\/div>","protected":false},"excerpt":{"rendered":"<p>ContourTraceCopyright (c) 2022 m. KUHN SOLUTIONS, Daniel Kuhn *** VARTOTOJO LICENCIJOS SUTARTIS *** SVARBU: PRA\u0160OME SKUBIAI perskaityti \u0161i\u0105 licencij\u0105 prie\u0161 pradedant naudoti \u0161i\u0105 programin\u0119 \u012frang\u0105. Interpretacija----- \u017dod\u017eiai, kuri\u0173 pradin\u0117 raid\u0117 ra\u0161oma did\u017ei\u0105ja raide, turi reik\u0161mes, apibr\u0117\u017etas toliau nurodytomis s\u0105lygomis. Tai rei\u0161kia, kad ... <a href=\"https:\/\/contourtrace.com\/lt\/license-agreement-and-disclaimer-contourtrace-software\/\">Skaityti daugiau<\/a><\/p>","protected":false},"author":1,"featured_media":0,"parent":0,"menu_order":7,"comment_status":"closed","ping_status":"closed","template":"elementor_theme","meta":{"footnotes":""},"class_list":["post-2890","page","type-page","status-publish","hentry"],"_links":{"self":[{"href":"https:\/\/contourtrace.com\/lt\/wp-json\/wp\/v2\/pages\/2890","targetHints":{"allow":["GET"]}}],"collection":[{"href":"https:\/\/contourtrace.com\/lt\/wp-json\/wp\/v2\/pages"}],"about":[{"href":"https:\/\/contourtrace.com\/lt\/wp-json\/wp\/v2\/types\/page"}],"author":[{"embeddable":true,"href":"https:\/\/contourtrace.com\/lt\/wp-json\/wp\/v2\/users\/1"}],"replies":[{"embeddable":true,"href":"https:\/\/contourtrace.com\/lt\/wp-json\/wp\/v2\/comments?post=2890"}],"version-history":[{"count":0,"href":"https:\/\/contourtrace.com\/lt\/wp-json\/wp\/v2\/pages\/2890\/revisions"}],"wp:attachment":[{"href":"https:\/\/contourtrace.com\/lt\/wp-json\/wp\/v2\/media?parent=2890"}],"curies":[{"name":"wp","href":"https:\/\/api.w.org\/{rel}","templated":true}]}}