{"id":3641,"date":"2023-07-14T11:08:01","date_gmt":"2023-07-14T11:08:01","guid":{"rendered":"https:\/\/contourtrace.com\/?page_id=3641"},"modified":"2025-05-15T09:46:48","modified_gmt":"2025-05-15T09:46:48","slug":"sample-page","status":"publish","type":"page","link":"https:\/\/contourtrace.com\/lt\/sample-page\/","title":{"rendered":"Pavyzdinis puslapis"},"content":{"rendered":"<div data-elementor-type=\"wp-page\" data-elementor-id=\"3641\" class=\"elementor elementor-3641\" data-elementor-post-type=\"page\">\n\t\t\t\t\t\t<section class=\"elementor-section elementor-top-section elementor-element elementor-element-374d2d06 elementor-section-boxed elementor-section-height-default elementor-section-height-default\" data-id=\"374d2d06\" data-element_type=\"section\" data-e-type=\"section\">\n\t\t\t\t\t\t<div class=\"elementor-container elementor-column-gap-default\">\n\t\t\t\t\t<div class=\"elementor-column elementor-col-100 elementor-top-column elementor-element elementor-element-21131b81\" data-id=\"21131b81\" data-element_type=\"column\" data-e-type=\"column\">\n\t\t\t<div class=\"elementor-widget-wrap elementor-element-populated\">\n\t\t\t\t\t\t<div class=\"elementor-element elementor-element-5237f6a elementor-widget elementor-widget-html\" data-id=\"5237f6a\" data-element_type=\"widget\" data-e-type=\"widget\" data-widget_type=\"html.default\">\n\t\t\t\t<div class=\"elementor-widget-container\">\n\t\t\t\t\t<script async src=\"https:\/\/js.stripe.com\/v3\/pricing-table.js\"><\/script>\r\n<stripe-pricing-table pricing-table-id=\"prctbl_1RJtX3P9mLIYGmqFVX3bzAby\"\r\npublishable-key=\"pk_test_51RJUByP9mLIYGmqFkCVBpyJL19YbSQxBB2i9aPIHbj142vnV36MBkMsyGDg04S602ERw0mMSxn4XtgJxxwK6Nslw00QI0hHdBe\">\r\n<\/stripe-pricing-table>\t\t\t\t<\/div>\n\t\t\t\t<\/div>\n\t\t\t\t<div class=\"elementor-element elementor-element-16ca9de elementor-widget elementor-widget-text-editor\" data-id=\"16ca9de\" data-element_type=\"widget\" data-e-type=\"widget\" data-widget_type=\"text-editor.default\">\n\t\t\t\t<div class=\"elementor-widget-container\">\n\t\t\t\t\t\t\t\t\t\n<p>Tai puslapio pavyzdys. Jis skiriasi nuo tinklara\u0161\u010dio \u012fra\u0161o tuo, kad bus vienoje vietoje ir bus rodomas svetain\u0117s navigacijoje (daugumoje tem\u0173). Dauguma \u017emoni\u0173 pradeda nuo puslapio \"Apie\", kuriame jie pristatomi potencialiems svetain\u0117s lankytojams. Jame gali b\u016bti para\u0161yta ma\u017edaug taip:<\/p>\n\n\n\n<blockquote class=\"wp-block-quote is-layout-flow wp-block-quote-is-layout-flow\"><p>Sveiki! Dien\u0105 dirbu dvira\u010di\u0173 kurjeriu, nakt\u012f esu pradedantis aktorius, o \u0161i svetain\u0117 yra mano svetain\u0117. Gyvenu Los And\u017eele, turiu puik\u0173 \u0161un\u012f, vardu D\u017eekas, ir m\u0117gstu pi\u00f1a coladas. (Ir pask\u0119sti lietuje.)<\/p><\/blockquote>\n\n\n\n<p>...arba pana\u0161iai:<\/p>\n\n\n\n<blockquote class=\"wp-block-quote is-layout-flow wp-block-quote-is-layout-flow\"><p>Bendrov\u0117 \"XYZ Doohickey Company\" buvo \u012fkurta 1971 m. ir nuo to laiko visuomenei tiekia kokybi\u0161kus \u017eaisliukus. Gothamo mieste \u012fsik\u016brusioje \"XYZ\" \u012fmon\u0117je dirba daugiau kaip 2 000 \u017emoni\u0173 ir ji daro daugyb\u0119 nuostabi\u0173 dalyk\u0173 Gothamo bendruomenei.<\/p><\/blockquote>\n\n\n\n<p>Kaip naujas \"WordPress\" naudotojas, tur\u0117tum\u0117te eiti \u012f <a href=\"https:\/\/contourtrace.com\/wp-admin\/\">j\u016bs\u0173 prietais\u0173 skydelis<\/a> i\u0161trinti \u0161\u012f puslap\u012f ir sukurti naujus puslapius savo turiniui. Smagiai praleiskite laik\u0105!<\/p>\n\t\t\t\t\t\t\t\t<\/div>\n\t\t\t\t<\/div>\n\t\t\t\t\t<\/div>\n\t\t<\/div>\n\t\t\t\t\t<\/div>\n\t\t<\/section>\n\t\t\t\t<\/div>","protected":false},"excerpt":{"rendered":"<p>Tai puslapio pavyzdys. Jis skiriasi nuo tinklara\u0161\u010dio \u012fra\u0161o tuo, kad bus vienoje vietoje ir bus rodomas svetain\u0117s navigacijoje (daugumoje tem\u0173). Dauguma \u017emoni\u0173 pradeda nuo puslapio \"Apie\", kuriame supa\u017eindinama su ... <a href=\"https:\/\/contourtrace.com\/lt\/sample-page\/\">Skaityti daugiau<\/a><\/p>","protected":false},"author":10,"featured_media":0,"parent":0,"menu_order":9,"comment_status":"closed","ping_status":"open","template":"","meta":{"footnotes":""},"class_list":["post-3641","page","type-page","status-publish","hentry"],"_links":{"self":[{"href":"https:\/\/contourtrace.com\/lt\/wp-json\/wp\/v2\/pages\/3641","targetHints":{"allow":["GET"]}}],"collection":[{"href":"https:\/\/contourtrace.com\/lt\/wp-json\/wp\/v2\/pages"}],"about":[{"href":"https:\/\/contourtrace.com\/lt\/wp-json\/wp\/v2\/types\/page"}],"author":[{"embeddable":true,"href":"https:\/\/contourtrace.com\/lt\/wp-json\/wp\/v2\/users\/10"}],"replies":[{"embeddable":true,"href":"https:\/\/contourtrace.com\/lt\/wp-json\/wp\/v2\/comments?post=3641"}],"version-history":[{"count":0,"href":"https:\/\/contourtrace.com\/lt\/wp-json\/wp\/v2\/pages\/3641\/revisions"}],"wp:attachment":[{"href":"https:\/\/contourtrace.com\/lt\/wp-json\/wp\/v2\/media?parent=3641"}],"curies":[{"name":"wp","href":"https:\/\/api.w.org\/{rel}","templated":true}]}}