{"id":879,"date":"2021-05-14T14:02:08","date_gmt":"2021-05-14T14:02:08","guid":{"rendered":"https:\/\/contourtrace.com\/?page_id=879"},"modified":"2023-07-14T11:07:03","modified_gmt":"2023-07-14T11:07:03","slug":"liability","status":"publish","type":"page","link":"https:\/\/contourtrace.com\/lt\/liability\/","title":{"rendered":"Atsakomyb\u0117"},"content":{"rendered":"<div data-elementor-type=\"wp-page\" data-elementor-id=\"879\" class=\"elementor elementor-879\" data-elementor-post-type=\"page\">\n\t\t\t\t\t\t<section class=\"elementor-section elementor-top-section elementor-element elementor-element-2ebd9c4d elementor-section-boxed elementor-section-height-default elementor-section-height-default\" data-id=\"2ebd9c4d\" data-element_type=\"section\" data-e-type=\"section\">\n\t\t\t\t\t\t<div class=\"elementor-container elementor-column-gap-default\">\n\t\t\t\t\t<div class=\"elementor-column elementor-col-100 elementor-top-column elementor-element elementor-element-69214580\" data-id=\"69214580\" data-element_type=\"column\" data-e-type=\"column\">\n\t\t\t<div class=\"elementor-widget-wrap elementor-element-populated\">\n\t\t\t\t\t\t<div class=\"elementor-element elementor-element-4d953a3a elementor-widget elementor-widget-text-editor\" data-id=\"4d953a3a\" data-element_type=\"widget\" data-e-type=\"widget\" data-widget_type=\"text-editor.default\">\n\t\t\t\t<div class=\"elementor-widget-container\">\n\t\t\t\t\t\t\t\t\t<p><\/p>\n<h4 class=\"wp-block-heading\">Atsakomyb\u0117 u\u017e turin\u012f<br><\/h4>\n<p>M\u016bs\u0173 puslapi\u0173 turinys buvo kuriamas itin kruop\u0161\u010diai. Ta\u010diau u\u017e turinio teisingum\u0105, i\u0161samum\u0105 ir aktualum\u0105 negalime garantuoti. Kaip paslaug\u0173 teik\u0117jas, pagal TMG 7 Abs.1 straipsn\u012f esame atsakingi u\u017e savo turin\u012f \u0161iuose puslapiuose pagal bendruosius \u012fstatymus. Pagal TMG 8-10 paragrafus mes, kaip paslaug\u0173 teik\u0117jas, neprivalome steb\u0117ti perduodamos ar saugomos tre\u010di\u0173j\u0173 \u0161ali\u0173 informacijos arba tirti aplinkybi\u0173, kurios rodo neteis\u0117t\u0105 veikl\u0105. Tai neturi \u012ftakos prievol\u0117ms pa\u0161alinti arba blokuoti informacijos naudojim\u0105 pagal bendruosius \u012fstatymus. Ta\u010diau atsakomyb\u0117 \u0161iuo at\u017evilgiu galima tik nuo to momento, kai su\u017einoma apie konkret\u0173 \u012fstatymo pa\u017eeidim\u0105. Kai tik su\u017einosime apie tokius pa\u017eeidimus, nedelsdami pa\u0161alinsime tok\u012f turin\u012f.<\/p>\n<p><span style=\"font-size: 25px;\">Atsakomyb\u0117 u\u017e nuorodas<\/span><br><\/p>\n<p>M\u016bs\u0173 pasi\u016blyme yra nuorod\u0173 \u012f i\u0161orines tre\u010di\u0173j\u0173 \u0161ali\u0173 svetaines, kuri\u0173 turiniui neturime jokios \u012ftakos. Tod\u0117l mes negalime prisiimti jokios atsakomyb\u0117s u\u017e \u0161i\u0173 i\u0161orini\u0173 svetaini\u0173 turin\u012f. U\u017e puslapi\u0173, \u012f kuriuos pateikiamos nuorodos, turin\u012f visuomet atsako atitinkamas puslapi\u0173 teik\u0117jas arba valdytojas. Nuorod\u0173 pateikimo metu buvo patikrinta, ar nuorod\u0173 puslapiuose n\u0117ra galim\u0173 teisini\u0173 pa\u017eeidim\u0173. Neteis\u0117tas turinys nebuvo atpa\u017e\u012fstamas nuorod\u0173 darymo metu. Nuolatin\u0117 susiet\u0173 puslapi\u0173 turinio kontrol\u0117 yra nepagr\u012fsta, jei n\u0117ra konkre\u010di\u0173 pa\u017eeidimo \u012frodym\u0173. Kai tik su\u017einosime apie teisinius pa\u017eeidimus, nedelsdami pa\u0161alinsime tokias nuorodas.<\/p>\n<p><span style=\"font-size: 25px;\">Autorin\u0117s teis\u0117s<\/span><br><\/p>\n<p>Svetain\u0117s valdytoj\u0173 sukurtam \u0161i\u0173 puslapi\u0173 turiniui ir k\u016briniams taikomi Vokietijos autori\u0173 teisi\u0173 \u012fstatymai. Tre\u010di\u0173j\u0173 \u0161ali\u0173 k\u016briniai yra pa\u017eym\u0117ti kaip tokie. Kopijavimui, apdorojimui, platinimui ir bet kokiam naudojimui u\u017e autori\u0173 teisi\u0173 \u012fstatymo rib\u0173 reikalingas ra\u0161ti\u0161kas atitinkamo autoriaus ar k\u016br\u0117jo sutikimas. \u0160iuos puslapius leid\u017eiama atsisi\u0173sti ir kopijuoti tik asmeniniam, nekomerciniam naudojimui. \u0160i\u0173 puslapi\u0173 valdytojai visada stengiasi gerbti kit\u0173 asmen\u0173 autori\u0173 teises arba naudoti j\u0173 pa\u010di\u0173 arba nelicencijuotus k\u016brinius.<\/p>\n<p>\u0160altinis: Atsakomyb\u0117s apribojimas i\u0161<span style=\"color: inherit; font-family: inherit; font-size: inherit; font-style: inherit; font-weight: inherit;\">&nbsp;<\/span><a href=\"https:\/\/www.e-recht24.de\/\" target=\"_blank\" rel=\"noopener\" style=\"font-family: inherit; font-size: inherit; font-style: inherit; font-weight: inherit; background-color: rgb(255, 255, 255);\">eRecht24.de<\/a>. RA S\u00f6ren Siebert teisin\u0117s konsultacijos.<br><\/p>\n<p><\/p>\t\t\t\t\t\t\t\t<\/div>\n\t\t\t\t<\/div>\n\t\t\t\t\t<\/div>\n\t\t<\/div>\n\t\t\t\t\t<\/div>\n\t\t<\/section>\n\t\t\t\t<\/div>","protected":false},"excerpt":{"rendered":"<p>Atsakomyb\u0117 u\u017e turin\u012f M\u016bs\u0173 puslapi\u0173 turinys buvo kuriamas itin kruop\u0161\u010diai. Ta\u010diau u\u017e turinio teisingum\u0105, i\u0161samum\u0105 ir aktualum\u0105 mes negalime garantuoti. Kaip paslaug\u0173 teik\u0117jas esame atsakingi pagal ... <a href=\"https:\/\/contourtrace.com\/lt\/liability\/\">Skaityti daugiau<\/a><\/p>","protected":false},"author":1,"featured_media":0,"parent":0,"menu_order":6,"comment_status":"closed","ping_status":"open","template":"elementor_theme","meta":{"footnotes":""},"class_list":["post-879","page","type-page","status-publish","hentry"],"_links":{"self":[{"href":"https:\/\/contourtrace.com\/lt\/wp-json\/wp\/v2\/pages\/879","targetHints":{"allow":["GET"]}}],"collection":[{"href":"https:\/\/contourtrace.com\/lt\/wp-json\/wp\/v2\/pages"}],"about":[{"href":"https:\/\/contourtrace.com\/lt\/wp-json\/wp\/v2\/types\/page"}],"author":[{"embeddable":true,"href":"https:\/\/contourtrace.com\/lt\/wp-json\/wp\/v2\/users\/1"}],"replies":[{"embeddable":true,"href":"https:\/\/contourtrace.com\/lt\/wp-json\/wp\/v2\/comments?post=879"}],"version-history":[{"count":0,"href":"https:\/\/contourtrace.com\/lt\/wp-json\/wp\/v2\/pages\/879\/revisions"}],"wp:attachment":[{"href":"https:\/\/contourtrace.com\/lt\/wp-json\/wp\/v2\/media?parent=879"}],"curies":[{"name":"wp","href":"https:\/\/api.w.org\/{rel}","templated":true}]}}