{"id":2,"date":"2021-01-04T12:23:40","date_gmt":"2021-01-04T12:23:40","guid":{"rendered":"https:\/\/contourtrace.com\/?page_id=2"},"modified":"2023-07-17T11:30:16","modified_gmt":"2023-07-17T11:30:16","slug":"sample-page-4","status":"publish","type":"page","link":"https:\/\/contourtrace.com\/lv\/sample-page-4\/","title":{"rendered":"Darba s\u0101k\u0161ana"},"content":{"rendered":"<div data-elementor-type=\"wp-page\" data-elementor-id=\"2\" class=\"elementor elementor-2\" data-elementor-post-type=\"page\">\n\t\t\t\t\t\t<section class=\"elementor-section elementor-top-section elementor-element elementor-element-7654acd3 elementor-section-boxed elementor-section-height-default elementor-section-height-default\" data-id=\"7654acd3\" data-element_type=\"section\" data-e-type=\"section\">\n\t\t\t\t\t\t<div class=\"elementor-container elementor-column-gap-default\">\n\t\t\t\t\t<div class=\"elementor-column elementor-col-100 elementor-top-column elementor-element elementor-element-13dac57b\" data-id=\"13dac57b\" data-element_type=\"column\" data-e-type=\"column\">\n\t\t\t<div class=\"elementor-widget-wrap elementor-element-populated\">\n\t\t\t\t\t\t<div class=\"elementor-element elementor-element-26a45f7b elementor-widget elementor-widget-text-editor\" data-id=\"26a45f7b\" data-element_type=\"widget\" data-e-type=\"widget\" data-widget_type=\"text-editor.default\">\n\t\t\t\t<div class=\"elementor-widget-container\">\n\t\t\t\t\t\t\t\t\t<p style=\"line-height: 24px; font-size: 16px; margin-bottom: 24px; color: #404040; font-family: Lato, proxima-nova, 'Helvetica Neue', Arial, sans-serif; font-style: normal; font-weight: 400; background-color: #fcfcfc;\">ContourTrace \u013cauj \u0101tri un viegli konvert\u0113t rastra att\u0113lus, piem\u0113ram, BMP un JPEG, uz vektoratt\u0113liem, piem\u0113ram, DXF un SVG form\u0101t\u0101. Lietojumprogrammas uzman\u012bbas centr\u0101 ir objektu kont\u016bru ieg\u016b\u0161ana, ko var izmantot m\u0113r\u012bjumiem, p\u0101rbaudei, projekt\u0113\u0161anai un ra\u017eo\u0161anai.<\/p>\n<p style=\"line-height: 24px; font-size: 16px; margin-bottom: 24px; color: #404040; font-family: Lato, proxima-nova, 'Helvetica Neue', Arial, sans-serif; font-style: normal; font-weight: 400; background-color: #fcfcfc;\">Lai s\u0101ktu lietot ContourTrace, skatieties \u0161o\u00a0<a class=\"reference external\" style=\"color: #2980b9; cursor: pointer;\" href=\"https:\/\/youtube.com\/playlist?list=PLhrzaJAvQwVP1FQ9juZ6dNv5eAGT7km5L\">YouTube atska\u0146o\u0161anas saraksts<\/a>:<\/p>\t\t\t\t\t\t\t\t<\/div>\n\t\t\t\t<\/div>\n\t\t\t\t<div class=\"elementor-element elementor-element-78b68af elementor-widget elementor-widget-video\" data-id=\"78b68af\" data-element_type=\"widget\" data-e-type=\"widget\" data-settings=\"{&quot;youtube_url&quot;:&quot;https:\\\/\\\/www.youtube.com\\\/watch?v=58vYqUasPhc&amp;list=PLhrzaJAvQwVP1FQ9juZ6dNv5eAGT7km5L&quot;,&quot;video_type&quot;:&quot;youtube&quot;,&quot;controls&quot;:&quot;yes&quot;}\" data-widget_type=\"video.default\">\n\t\t\t\t<div class=\"elementor-widget-container\">\n\t\t\t\t\t\t\t<div class=\"elementor-wrapper elementor-open-inline\">\n\t\t\t<div class=\"elementor-video\"><\/div>\t\t<\/div>\n\t\t\t\t\t\t<\/div>\n\t\t\t\t<\/div>\n\t\t\t\t\t<\/div>\n\t\t<\/div>\n\t\t\t\t\t<\/div>\n\t\t<\/section>\n\t\t\t\t<\/div>","protected":false},"excerpt":{"rendered":"<p>ContourTrace \u013cauj \u0101tri un viegli konvert\u0113t rastra att\u0113lus, piem\u0113ram, BMP un JPEG, uz vektoratt\u0113liem, piem\u0113ram, DXF un SVG form\u0101t\u0101. Lietojumprogrammas uzman\u012bbas centr\u0101 ir objektu kont\u016bru ieg\u016b\u0161ana, ko var izmantot m\u0113r\u012bjumiem, p\u0101rbaud\u0113m, ... <a href=\"https:\/\/contourtrace.com\/lv\/sample-page-4\/\">Las\u012bt vair\u0101k<\/a><\/p>","protected":false},"author":10,"featured_media":0,"parent":0,"menu_order":21,"comment_status":"closed","ping_status":"open","template":"","meta":{"footnotes":""},"class_list":["post-2","page","type-page","status-publish","hentry"],"_links":{"self":[{"href":"https:\/\/contourtrace.com\/lv\/wp-json\/wp\/v2\/pages\/2","targetHints":{"allow":["GET"]}}],"collection":[{"href":"https:\/\/contourtrace.com\/lv\/wp-json\/wp\/v2\/pages"}],"about":[{"href":"https:\/\/contourtrace.com\/lv\/wp-json\/wp\/v2\/types\/page"}],"author":[{"embeddable":true,"href":"https:\/\/contourtrace.com\/lv\/wp-json\/wp\/v2\/users\/10"}],"replies":[{"embeddable":true,"href":"https:\/\/contourtrace.com\/lv\/wp-json\/wp\/v2\/comments?post=2"}],"version-history":[{"count":0,"href":"https:\/\/contourtrace.com\/lv\/wp-json\/wp\/v2\/pages\/2\/revisions"}],"wp:attachment":[{"href":"https:\/\/contourtrace.com\/lv\/wp-json\/wp\/v2\/media?parent=2"}],"curies":[{"name":"wp","href":"https:\/\/api.w.org\/{rel}","templated":true}]}}