{"id":2890,"date":"2022-09-16T06:44:14","date_gmt":"2022-09-16T06:44:14","guid":{"rendered":"https:\/\/contourtrace.com\/?page_id=2890"},"modified":"2023-07-14T11:07:03","modified_gmt":"2023-07-14T11:07:03","slug":"license-agreement-and-disclaimer-contourtrace-software","status":"publish","type":"page","link":"https:\/\/contourtrace.com\/lv\/license-agreement-and-disclaimer-contourtrace-software\/","title":{"rendered":"Licences l\u012bgums un atruna"},"content":{"rendered":"<div data-elementor-type=\"wp-page\" data-elementor-id=\"2890\" class=\"elementor elementor-2890\" data-elementor-post-type=\"page\">\n\t\t\t\t\t\t<section class=\"elementor-section elementor-top-section elementor-element elementor-element-17dd552 elementor-section-boxed elementor-section-height-default elementor-section-height-default\" data-id=\"17dd552\" data-element_type=\"section\" data-e-type=\"section\">\n\t\t\t\t\t\t<div class=\"elementor-container elementor-column-gap-default\">\n\t\t\t\t\t<div class=\"elementor-column elementor-col-100 elementor-top-column elementor-element elementor-element-e2f4ebd\" data-id=\"e2f4ebd\" data-element_type=\"column\" data-e-type=\"column\">\n\t\t\t<div class=\"elementor-widget-wrap elementor-element-populated\">\n\t\t\t\t\t\t<div class=\"elementor-element elementor-element-7ace5b5 elementor-widget elementor-widget-text-editor\" data-id=\"7ace5b5\" data-element_type=\"widget\" data-e-type=\"widget\" data-widget_type=\"text-editor.default\">\n\t\t\t\t<div class=\"elementor-widget-container\">\n\t\t\t\t\t\t\t\t\t<p>ContourTrace<br \/>Autorties\u012bbas (c) 2022 KUHN SOLUTIONS, Daniel Kuhn<\/p><p>*** GALALIETOT\u0100JA LICENCES L\u012aGUMS ***<\/p><p>SVAR\u012aGI: PIRMS \u0160\u012aS PROGRAMMAT\u016aRAS LIETO\u0160ANAS UZMAN\u012aGI IZLASIET \u0160O LICENCI.<\/p><p>Tulko\u0161ana<br \/>\u2014\u2014\u2014\u2014\u2013<\/p><p>V\u0101rdiem, kuru s\u0101kuma burts ir rakst\u012bts ar lielo s\u0101kumburtu, ir defin\u0113tas noz\u012bmes.<br \/>ar \u0161\u0101diem nosac\u012bjumiem. \u0160\u0101d\u0101m defin\u012bcij\u0101m ir t\u0101da pati noz\u012bme<br \/>noz\u012bme neatkar\u012bgi no t\u0101, vai tie ir vienskaitl\u012b vai daudzskaitl\u012b.<\/p><p>Defin\u012bcijas<br \/>\u2014\u2014\u2014\u2013<\/p><p>\u0160aj\u0101 Galalietot\u0101ja licences l\u012bgum\u0101:<\/p><p>* L\u012bgums ir \u0161is galalietot\u0101ja licences l\u012bgums, kas veido visu<br \/>l\u012bgums starp Jums un Sabiedr\u012bbu par to, k\u0101 izmantot<br \/>Pieteikums.<\/p><p>* Lietojumprogramma (\u0161aj\u0101 dokument\u0101 saukta par \"programmat\u016bru\" vai \"PROGRAMMAT\u016aRU\").<br \/>L\u012bgums) ir Sabiedr\u012bbas nodro\u0161in\u0101ta programmat\u016bras programma, kas lejupiel\u0101d\u0113ta<br \/>J\u016bs uz ier\u012bci ar nosaukumu ContourTrace<\/p><p>* Sabiedr\u012bba (\u0161aj\u0101 dokument\u0101 saukta par \"Sabiedr\u012bbu\", \"M\u0113s\", \"M\u0113s\" vai \"M\u016bsu\").<br \/>L\u012bgums) attiecas uz KUHN SOLUTIONS, Daniel Kuhn, Raitenaugasse 6, 78462 Konstance.<\/p><p>* Saturs attiecas uz saturu, piem\u0113ram, tekstu, att\u0113liem vai citu inform\u0101ciju.<br \/>J\u016bs varat public\u0113t, aug\u0161upiel\u0101d\u0113t, pievienot saites vai cit\u0101di padar\u012bt pieejamus,<br \/>neatkar\u012bgi no satura formas.<\/p><p>* Valsts attiecas uz: V\u0101cija<\/p><p>* Ier\u012bce ir jebkura ier\u012bce, kas var piek\u013c\u016bt Lietojumprogrammai, piem\u0113ram.<br \/>datoru, mobilo t\u0101lruni vai digit\u0101lo plan\u0161etdatoru.<\/p><p>* Tre\u0161o personu pakalpojumi ir jebkuri pakalpojumi vai saturs (tostarp dati,<br \/>inform\u0101cija, lietojumprogrammas un citi produktu pakalpojumi), ko sniedz<br \/>tre\u0161\u0101s personas, ko var par\u0101d\u012bt, iek\u013caut vai dar\u012bt pieejamu ar<br \/>Pieteikums.<\/p><p>* J\u016bs esat persona, kas piek\u013c\u016bst vai izmanto Pieteikumu vai<br \/>uz\u0146\u0113mums vai cita juridiska persona, kuras v\u0101rd\u0101 \u0161\u012b persona ir<br \/>piek\u013c\u016bstot Pieteikumam vai lietojot to, ja piem\u0113rojams.<\/p><p>1. LICENCIJA<\/p><p>Sa\u0146emot, atverot failu paketi un\/vai lietojot ContourTrace (\"Programmat\u016bra\"), kas satur \u0161o programmat\u016bru, j\u016bs piekr\u012btat, ka \u0161is galalietot\u0101ja licences l\u012bgums (EULA) ir juridiski saisto\u0161s un sp\u0113k\u0101 eso\u0161s l\u012bgums, un piekr\u012btat to iev\u0113rot. J\u016bs piekr\u012btat iev\u0113rot intelektu\u0101l\u0101 \u012bpa\u0161uma likumus un visus \u0161\u012b L\u012bguma noteikumus un nosac\u012bjumus.<\/p><p>Ja vien j\u016bs neesat nosl\u0113dzis citu licences l\u012bgumu, ko parakst\u012bjis uz\u0146\u0113mums, ContourTrace lieto\u0161ana nor\u0101da, ka j\u016bs piekr\u012btat \u0161im licences l\u012bgumam un garantijai.<\/p><p>Iev\u0113rojot \u0161\u012b L\u012bguma noteikumus, Sabiedr\u012bba pie\u0161\u0137ir jums ierobe\u017eotu, neekskluz\u012bvu, nenododamu licenci bez ties\u012bb\u0101m pie\u0161\u0137irt apak\u0161licenci, lai izmantotu ContourTrace saska\u0146\u0101 ar \u0161o L\u012bgumu un jebkuru citu rakstisku l\u012bgumu ar Sabiedr\u012bbu. M\u0113s jums nenododam ContourTrace \u012bpa\u0161umties\u012bbas, jums pie\u0161\u0137irt\u0101 licence nav p\u0101rdo\u0161ana. \u0160is L\u012bgums ir saisto\u0161s juridisks l\u012bgums starp Uz\u0146\u0113mumu un ContourTrace pirc\u0113jiem vai lietot\u0101jiem.<\/p><p>Ja nepiekr\u012btat \u0161\u012b L\u012bguma saist\u012bb\u0101m, nekav\u0113joties no\u0146emiet ContourTrace no sava datora un, ja nepiecie\u0161ams, nekav\u0113joties pa pastu atdodiet Mums visas ContourTrace un saist\u012bt\u0101s dokument\u0101cijas un iepakojuma kopijas, kas ir j\u016bsu r\u012bc\u012bb\u0101.<\/p><p>2. DISTRIB\u016aCIJA<\/p><p>ContourTrace un \u0161eit pie\u0161\u0137irto licenci nedr\u012bkst kop\u0113t, kop\u012bgot, izplat\u012bt, t\u0101l\u0101k p\u0101rdot, pied\u0101v\u0101t t\u0101l\u0101kp\u0101rdo\u0161anai, nodot vai sublicenc\u0113t piln\u012bb\u0101 vai da\u013c\u0113ji, iz\u0146emot to, ka j\u016bs varat izveidot vienu kopiju tikai arh\u012bva vajadz\u012bb\u0101m. Lai ieg\u016btu inform\u0101ciju par ContourTrace izplat\u012b\u0161anu, sazinieties ar Mums.<\/p><p>3. L\u012aGUMS AR M\u0112T\u012aT\u0100JU<\/p><p>3.1 Lieto\u0161ana<\/p><p>J\u016bsu licence ContourTrace lieto\u0161anai ir ierobe\u017eota ar j\u016bsu ieg\u0101d\u0101to licen\u010du skaitu. J\u016bs nedr\u012bkstat at\u013caut citiem izmantot, kop\u0113t vai nov\u0113rt\u0113t ContourTrace kopijas.<\/p><p>3.2 Lieto\u0161anas ierobe\u017eojumi<\/p><p>Jums ContourTrace j\u0101izmanto saska\u0146\u0101 ar visiem piem\u0113rojamajiem ties\u012bbu aktiem un nek\u0101dos nelikum\u012bgos nol\u016bkos. Neierobe\u017eojot iepriek\u0161 min\u0113to, ContourTrace izmanto\u0161ana, demonstr\u0113\u0161ana vai izplat\u012b\u0161ana kop\u0101 ar pornogr\u0101fiska, rasistiska, vulg\u0101ra, nepiekl\u0101j\u012bga, apmelojo\u0161a, apmelojo\u0161a, zaimojo\u0161a, aizskaro\u0161a, naidu veicino\u0161a, diskrimin\u0113jo\u0161a vai uz aizspriedumiem balst\u012bta reli\u0123iska, etnisk\u0101 mantojuma, rases, seksu\u0101l\u0101s orient\u0101cijas vai vecuma materi\u0101la ir stingri aizliegta.<\/p><p>Katru licenc\u0113to ContourTrace kopiju var izmantot viens lietot\u0101js vien\u0101 dator\u0101. ContourTrace lieto\u0161ana noz\u012bm\u0113, ka ContourTrace ir iel\u0101d\u0113ts, instal\u0113ts vai palaists dator\u0101 vai l\u012bdz\u012bg\u0101 ier\u012bc\u0113. Ja instal\u0113jat ContourTrace uz vair\u0101ku lietot\u0101ju platformas, servera vai t\u012bkl\u0101, katram atsevi\u0161\u0137am ContourTrace lietot\u0101jam ir j\u0101b\u016bt licenc\u0113tam atsevi\u0161\u0137i.<\/p><p>J\u016bs varat izveidot vienu ContourTrace kopiju dubl\u0113\u0161anas nol\u016bkos, ja tikai viena kopija ir instal\u0113ta vien\u0101 dator\u0101, kuru izmanto viena persona. Citi lietot\u0101ji nedr\u012bkst izmantot j\u016bsu ContourTrace kopiju. ContourTrace kopiju nodo\u0161ana, apak\u0161licenc\u0113\u0161ana, nodo\u0161ana t\u012bkl\u0101, p\u0101rdo\u0161ana vai izplat\u012b\u0161ana ir stingri aizliegta bez iepriek\u0161\u0113jas rakstiskas Sabiedr\u012bbas piekri\u0161anas. ContourTrace lieto\u0161anas ties\u012bbu nodo\u0161ana, p\u0101rdo\u0161ana, koplieto\u0161ana, aizdo\u0161ana, noma, \u012bre, \u012br\u0113\u0161ana, aiz\u0146em\u0161an\u0101s, nodo\u0161ana t\u012bkl\u0101 vai nodo\u0161ana t\u0101l\u0101k ir \u0161\u012b L\u012bguma p\u0101rk\u0101pums. Ja k\u0101da cita persona, kas nav j\u016bs pats, izmanto ContourTrace, kas re\u0123istr\u0113ta uz j\u016bsu v\u0101rda, neatkar\u012bgi no t\u0101, vai tas notiek vienlaic\u012bgi vai da\u017e\u0101dos laikos, tiek p\u0101rk\u0101pts \u0161is L\u012bgums, un j\u016bs esat atbild\u012bgs par \u0161o p\u0101rk\u0101pumu!<\/p><p>3.3 Autorties\u012bbu ierobe\u017eojumi<\/p><p>\u0160\u012b Programmat\u016bra satur ar autorties\u012bb\u0101m aizsarg\u0101tus materi\u0101lus, komercnosl\u0113pumus, algoritmus un citus patent\u0113tus materi\u0101lus. J\u016bs nedr\u012bkstat un nem\u0113\u0123in\u0101t modific\u0113t, p\u0101rveidot, dezintegr\u0113t vai dekompil\u0113t ContourTrace. J\u016bs ar\u012b nedr\u012bkstat rad\u012bt nek\u0101dus atvasin\u0101tus darbus vai citus darbus, kas piln\u012bb\u0101 vai da\u013c\u0113ji balst\u0101s uz ContourTrace vai ir atvasin\u0101ti no ContourTrace.<\/p><p>Uz\u0146\u0113muma nosaukums, logotips un grafiskais fails, kas reprezent\u0113 ContourTrace, nek\u0101d\u0101 veid\u0101 netiek izmantots, lai reklam\u0113tu produktus, kas izstr\u0101d\u0101ti ar ContourTrace. Sabiedr\u012bba saglab\u0101 vien\u012bg\u0101s un ekskluz\u012bv\u0101s \u012bpa\u0161umties\u012bbas uz ContourTrace un vis\u0101m ar to saist\u012btaj\u0101m intelektu\u0101l\u0101 \u012bpa\u0161uma ties\u012bb\u0101m.<\/p><p>Autorties\u012bbu likums un starptautisko autorties\u012bbu l\u012bgumu noteikumi aizsarg\u0101 visas ContourTrace da\u013cas, produktus un pakalpojumus. Lietot\u0101js nedr\u012bkst kop\u0113t vai jebk\u0101d\u0101 veid\u0101 izmantot programmu, kodu, algoritmus, da\u013cas, att\u0113lus, audio paraugus vai tekstu, iz\u0146emot gad\u012bjumus, kad tas paredz\u0113ts vienas lietot\u0101ja programmas ietvaros. Visas ties\u012bbas, kas \u0161eit nav skaidri pie\u0161\u0137irtas, ir rezerv\u0113tas uz\u0146\u0113mumam.<\/p><p>3.4 Atbild\u012bbas ierobe\u017eojumi<\/p><p>J\u016bs atl\u012bdzin\u0101siet, pasarg\u0101siet un aizst\u0101v\u0113siet Sabiedr\u012bbu, t\u0101s darbiniekus, a\u0123entus un izplat\u012bt\u0101jus no jebk\u0101d\u0101m un vis\u0101m pras\u012bb\u0101m, tiesved\u012bb\u0101m, pras\u012bb\u0101m un izmaks\u0101m, kas izriet no Sabiedr\u012bbas programmat\u016bras lieto\u0161anas vai ir jebk\u0101d\u0101 veid\u0101 saist\u012btas ar to.<\/p><p>Nevien\u0101 gad\u012bjum\u0101 (tostarp, bet ne tikai, nolaid\u012bbas gad\u012bjum\u0101) Sabiedr\u012bba, t\u0101s darbinieki, a\u0123enti vai izplat\u012bt\u0101ji nav atbild\u012bgi par jebk\u0101diem izrieto\u0161iem, nejau\u0161iem, netie\u0161iem, netie\u0161iem, \u012bpa\u0161iem vai sod\u0101miem zaud\u0113jumiem (tostarp, bet ne tikai, par zaud\u0113jumiem, kas radu\u0161ies pe\u013c\u0146as, lieto\u0161anas, darb\u012bbas p\u0101rtrauk\u0161anas d\u0113\u013c, inform\u0101cijas vai datu zaud\u0113jumu, vai finansi\u0101lu zaud\u0113jumu), kas saist\u012bti ar \u0161o L\u012bgumu, ContourTrace, ContourTrace izmanto\u0161anu vai nesp\u0113ju izmantot ContourTrace, vai jebkuru citu \u0161aj\u0101 L\u012bgum\u0101 paredz\u0113to jaut\u0101jumu nodro\u0161in\u0101\u0161anu, izpildi vai izmanto\u0161anu, vai radu\u0161ies saist\u012bb\u0101 ar \u0161o L\u012bgumu, ContourTrace, ContourTrace izmanto\u0161anu vai nesp\u0113ju izmantot ContourTrace vai saist\u012bb\u0101 ar to, neatkar\u012bgi no t\u0101, vai to pamat\u0101 ir l\u012bgums, delikts vai jebkura cita teorija, tostarp nolaid\u012bba.<\/p><p>Visa bez iz\u0146\u0113muma Sabiedr\u012bbas atbild\u012bba aprobe\u017eojas ar to, ka klientiem tiek atmaks\u0101ta Programmat\u016bras pirkuma cena (maksimums ir maz\u0101k\u0101 no j\u016bsu samaks\u0101t\u0101s summas un Sabiedr\u012bbas nor\u0101d\u012bt\u0101s ieteicam\u0101s mazumtirdzniec\u012bbas cenas) apmai\u0146\u0101 pret produkta, visu kopiju, re\u0123istr\u0101cijas dokumentu un rokasgr\u0101matu, k\u0101 ar\u012b visu materi\u0101lu, kas veido licences nodo\u0161anu no klienta atpaka\u013c Sabiedr\u012bbai, atdo\u0161anu.<\/p><p>3.5 Garantijas<\/p><p>Iz\u0146emot gad\u012bjumus, kad tas ir skaidri rakstveid\u0101 nor\u0101d\u012bts, Sabiedr\u012bba nesniedz nek\u0101dus apliecin\u0101jumus vai garantijas attiec\u012bb\u0101 uz \u0161o Programmat\u016bru un skaidri izsl\u0113dz jebk\u0101das citas garantijas, izteiktas vai netie\u0161as, mutiskas vai rakstiskas, tostarp, bet ne tikai, jebk\u0101das netie\u0161as garantijas par kvalit\u0101ti vai piem\u0113rot\u012bbu noteiktam m\u0113r\u0137im.<\/p><p>3.6 Piem\u0113rojamie ties\u012bbu akti<\/p><p>\u0160o L\u012bgumu reglament\u0113 V\u0101cijas Federat\u012bv\u0101s Republikas ties\u012bbu akti, kas piem\u0113rojami \u0161aj\u0101 valst\u012b. Ar \u0161o J\u016bs neatsaucami piekr\u012btat un pak\u013caujaties V\u0101cijas Federat\u012bv\u0101s Republikas tiesu neekskluz\u012bvajai jurisdikcijai. Ja k\u0101ds no noteikumiem tiek uzskat\u012bts par nelikum\u012bgu, sp\u0113k\u0101 neeso\u0161u vai cit\u0101di neizpild\u0101mu, tad \u0161is noteikums tiek uzskat\u012bts par atdal\u0101mu no \u0161\u012bs Licences un neietekm\u0113 citu noteikumu sp\u0113k\u0101 esam\u012bbu un izpild\u0101m\u012bbu.<\/p><p>3.7 Izbeig\u0161ana<\/p><p>Ja netiks iev\u0113roti \u0161\u012b L\u012bguma noteikumi un nosac\u012bjumi, \u0161\u012b licence tiks autom\u0101tiski un nekav\u0113joties izbeigta. Ja \u0161\u012b licence tiek izbeigta jebk\u0101da iemesla d\u0113\u013c, j\u016bs piekr\u012btat nekav\u0113joties p\u0101rtraukt ContourTrace lieto\u0161anu un izn\u012bcin\u0101t visas ContourTrace kopijas, kas pieg\u0101d\u0101tas saska\u0146\u0101 ar \u0161o L\u012bgumu. Jums radu\u0161\u0101s finansi\u0101l\u0101s saist\u012bbas paliek sp\u0113k\u0101 ar\u012b p\u0113c \u0161\u012bs licences darb\u012bbas termi\u0146a beig\u0101m vai izbeig\u0161anas.<\/p><p>4. ATTEIK\u0160AN\u0100S NO GARANTIJAS<\/p><p>\u0160\u012a PROGRAMMAT\u016aRA UN PIEVIENOTIE FAILI TIEK P\u0100RDOTI \"T\u0100DI, K\u0100DI TIE IR\", UN BEZ JEBK\u0100D\u0100M GARANTIJ\u0100M ATTIEC\u012aB\u0100 UZ VEIKTSP\u0112JU VAI KOMERCI\u0100LO IZMANTOJAM\u012aBU VAI JEBK\u0100D\u0100M CIT\u0100M IZTEIKT\u0100M VAI NETIE\u0160\u0100M GARANTIJ\u0100M. \u0160is atruna attiecas uz visiem ContourTrace \u0123ener\u0113tajiem un redi\u0123\u0113tajiem failiem.<\/p><p>5. PIEKRI\u0160ANA DATU IZMANTO\u0160ANAI<\/p><p>J\u016bs piekr\u012btat, ka Sabiedr\u012bba var v\u0101kt un izmantot jebk\u0101d\u0101 veid\u0101 sav\u0101kto inform\u0101ciju, kas ir da\u013ca no jums sniegtajiem produktu atbalsta pakalpojumiem, ja t\u0101di tiek sniegti saist\u012bb\u0101 ar ContourTrace. Sabiedr\u012bba var ar\u012b izmantot \u0161o inform\u0101ciju, lai sniegtu jums pazi\u0146ojumus, kas jums var\u0113tu b\u016bt noder\u012bgi vai interesanti.<\/p><p>6. Tre\u0161o pu\u0161u pakalpojumi<\/p><p>Lietojumprogramm\u0101 var tikt r\u0101d\u012bts, ietverts vai dar\u012bts pieejams tre\u0161o personu saturs (tostarp dati, inform\u0101cija, lietojumprogrammas un citi produktu pakalpojumi) vai nodro\u0161in\u0101t saites uz tre\u0161o personu vietn\u0113m vai pakalpojumiem.<\/p><p>J\u016bs atz\u012bstat un piekr\u012btat, ka Sabiedr\u012bba nav atbild\u012bga par Tre\u0161o personu pakalpojumiem, tostarp to precizit\u0101ti, piln\u012bgumu, savlaic\u012bgumu, der\u012bgumu, atbilst\u012bbu autorties\u012bb\u0101m, likum\u012bbu, piekl\u0101j\u012bbu, kvalit\u0101ti vai citiem aspektiem. Sabiedr\u012bba neuz\u0146emas un neuz\u0146emas nek\u0101du atbild\u012bbu vai saist\u012bbas pret Jums vai jebkuru citu personu vai organiz\u0101ciju par Tre\u0161o personu pakalpojumiem.<\/p><p>Lietojot Lietojumprogrammu, jums j\u0101iev\u0113ro piem\u0113rojamie Tre\u0161o personu l\u012bguma noteikumi. Tre\u0161o personu Pakalpojumi un saites uz tiem tiek sniegtas tikai J\u016bsu \u0113rt\u012bbai, un J\u016bs tiem piek\u013c\u016bstat un izmantojat tos tikai uz savu risku un saska\u0146\u0101 ar \u0161o tre\u0161o personu Noteikumiem un nosac\u012bjumiem.<\/p><p>Lietot\u0101ja datu glab\u0101\u0161anai m\u0113s izmantojam Back4App pakalpojumu. Izmantojot ContourTrace, j\u016bs piekr\u012btat, ka m\u0113s izmantojam \u0161o tre\u0161\u0101s puses pakalpojumu. J\u016bs ar\u012b piekr\u012btat Back4App, Inc. pakalpojuma noteikumiem un priv\u0101tuma politikai:<br \/>https:\/\/www.back4app.com\/terms-of-service.pdf<br \/>https:\/\/www.back4app.com\/privacy.pdf<\/p><p>Papildu noteikumus un licences tre\u0161o pu\u0161u pakalpojumiem un programmat\u016brai var atrast lietojumprogrammas instal\u0113\u0161anas ce\u013c\u0101 map\u0113 \"Licences l\u012bgumi\". Saraksts ir sast\u0101d\u012bts saska\u0146\u0101 ar m\u016bsu r\u012bc\u012bb\u0101 eso\u0161aj\u0101m zin\u0101\u0161an\u0101m un p\u0101rliec\u012bbu, ta\u010du tas negarant\u0113, ka tas ir aktu\u0101ls vai piln\u012bgs.<\/p><p>7. Atjaunin\u0101\u0161ana un uztur\u0113\u0161ana<\/p><p>Sabiedr\u012bba nodro\u0161ina atjaunin\u0101jumus un apkopi katru m\u0113nesi vai p\u0113c vajadz\u012bbas.<\/p><p>8. Atbalsts<\/p><p>Sabiedr\u012bbai nav saist\u012bbu attiec\u012bb\u0101 uz Lietojumprogrammas atbalstu vai jebk\u0101du Lietojumprogrammas turpm\u0101ku nodro\u0161in\u0101\u0161anu vai atjaunin\u0101\u0161anu.<\/p>\t\t\t\t\t\t\t\t<\/div>\n\t\t\t\t<\/div>\n\t\t\t\t\t<\/div>\n\t\t<\/div>\n\t\t\t\t\t<\/div>\n\t\t<\/section>\n\t\t\t\t<section class=\"elementor-section elementor-top-section elementor-element elementor-element-9c25977 elementor-section-boxed elementor-section-height-default elementor-section-height-default\" data-id=\"9c25977\" data-element_type=\"section\" data-e-type=\"section\">\n\t\t\t\t\t\t<div class=\"elementor-container elementor-column-gap-default\">\n\t\t\t\t\t<div class=\"elementor-column elementor-col-100 elementor-top-column elementor-element elementor-element-78579f7\" data-id=\"78579f7\" data-element_type=\"column\" data-e-type=\"column\">\n\t\t\t<div class=\"elementor-widget-wrap elementor-element-populated\">\n\t\t\t\t\t\t\t<\/div>\n\t\t<\/div>\n\t\t\t\t\t<\/div>\n\t\t<\/section>\n\t\t\t\t<section class=\"elementor-section elementor-top-section elementor-element elementor-element-7c08680 elementor-section-boxed elementor-section-height-default elementor-section-height-default\" data-id=\"7c08680\" data-element_type=\"section\" data-e-type=\"section\">\n\t\t\t\t\t\t<div class=\"elementor-container elementor-column-gap-default\">\n\t\t\t\t\t<div class=\"elementor-column elementor-col-100 elementor-top-column elementor-element elementor-element-3f66f56\" data-id=\"3f66f56\" data-element_type=\"column\" data-e-type=\"column\">\n\t\t\t<div class=\"elementor-widget-wrap elementor-element-populated\">\n\t\t\t\t\t\t\t<\/div>\n\t\t<\/div>\n\t\t\t\t\t<\/div>\n\t\t<\/section>\n\t\t\t\t<section class=\"elementor-section elementor-top-section elementor-element elementor-element-4c9b4b6 elementor-section-boxed elementor-section-height-default elementor-section-height-default\" data-id=\"4c9b4b6\" data-element_type=\"section\" data-e-type=\"section\">\n\t\t\t\t\t\t<div class=\"elementor-container elementor-column-gap-default\">\n\t\t\t\t\t<div class=\"elementor-column elementor-col-100 elementor-top-column elementor-element elementor-element-c81ef60\" data-id=\"c81ef60\" data-element_type=\"column\" data-e-type=\"column\">\n\t\t\t<div class=\"elementor-widget-wrap elementor-element-populated\">\n\t\t\t\t\t\t\t<\/div>\n\t\t<\/div>\n\t\t\t\t\t<\/div>\n\t\t<\/section>\n\t\t\t\t<section class=\"elementor-section elementor-top-section elementor-element elementor-element-2ebd9c4d elementor-section-boxed elementor-section-height-default elementor-section-height-default\" data-id=\"2ebd9c4d\" data-element_type=\"section\" data-e-type=\"section\">\n\t\t\t\t\t\t<div class=\"elementor-container elementor-column-gap-default\">\n\t\t\t\t\t<div class=\"elementor-column elementor-col-100 elementor-top-column elementor-element elementor-element-69214580\" data-id=\"69214580\" data-element_type=\"column\" data-e-type=\"column\">\n\t\t\t<div class=\"elementor-widget-wrap elementor-element-populated\">\n\t\t\t\t\t\t\t<\/div>\n\t\t<\/div>\n\t\t\t\t\t<\/div>\n\t\t<\/section>\n\t\t\t\t<section class=\"elementor-section elementor-top-section elementor-element elementor-element-92a4938 elementor-section-boxed elementor-section-height-default elementor-section-height-default\" data-id=\"92a4938\" data-element_type=\"section\" data-e-type=\"section\">\n\t\t\t\t\t\t<div class=\"elementor-container elementor-column-gap-default\">\n\t\t\t\t\t<div class=\"elementor-column elementor-col-100 elementor-top-column elementor-element elementor-element-cd0058d\" data-id=\"cd0058d\" data-element_type=\"column\" data-e-type=\"column\">\n\t\t\t<div class=\"elementor-widget-wrap elementor-element-populated\">\n\t\t\t\t\t\t<div class=\"elementor-element elementor-element-d36a1ae elementor-widget elementor-widget-spacer\" data-id=\"d36a1ae\" data-element_type=\"widget\" data-e-type=\"widget\" data-widget_type=\"spacer.default\">\n\t\t\t\t<div class=\"elementor-widget-container\">\n\t\t\t\t\t\t\t<div class=\"elementor-spacer\">\n\t\t\t<div class=\"elementor-spacer-inner\"><\/div>\n\t\t<\/div>\n\t\t\t\t\t\t<\/div>\n\t\t\t\t<\/div>\n\t\t\t\t\t<\/div>\n\t\t<\/div>\n\t\t\t\t\t<\/div>\n\t\t<\/section>\n\t\t\t\t<\/div>","protected":false},"excerpt":{"rendered":"<p>ContourTraceCopyright (c) 2022 KUHN SOLUTIONS, Daniel Kuhn *** LICENCES L\u012aGUMS STARPUSLIETOT\u0100JAM *** Svar\u012bgi: L\u016aDZU UZMAN\u012aBU IZLAS\u012aT VISP\u0100R\u012aGI PRIEK\u0160 IZMANTOJOT \u0160O PROGRAMMAT\u016aRU. Interpret\u0101cija----- V\u0101rdiem, kuru s\u0101kuma burts ir rakst\u012bts ar lielo s\u0101kumburtu, ir noz\u012bmes, kas defin\u0113tas saska\u0146\u0101 ar \u0161\u0101diem nosac\u012bjumiem. ... <a href=\"https:\/\/contourtrace.com\/lv\/license-agreement-and-disclaimer-contourtrace-software\/\">Las\u012bt vair\u0101k<\/a><\/p>","protected":false},"author":1,"featured_media":0,"parent":0,"menu_order":7,"comment_status":"closed","ping_status":"closed","template":"elementor_theme","meta":{"footnotes":""},"class_list":["post-2890","page","type-page","status-publish","hentry"],"_links":{"self":[{"href":"https:\/\/contourtrace.com\/lv\/wp-json\/wp\/v2\/pages\/2890","targetHints":{"allow":["GET"]}}],"collection":[{"href":"https:\/\/contourtrace.com\/lv\/wp-json\/wp\/v2\/pages"}],"about":[{"href":"https:\/\/contourtrace.com\/lv\/wp-json\/wp\/v2\/types\/page"}],"author":[{"embeddable":true,"href":"https:\/\/contourtrace.com\/lv\/wp-json\/wp\/v2\/users\/1"}],"replies":[{"embeddable":true,"href":"https:\/\/contourtrace.com\/lv\/wp-json\/wp\/v2\/comments?post=2890"}],"version-history":[{"count":0,"href":"https:\/\/contourtrace.com\/lv\/wp-json\/wp\/v2\/pages\/2890\/revisions"}],"wp:attachment":[{"href":"https:\/\/contourtrace.com\/lv\/wp-json\/wp\/v2\/media?parent=2890"}],"curies":[{"name":"wp","href":"https:\/\/api.w.org\/{rel}","templated":true}]}}