{"id":3753,"date":"2023-07-14T14:28:38","date_gmt":"2023-07-14T14:28:38","guid":{"rendered":"https:\/\/contourtrace.com\/?page_id=3753"},"modified":"2023-07-17T11:57:43","modified_gmt":"2023-07-17T11:57:43","slug":"sample-page-3","status":"publish","type":"page","link":"https:\/\/contourtrace.com\/pl\/sample-page-3\/","title":{"rendered":"Co nowego"},"content":{"rendered":"<div data-elementor-type=\"wp-page\" data-elementor-id=\"3753\" class=\"elementor elementor-3753\" data-elementor-post-type=\"page\">\n\t\t\t\t\t\t<section class=\"elementor-section elementor-top-section elementor-element elementor-element-30f4ed74 elementor-section-boxed elementor-section-height-default elementor-section-height-default\" data-id=\"30f4ed74\" data-element_type=\"section\" data-e-type=\"section\">\n\t\t\t\t\t\t<div class=\"elementor-container elementor-column-gap-default\">\n\t\t\t\t\t<div class=\"elementor-column elementor-col-100 elementor-top-column elementor-element elementor-element-67d71f70\" data-id=\"67d71f70\" data-element_type=\"column\" data-e-type=\"column\">\n\t\t\t<div class=\"elementor-widget-wrap elementor-element-populated\">\n\t\t\t\t\t\t<div class=\"elementor-element elementor-element-3da3f160 elementor-widget elementor-widget-text-editor\" data-id=\"3da3f160\" data-element_type=\"widget\" data-e-type=\"widget\" data-widget_type=\"text-editor.default\">\n\t\t\t\t<div class=\"elementor-widget-container\">\n\t\t\t\t\t\t\t\t\t<p>Przeczytaj wszystko o g\u0142\u00f3wnych funkcjach dostarczanych z ka\u017cd\u0105 wersj\u0105 ContourTrace wraz ze wskaz\u00f3wkami i sztuczkami dotycz\u0105cymi ich u\u017cywania, korzystaj\u0105c z poni\u017cszych link\u00f3w.<\/p>\t\t\t\t\t\t\t\t<\/div>\n\t\t\t\t<\/div>\n\t\t\t\t<div class=\"elementor-element elementor-element-fdc5e27 elementor-widget elementor-widget-heading\" data-id=\"fdc5e27\" data-element_type=\"widget\" data-e-type=\"widget\" data-widget_type=\"heading.default\">\n\t\t\t\t<div class=\"elementor-widget-container\">\n\t\t\t\t\t<h3 class=\"elementor-heading-title elementor-size-default\"><b>Co nowego w<\/b><\/h3>\t\t\t\t<\/div>\n\t\t\t\t<\/div>\n\t\t\t\t<div class=\"elementor-element elementor-element-f9ba95e elementor-widget elementor-widget-text-editor\" data-id=\"f9ba95e\" data-element_type=\"widget\" data-e-type=\"widget\" data-widget_type=\"text-editor.default\">\n\t\t\t\t<div class=\"elementor-widget-container\">\n\t\t\t\t\t\t\t\t\t<ul style=\"margin-right: 0px; margin-bottom: 24px; margin-left: 0px; padding: 0px; list-style-position: initial; list-style-image: initial; line-height: 24px; color: #404040; font-family: Lato; background-color: #fcfcfc;\">\n<li class=\"toctree-l1\" style=\"list-style: disc; margin-left: 24px;\"><strong><a class=\"reference internal\" style=\"color: #2980b9; cursor: pointer; margin-top: 0px; margin-bottom: 12px;\" href=\"https:\/\/help.contourtrace.com\/whatsNew\/2.2.0.html\">2.2.0<\/a><\/strong><\/li>\n<li class=\"toctree-l1\" style=\"list-style: disc; margin-left: 24px;\"><strong><a class=\"reference internal\" style=\"color: #2980b9; cursor: pointer; margin-top: 0px; margin-bottom: 12px;\" href=\"https:\/\/help.contourtrace.com\/whatsNew\/2.1.0.html\">2.1.0<\/a><\/strong><\/li>\n<\/ul>\t\t\t\t\t\t\t\t<\/div>\n\t\t\t\t<\/div>\n\t\t\t\t<div class=\"elementor-element elementor-element-d0aa75a elementor-widget elementor-widget-heading\" data-id=\"d0aa75a\" data-element_type=\"widget\" data-e-type=\"widget\" data-widget_type=\"heading.default\">\n\t\t\t\t<div class=\"elementor-widget-container\">\n\t\t\t\t\t<h5 class=\"elementor-heading-title elementor-size-default\"><b>Dziennik zmian<\/b><\/h5>\t\t\t\t<\/div>\n\t\t\t\t<\/div>\n\t\t\t\t<div class=\"elementor-element elementor-element-f0d7b8a elementor-widget elementor-widget-text-editor\" data-id=\"f0d7b8a\" data-element_type=\"widget\" data-e-type=\"widget\" data-widget_type=\"text-editor.default\">\n\t\t\t\t<div class=\"elementor-widget-container\">\n\t\t\t\t\t\t\t\t\t<p><span style=\"color: rgb(64, 64, 64); font-family: Lato, proxima-nova, &quot;Helvetica Neue&quot;, Arial, sans-serif; background-color: rgb(252, 252, 252);\">Czytaj od&nbsp;<\/span><a class=\"reference internal\" href=\"https:\/\/help.contourtrace.com\/changelog.html\" style=\"color: rgb(41, 128, 185); cursor: pointer; font-family: Lato, proxima-nova, &quot;Helvetica Neue&quot;, Arial, sans-serif; background-color: rgb(252, 252, 252);\"><span class=\"doc\" style=\"color: rgb(0, 153, 153);\">Dziennik zmian<\/span><\/a><span style=\"color: rgb(64, 64, 64); font-family: Lato, proxima-nova, &quot;Helvetica Neue&quot;, Arial, sans-serif; background-color: rgb(252, 252, 252);\">&nbsp;aby dowiedzie\u0107 si\u0119 o wszystkich du\u017cych i ma\u0142ych zmianach wprowadzanych w ka\u017cdej wersji.<\/span><br><\/p>\t\t\t\t\t\t\t\t<\/div>\n\t\t\t\t<\/div>\n\t\t\t\t<div class=\"elementor-element elementor-element-779277d elementor-widget elementor-widget-thhf-post-navigation\" data-id=\"779277d\" data-element_type=\"widget\" data-e-type=\"widget\" data-widget_type=\"thhf-post-navigation.default\">\n\t\t\t\t<div class=\"elementor-widget-container\">\n\t\t\t\t\t\t\t\n        <div class=\"hfe-post-navigation hfe-post-navigation-wrapper\">\n            <div class=\"th-d-flex th-align-items-phone-center th-flex-phone-column th-justify-content-tablet-between\">\n                <div class=\"hfe-post-navigation-left hfe-post-navigation-inner\">\n                    <a href=\"https:\/\/contourtrace.com\/pl\/sample-page-2\/\" rel=\"prev\">\" Witamy w dziale pomocy ContourTrace<\/a>                <\/div>\n                <div class=\"hfe-post-navigation-right hfe-post-navigation-inner\">\n                    <a href=\"https:\/\/contourtrace.com\/pl\/sample-page-3-2\/\" rel=\"next\">Interfejs u\u017cytkownika \"<\/a>                <\/div>\n            <\/div>\n\n\n        <\/div>\n        \t\t\t\t<\/div>\n\t\t\t\t<\/div>\n\t\t\t\t\t<\/div>\n\t\t<\/div>\n\t\t\t\t\t<\/div>\n\t\t<\/section>\n\t\t\t\t<\/div>","protected":false},"excerpt":{"rendered":"<p>Przeczytaj wszystko o g\u0142\u00f3wnych funkcjach dostarczanych z ka\u017cdym wydaniem ContourTrace wraz ze wskaz\u00f3wkami i sztuczkami dotycz\u0105cymi ich u\u017cywania, korzystaj\u0105c z poni\u017cszych link\u00f3w. Co nowego w 2.2.0 2.1.0 Changelog Przeczytaj Changelog, aby dowiedzie\u0107 si\u0119 o wszystkich du\u017cych i ma\u0142ych ... <a href=\"https:\/\/contourtrace.com\/pl\/sample-page-3\/\">Read More<\/a><\/p>","protected":false},"author":10,"featured_media":0,"parent":0,"menu_order":19,"comment_status":"closed","ping_status":"open","template":"","meta":{"footnotes":""},"class_list":["post-3753","page","type-page","status-publish","hentry"],"_links":{"self":[{"href":"https:\/\/contourtrace.com\/pl\/wp-json\/wp\/v2\/pages\/3753","targetHints":{"allow":["GET"]}}],"collection":[{"href":"https:\/\/contourtrace.com\/pl\/wp-json\/wp\/v2\/pages"}],"about":[{"href":"https:\/\/contourtrace.com\/pl\/wp-json\/wp\/v2\/types\/page"}],"author":[{"embeddable":true,"href":"https:\/\/contourtrace.com\/pl\/wp-json\/wp\/v2\/users\/10"}],"replies":[{"embeddable":true,"href":"https:\/\/contourtrace.com\/pl\/wp-json\/wp\/v2\/comments?post=3753"}],"version-history":[{"count":0,"href":"https:\/\/contourtrace.com\/pl\/wp-json\/wp\/v2\/pages\/3753\/revisions"}],"wp:attachment":[{"href":"https:\/\/contourtrace.com\/pl\/wp-json\/wp\/v2\/media?parent=3753"}],"curies":[{"name":"wp","href":"https:\/\/api.w.org\/{rel}","templated":true}]}}