{"id":879,"date":"2021-05-14T14:02:08","date_gmt":"2021-05-14T14:02:08","guid":{"rendered":"https:\/\/contourtrace.com\/?page_id=879"},"modified":"2023-07-14T11:07:03","modified_gmt":"2023-07-14T11:07:03","slug":"liability","status":"publish","type":"page","link":"https:\/\/contourtrace.com\/pl\/liability\/","title":{"rendered":"Odpowiedzialno\u015b\u0107"},"content":{"rendered":"<div data-elementor-type=\"wp-page\" data-elementor-id=\"879\" class=\"elementor elementor-879\" data-elementor-post-type=\"page\">\n\t\t\t\t\t\t<section class=\"elementor-section elementor-top-section elementor-element elementor-element-2ebd9c4d elementor-section-boxed elementor-section-height-default elementor-section-height-default\" data-id=\"2ebd9c4d\" data-element_type=\"section\" data-e-type=\"section\">\n\t\t\t\t\t\t<div class=\"elementor-container elementor-column-gap-default\">\n\t\t\t\t\t<div class=\"elementor-column elementor-col-100 elementor-top-column elementor-element elementor-element-69214580\" data-id=\"69214580\" data-element_type=\"column\" data-e-type=\"column\">\n\t\t\t<div class=\"elementor-widget-wrap elementor-element-populated\">\n\t\t\t\t\t\t<div class=\"elementor-element elementor-element-4d953a3a elementor-widget elementor-widget-text-editor\" data-id=\"4d953a3a\" data-element_type=\"widget\" data-e-type=\"widget\" data-widget_type=\"text-editor.default\">\n\t\t\t\t<div class=\"elementor-widget-container\">\n\t\t\t\t\t\t\t\t\t<p><\/p>\n<h4 class=\"wp-block-heading\">Odpowiedzialno\u015b\u0107 za tre\u015b\u0107<br><\/h4>\n<p>Zawarto\u015b\u0107 naszych stron zosta\u0142a stworzona z najwi\u0119ksz\u0105 staranno\u015bci\u0105. Za prawid\u0142owo\u015b\u0107, kompletno\u015b\u0107 i aktualno\u015b\u0107 tre\u015bci nie mo\u017cemy jednak przej\u0105\u0107 \u017cadnej gwarancji. Jako us\u0142ugodawca jeste\u015bmy odpowiedzialni zgodnie z \u00a7 7 Abs.1 TMG za w\u0142asne tre\u015bci na tych stronach zgodnie z og\u00f3lnym prawem. Zgodnie z \u00a7\u00a7 8 do 10 TMG nie jeste\u015bmy zobowi\u0105zani jako us\u0142ugodawca do monitorowania przekazywanych lub przechowywanych informacji os\u00f3b trzecich lub do badania okoliczno\u015bci, kt\u00f3re wskazuj\u0105 na nielegaln\u0105 dzia\u0142alno\u015b\u0107. Obowi\u0105zek usuni\u0119cia lub zablokowania wykorzystania informacji zgodnie z og\u00f3lnymi przepisami prawa pozostaje nienaruszony. Odpowiedzialno\u015b\u0107 w tym zakresie jest jednak mo\u017cliwa dopiero od momentu uzyskania wiedzy o konkretnym naruszeniu prawa. Gdy tylko dowiemy si\u0119 o takich naruszeniach, natychmiast usuniemy takie tre\u015bci.<\/p>\n<p><span style=\"font-size: 25px;\">Odpowiedzialno\u015b\u0107 za linki<\/span><br><\/p>\n<p>Nasza oferta zawiera linki do zewn\u0119trznych stron internetowych os\u00f3b trzecich, na kt\u00f3rych tre\u015b\u0107 nie mamy wp\u0142ywu. Dlatego nie mo\u017cemy przej\u0105\u0107 \u017cadnej odpowiedzialno\u015bci za te zewn\u0119trzne tre\u015bci. Za tre\u015bci zawarte na stronach, do kt\u00f3rych prowadz\u0105 linki, odpowiada zawsze dany oferent lub operator tych stron. Strony, do kt\u00f3rych odsy\u0142aj\u0105 linki, zosta\u0142y sprawdzone pod k\u0105tem ewentualnych narusze\u0144 prawa w momencie ich do\u0142\u0105czania. W momencie umieszczania link\u00f3w nie mo\u017cna by\u0142o rozpozna\u0107 nielegalnych tre\u015bci. Sta\u0142a kontrola tre\u015bci stron, do kt\u00f3rych odsy\u0142aj\u0105 linki, nie jest uzasadniona bez konkretnych dowod\u00f3w na naruszenie prawa. Gdy tylko dowiemy si\u0119 o naruszeniu prawa, niezw\u0142ocznie usuniemy takie linki.<\/p>\n<p><span style=\"font-size: 25px;\">Copyright<\/span><br><\/p>\n<p>Tre\u015bci i dzie\u0142a na tych stronach, stworzone przez operator\u00f3w stron, podlegaj\u0105 niemieckiemu prawu autorskiemu. Utwory os\u00f3b trzecich s\u0105 oznaczone jako takie. Powielanie, przetwarzanie, rozpowszechnianie i wszelkiego rodzaju wykorzystywanie poza granicami prawa autorskiego wymaga pisemnej zgody danego autora lub tw\u00f3rcy. Pobieranie i kopiowanie tych stron jest dozwolone tylko do prywatnego, niekomercyjnego u\u017cytku. Operatorzy tych stron staraj\u0105 si\u0119 zawsze przestrzega\u0107 praw autorskich innych os\u00f3b lub wykorzystywa\u0107 ich w\u0142asne lub wolne od licencji dzie\u0142a.<\/p>\n<p>\u0179r\u00f3d\u0142o: Zastrze\u017cenie z<span style=\"color: inherit; font-family: inherit; font-size: inherit; font-style: inherit; font-weight: inherit;\">&nbsp;<\/span><a href=\"https:\/\/www.e-recht24.de\/\" target=\"_blank\" rel=\"noopener\" style=\"font-family: inherit; font-size: inherit; font-style: inherit; font-weight: inherit; background-color: rgb(255, 255, 255);\">eRecht24.de<\/a>. Porady prawne udzielane przez RA S\u00f6ren Siebert.<br><\/p>\n<p><\/p>\t\t\t\t\t\t\t\t<\/div>\n\t\t\t\t<\/div>\n\t\t\t\t\t<\/div>\n\t\t<\/div>\n\t\t\t\t\t<\/div>\n\t\t<\/section>\n\t\t\t\t<\/div>","protected":false},"excerpt":{"rendered":"<p>Odpowiedzialno\u015b\u0107 za tre\u015bci Tre\u015bci zawarte na naszych stronach zosta\u0142y stworzone z najwi\u0119ksz\u0105 staranno\u015bci\u0105. Za poprawno\u015b\u0107, kompletno\u015b\u0107 i aktualno\u015b\u0107 tre\u015bci mo\u017cemy przej\u0105\u0107, jednak bez gwarancji. Jako dostawca us\u0142ug jeste\u015bmy odpowiedzialni zgodnie z ... <a href=\"https:\/\/contourtrace.com\/pl\/liability\/\">Read More<\/a><\/p>","protected":false},"author":1,"featured_media":0,"parent":0,"menu_order":6,"comment_status":"closed","ping_status":"open","template":"elementor_theme","meta":{"footnotes":""},"class_list":["post-879","page","type-page","status-publish","hentry"],"_links":{"self":[{"href":"https:\/\/contourtrace.com\/pl\/wp-json\/wp\/v2\/pages\/879","targetHints":{"allow":["GET"]}}],"collection":[{"href":"https:\/\/contourtrace.com\/pl\/wp-json\/wp\/v2\/pages"}],"about":[{"href":"https:\/\/contourtrace.com\/pl\/wp-json\/wp\/v2\/types\/page"}],"author":[{"embeddable":true,"href":"https:\/\/contourtrace.com\/pl\/wp-json\/wp\/v2\/users\/1"}],"replies":[{"embeddable":true,"href":"https:\/\/contourtrace.com\/pl\/wp-json\/wp\/v2\/comments?post=879"}],"version-history":[{"count":0,"href":"https:\/\/contourtrace.com\/pl\/wp-json\/wp\/v2\/pages\/879\/revisions"}],"wp:attachment":[{"href":"https:\/\/contourtrace.com\/pl\/wp-json\/wp\/v2\/media?parent=879"}],"curies":[{"name":"wp","href":"https:\/\/api.w.org\/{rel}","templated":true}]}}