{"id":2890,"date":"2022-09-16T06:44:14","date_gmt":"2022-09-16T06:44:14","guid":{"rendered":"https:\/\/contourtrace.com\/?page_id=2890"},"modified":"2023-07-14T11:07:03","modified_gmt":"2023-07-14T11:07:03","slug":"license-agreement-and-disclaimer-contourtrace-software","status":"publish","type":"page","link":"https:\/\/contourtrace.com\/pt\/license-agreement-and-disclaimer-contourtrace-software\/","title":{"rendered":"Contrato de Licen\u00e7a e Isen\u00e7\u00e3o de Responsabilidade"},"content":{"rendered":"<div data-elementor-type=\"wp-page\" data-elementor-id=\"2890\" class=\"elementor elementor-2890\" data-elementor-post-type=\"page\">\n\t\t\t\t\t\t<section class=\"elementor-section elementor-top-section elementor-element elementor-element-17dd552 elementor-section-boxed elementor-section-height-default elementor-section-height-default\" data-id=\"17dd552\" data-element_type=\"section\" data-e-type=\"section\">\n\t\t\t\t\t\t<div class=\"elementor-container elementor-column-gap-default\">\n\t\t\t\t\t<div class=\"elementor-column elementor-col-100 elementor-top-column elementor-element elementor-element-e2f4ebd\" data-id=\"e2f4ebd\" data-element_type=\"column\" data-e-type=\"column\">\n\t\t\t<div class=\"elementor-widget-wrap elementor-element-populated\">\n\t\t\t\t\t\t<div class=\"elementor-element elementor-element-7ace5b5 elementor-widget elementor-widget-text-editor\" data-id=\"7ace5b5\" data-element_type=\"widget\" data-e-type=\"widget\" data-widget_type=\"text-editor.default\">\n\t\t\t\t<div class=\"elementor-widget-container\">\n\t\t\t\t\t\t\t\t\t<p>ContourTrace<br \/>Copyright (c) 2022 KUHN SOLUTIONS, Daniel Kuhn<\/p><p>*** CONTRATO DE LICEN\u00c7A DE USU\u00c1RIO FINAL ***<\/p><p>IMPORTANTE: LEIA ATENTAMENTE ESTA LICEN\u00c7A ANTES DE USAR ESTE SOFTWARE.<\/p><p>Interpreta\u00e7\u00e3o<br \/>\u2014\u2014\u2014\u2014\u2013<\/p><p>As palavras das quais a letra inicial \u00e9 mai\u00fascula t\u00eam significados definidos<br \/>sob as seguintes condi\u00e7\u00f5es. As seguintes defini\u00e7\u00f5es devem ter as mesmas<br \/>ou seja, independentemente de aparecerem no singular ou no plural.<\/p><p>Defini\u00e7\u00f5es<br \/>\u2014\u2014\u2014\u2013<\/p><p>Para os prop\u00f3sitos deste Contrato de Licen\u00e7a de Usu\u00e1rio Final:<\/p><p>* Acordo significa este Contrato de Licen\u00e7a de Usu\u00e1rio Final que forma a totalidade<br \/>acordo entre Voc\u00ea e a Empresa sobre o uso do<br \/>Aplica\u00e7\u00e3o.<\/p><p>* Aplica\u00e7\u00e3o (referida como \"Software\" ou \"SOFTWARE\" neste<br \/>Acordo) significa o programa de software fornecido pela Empresa baixado<br \/>por Voc\u00ea a um Dispositivo, chamado ContourTrace<\/p><p>* Empresa (referida como \"a Empresa\", \"N\u00f3s\", \"N\u00f3s\" ou \"Nosso\" neste<br \/>Acordo) refere-se a KUHN SOLUTIONS, Daniel Kuhn, Raitenaugasse 6, 78462 Constance.<\/p><p>* Conte\u00fado refere-se a conte\u00fado como texto, imagens, ou outras informa\u00e7\u00f5es que<br \/>pode ser publicado, carregado, vinculado ou disponibilizado por Voc\u00ea,<br \/>independentemente da forma desse conte\u00fado.<\/p><p>* Pa\u00eds refere-se a: Alemanha<\/p><p>* Dispositivo significa qualquer dispositivo que possa acessar a Aplica\u00e7\u00e3o, tal como um<br \/>computador, um telefone celular ou um tablet digital.<\/p><p>* Servi\u00e7os de Terceiros significa quaisquer servi\u00e7os ou conte\u00fados (incluindo dados,<br \/>informa\u00e7\u00f5es, aplica\u00e7\u00f5es e outros servi\u00e7os de produtos) fornecidos por um<br \/>terceiros que podem ser exibidos, inclu\u00eddos ou disponibilizados pelo<br \/>Aplica\u00e7\u00e3o.<\/p><p>* Voc\u00ea se refere ao indiv\u00edduo que acessa ou utiliza a Aplica\u00e7\u00e3o ou o<br \/>empresa, ou outra pessoa jur\u00eddica em nome da qual tal indiv\u00edduo seja<br \/>acesso ou utiliza\u00e7\u00e3o da Aplica\u00e7\u00e3o, conforme o caso.<\/p><p>1. LICEN\u00c7A<\/p><p>Ao receber, abrir o pacote de arquivos e\/ou usar o ContourTrace (\"Software\") contendo este software, voc\u00ea concorda que este Contrato de Licen\u00e7a de Usu\u00e1rio Final (EULA) \u00e9 um contrato legalmente vinculativo e v\u00e1lido e concorda em ficar vinculado a ele. Voc\u00ea concorda em cumprir as leis de propriedade intelectual e todos os termos e condi\u00e7\u00f5es deste Contrato.<\/p><p>A menos que voc\u00ea tenha um contrato de licen\u00e7a diferente assinado pela empresa, seu uso da ContourTrace indica sua aceita\u00e7\u00e3o deste contrato de licen\u00e7a e garantia.<\/p><p>Sujeito aos termos deste Contrato, a Companhia concede a voc\u00ea uma licen\u00e7a limitada, n\u00e3o exclusiva e intransfer\u00edvel, sem direito a sub-licenciamento, para usar a ContourTrace de acordo com este Contrato e qualquer outro contrato escrito com a Companhia. N\u00e3o transferimos o t\u00edtulo da ContourTrace para voc\u00ea, a licen\u00e7a concedida a voc\u00ea n\u00e3o \u00e9 uma venda. Este Contrato \u00e9 um acordo legal vinculante entre a Empresa e os compradores ou usu\u00e1rios da ContourTrace.<\/p><p>Se voc\u00ea n\u00e3o concordar em se vincular a este Contrato, remova agora a ContourTrace de seu computador e, se for o caso, devolva-nos imediatamente pelo correio quaisquer c\u00f3pias da ContourTrace e da documenta\u00e7\u00e3o e embalagem relacionadas em sua posse.<\/p><p>2. 2. DISTRIBUI\u00c7\u00c3O<\/p><p>A ContourTrace e a licen\u00e7a aqui concedida n\u00e3o ser\u00e3o copiadas, compartilhadas, distribu\u00eddas, revendidas, oferecidas para revenda, transferidas ou sub-licenciadas no todo ou em parte, exceto que voc\u00ea poder\u00e1 fazer uma c\u00f3pia apenas para fins de arquivo. Para informa\u00e7\u00f5es sobre a redistribui\u00e7\u00e3o da ContourTrace, entre em contato conosco.<\/p><p>3. ACORDO DE UTILIZADOR<\/p><p>3.1 Utiliza\u00e7\u00e3o<\/p><p>Sua licen\u00e7a de uso da ContourTrace \u00e9 limitada ao n\u00famero de licen\u00e7as adquiridas por voc\u00ea. Voc\u00ea n\u00e3o permitir\u00e1 que outros utilizem, copiem ou avaliem c\u00f3pias da ContourTrace.<\/p><p>3.2 Restri\u00e7\u00f5es de uso<\/p><p>Voc\u00ea dever\u00e1 utilizar a ContourTrace em conformidade com todas as leis aplic\u00e1veis e n\u00e3o para qualquer finalidade ilegal. Sem limitar o precedente, o uso, exibi\u00e7\u00e3o ou distribui\u00e7\u00e3o da ContourTrace juntamente com material que seja pornogr\u00e1fico, racista, vulgar, obsceno, difamat\u00f3rio, calunioso, abusivo, que promova o \u00f3dio, que discrimine ou exiba preconceitos com base na religi\u00e3o, heran\u00e7a \u00e9tnica, ra\u00e7a, orienta\u00e7\u00e3o sexual ou idade \u00e9 estritamente proibido.<\/p><p>Cada c\u00f3pia licenciada da ContourTrace pode ser usada em um \u00fanico computador por um usu\u00e1rio. O uso do ContourTrace significa que voc\u00ea carregou, instalou ou executou o ContourTrace em um computador ou dispositivo similar. Se voc\u00ea instalar o ContourTrace em uma plataforma, servidor ou rede de m\u00faltiplos usu\u00e1rios, cada usu\u00e1rio individual do ContourTrace deve ser licenciado separadamente.<\/p><p>Voc\u00ea pode fazer uma c\u00f3pia da ContourTrace para fins de backup, desde que tenha apenas uma c\u00f3pia instalada em um computador sendo usada por uma pessoa. Outros usu\u00e1rios n\u00e3o podem utilizar sua c\u00f3pia da ContourTrace. A cess\u00e3o, sublicen\u00e7a, rede de contatos, venda ou distribui\u00e7\u00e3o de c\u00f3pias da ContourTrace s\u00e3o estritamente proibidas sem o consentimento pr\u00e9vio por escrito da Empresa. \u00c9 uma viola\u00e7\u00e3o deste Contrato ceder, vender, compartilhar, emprestar, alugar, alugar, tomar emprestado, fazer rede ou transferir o uso da ContourTrace. Se qualquer outra pessoa al\u00e9m de voc\u00ea usar a ContourTrace registrada em seu nome, independentemente de ser ao mesmo tempo ou em momentos diferentes, ent\u00e3o este Contrato est\u00e1 sendo violado e voc\u00ea \u00e9 respons\u00e1vel por essa viola\u00e7\u00e3o!<\/p><p>3.3 Restri\u00e7\u00e3o de direitos autorais<\/p><p>Este Software cont\u00e9m material protegido por direitos autorais, segredos comerciais, algoritmos e outro material propriet\u00e1rio. Voc\u00ea n\u00e3o deve, e n\u00e3o deve tentar, modificar, fazer engenharia reversa, desmontar ou descompilar o ContourTrace. Voc\u00ea tamb\u00e9m n\u00e3o pode criar quaisquer trabalhos derivados ou outros trabalhos que sejam baseados ou derivados da ContourTrace no todo ou em parte.<\/p><p>O nome, logotipo e arquivo gr\u00e1fico da empresa que representa a ContourTrace n\u00e3o deve ser usado de forma alguma para promover produtos desenvolvidos com a ContourTrace. A empresa mant\u00e9m a propriedade \u00fanica e exclusiva de todos os direitos, t\u00edtulos e interesses na ContourTrace e de todos os direitos de propriedade intelectual relacionados a ela.<\/p><p>A lei de direitos autorais e as disposi\u00e7\u00f5es do tratado internacional de direitos autorais protegem todas as partes da ContourTrace, produtos e servi\u00e7os. Nenhum programa, c\u00f3digo, algoritmos, parte, imagem, amostra de \u00e1udio ou texto pode ser copiado ou usado de qualquer forma pelo usu\u00e1rio, exceto como previsto dentro dos limites do programa de usu\u00e1rio \u00fanico. Todos os direitos n\u00e3o expressamente concedidos aqui s\u00e3o reservados para a Empresa.<\/p><p>3.4 Limita\u00e7\u00e3o de responsabilidade<\/p><p>Voc\u00ea indenizar\u00e1, isentar\u00e1 de responsabilidade e defender\u00e1 a Empresa, seus funcion\u00e1rios, agentes e distribuidores contra toda e qualquer reclama\u00e7\u00e3o, processo, demanda e custos resultantes ou de alguma forma relacionados ao seu uso do Software da Empresa.<\/p><p>Em nenhum caso (incluindo, sem limita\u00e7\u00e3o, em caso de neglig\u00eancia) a Empresa, seus funcion\u00e1rios, agentes ou distribuidores ser\u00e3o respons\u00e1veis por quaisquer danos conseq\u00fcentes, incidentais, indiretos, especiais ou punitivos (incluindo, sem limita\u00e7\u00e3o, danos por perda de lucros, perda de uso, interrup\u00e7\u00e3o de neg\u00f3cios, perda de informa\u00e7\u00f5es ou dados, ou perda pecuni\u00e1ria), em conex\u00e3o com ou decorrente de ou relacionada a este Contrato, ContourTrace ou o uso ou incapacidade de usar ContourTrace ou o fornecimento, desempenho ou uso de quaisquer outros assuntos aqui descritos, seja com base em contrato, ato il\u00edcito ou qualquer outra teoria, incluindo neglig\u00eancia.<\/p><p>Toda a responsabilidade da Empresa, sem exce\u00e7\u00e3o, \u00e9 limitada ao reembolso do pre\u00e7o de compra do Software pelo cliente (sendo o m\u00e1ximo o menor do valor pago pelo cliente e o pre\u00e7o de varejo sugerido conforme listado pela Empresa) em troca da devolu\u00e7\u00e3o do produto, todas as c\u00f3pias, pap\u00e9is e manuais de registro e todos os materiais que constituem uma transfer\u00eancia de licen\u00e7a do cliente de volta para a Empresa.<\/p><p>3.5 Garantias<\/p><p>Exceto conforme expressamente declarado por escrito, a Empresa n\u00e3o faz nenhuma representa\u00e7\u00e3o ou garantia a respeito deste Software e exclui expressamente todas as outras garantias, expressas ou impl\u00edcitas, orais ou escritas, incluindo, sem limita\u00e7\u00e3o, quaisquer garantias impl\u00edcitas de qualidade comerci\u00e1vel ou adequa\u00e7\u00e3o a uma finalidade espec\u00edfica.<\/p><p>3.6 Legisla\u00e7\u00e3o Governamental<\/p><p>Este Acordo ser\u00e1 regido pela lei da Rep\u00fablica Federal da Alemanha que lhe \u00e9 aplic\u00e1vel. Voc\u00ea atesta irrevogavelmente e se submete \u00e0 jurisdi\u00e7\u00e3o n\u00e3o-exclusiva dos tribunais da Rep\u00fablica Federal da Alemanha a partir deste. Se qualquer disposi\u00e7\u00e3o for considerada ilegal, nula ou inaplic\u00e1vel, ent\u00e3o essa disposi\u00e7\u00e3o ser\u00e1 considerada separ\u00e1vel desta Licen\u00e7a e n\u00e3o afetar\u00e1 a validade e a aplicabilidade de quaisquer outras disposi\u00e7\u00f5es.<\/p><p>3.7 Rescis\u00e3o<\/p><p>Qualquer falha no cumprimento dos termos e condi\u00e7\u00f5es deste Contrato resultar\u00e1 na rescis\u00e3o autom\u00e1tica e imediata desta licen\u00e7a. Ao rescindir esta licen\u00e7a aqui concedida por qualquer raz\u00e3o, voc\u00ea concorda em cessar imediatamente o uso da ContourTrace e destruir todas as c\u00f3pias da ContourTrace fornecidas sob este Contrato. As obriga\u00e7\u00f5es financeiras incorridas por voc\u00ea dever\u00e3o sobreviver \u00e0 expira\u00e7\u00e3o ou rescis\u00e3o desta licen\u00e7a.<\/p><p>4. ISEN\u00c7\u00c3O DE GARANTIA<\/p><p>ESTE SOFTWARE E OS ARQUIVOS QUE O ACOMPANHAM S\u00c3O VENDIDOS \"COMO EST\u00c3O\" E SEM GARANTIAS DE DESEMPENHO OU COMERCIABILIDADE OU QUAISQUER OUTRAS GARANTIAS, EXPRESSAS OU IMPL\u00cdCITAS. ESTE DISCLAIMER CONCEDE TODOS OS ARQUIVOS GERADOS E EDITADOS PELA CONTourTrace OBRIGAT\u00d3RIO.<\/p><p>5. CONSENTIMENTO DE USO DE DADOS<\/p><p>Voc\u00ea concorda que a Empresa pode coletar e utilizar informa\u00e7\u00f5es coletadas de qualquer forma como parte dos servi\u00e7os de suporte ao produto fornecidos a voc\u00ea, se houver, relacionados \u00e0 ContourTrace. A Companhia tamb\u00e9m poder\u00e1 utilizar estas informa\u00e7\u00f5es para fornecer avisos a voc\u00ea que possam ser \u00fateis ou de seu interesse.<\/p><p>6. Servi\u00e7os de Terceiros<\/p><p>A Aplica\u00e7\u00e3o pode exibir, incluir ou disponibilizar conte\u00fado de terceiros (incluindo dados, informa\u00e7\u00f5es, aplica\u00e7\u00f5es e outros servi\u00e7os de produtos) ou fornecer links para sites ou servi\u00e7os de terceiros.<\/p><p>Voc\u00ea reconhece e concorda que a Empresa n\u00e3o ser\u00e1 respons\u00e1vel por nenhum servi\u00e7o de terceiros, incluindo sua exatid\u00e3o, integridade, atualidade, validade, conformidade com os direitos autorais, legalidade, dec\u00eancia, qualidade ou qualquer outro aspecto. A Empresa n\u00e3o assume e n\u00e3o ter\u00e1 qualquer responsabilidade ou obriga\u00e7\u00e3o perante Voc\u00ea ou qualquer outra pessoa ou entidade por quaisquer Servi\u00e7os de Terceiros.<\/p><p>Voc\u00ea deve cumprir os Termos de acordo aplic\u00e1veis de Terceiros ao utilizar a Aplica\u00e7\u00e3o. Os Servi\u00e7os de Terceiros e seus links s\u00e3o fornecidos somente como uma conveni\u00eancia para Voc\u00ea e Voc\u00ea os acessa e utiliza inteiramente por seu pr\u00f3prio risco e sujeito aos Termos e condi\u00e7\u00f5es de tais terceiros.<\/p><p>Utilizamos o servi\u00e7o Back4App para armazenamento de dados do usu\u00e1rio. Ao utilizar a ContourTrace, voc\u00ea concorda que utilizamos este servi\u00e7o de Terceiros. Voc\u00ea tamb\u00e9m concorda com os Termos de Servi\u00e7o e a Pol\u00edtica de Privacidade da Back4App, Inc.:<br \/>https:\/\/www.back4app.com\/terms-of-service.pdf<br \/>https:\/\/www.back4app.com\/privacy.pdf<\/p><p>Outros termos e licen\u00e7as para servi\u00e7os e software de terceiros podem ser encontrados no caminho de instala\u00e7\u00e3o do aplicativo na pasta \"Contratos de Licen\u00e7a\". A lista foi compilada com o melhor de nosso conhecimento e cren\u00e7a, mas n\u00e3o garante que seja atual ou completa.<\/p><p>7. Atualiza\u00e7\u00e3o e manuten\u00e7\u00e3o<\/p><p>A Empresa deve fornecer atualiza\u00e7\u00f5es e manuten\u00e7\u00e3o mensalmente ou conforme a necessidade.<\/p><p>8. Apoio<\/p><p>A empresa n\u00e3o tem nenhuma obriga\u00e7\u00e3o de suporte \u00e0 aplica\u00e7\u00e3o, ou de continuar fornecendo ou atualizando qualquer uma das aplica\u00e7\u00f5es.<\/p>\t\t\t\t\t\t\t\t<\/div>\n\t\t\t\t<\/div>\n\t\t\t\t\t<\/div>\n\t\t<\/div>\n\t\t\t\t\t<\/div>\n\t\t<\/section>\n\t\t\t\t<section class=\"elementor-section elementor-top-section elementor-element elementor-element-9c25977 elementor-section-boxed elementor-section-height-default elementor-section-height-default\" data-id=\"9c25977\" data-element_type=\"section\" data-e-type=\"section\">\n\t\t\t\t\t\t<div class=\"elementor-container elementor-column-gap-default\">\n\t\t\t\t\t<div class=\"elementor-column elementor-col-100 elementor-top-column elementor-element elementor-element-78579f7\" data-id=\"78579f7\" data-element_type=\"column\" data-e-type=\"column\">\n\t\t\t<div class=\"elementor-widget-wrap elementor-element-populated\">\n\t\t\t\t\t\t\t<\/div>\n\t\t<\/div>\n\t\t\t\t\t<\/div>\n\t\t<\/section>\n\t\t\t\t<section class=\"elementor-section elementor-top-section elementor-element elementor-element-7c08680 elementor-section-boxed elementor-section-height-default elementor-section-height-default\" data-id=\"7c08680\" data-element_type=\"section\" data-e-type=\"section\">\n\t\t\t\t\t\t<div class=\"elementor-container elementor-column-gap-default\">\n\t\t\t\t\t<div class=\"elementor-column elementor-col-100 elementor-top-column elementor-element elementor-element-3f66f56\" data-id=\"3f66f56\" data-element_type=\"column\" data-e-type=\"column\">\n\t\t\t<div class=\"elementor-widget-wrap elementor-element-populated\">\n\t\t\t\t\t\t\t<\/div>\n\t\t<\/div>\n\t\t\t\t\t<\/div>\n\t\t<\/section>\n\t\t\t\t<section class=\"elementor-section elementor-top-section elementor-element elementor-element-4c9b4b6 elementor-section-boxed elementor-section-height-default elementor-section-height-default\" data-id=\"4c9b4b6\" data-element_type=\"section\" data-e-type=\"section\">\n\t\t\t\t\t\t<div class=\"elementor-container elementor-column-gap-default\">\n\t\t\t\t\t<div class=\"elementor-column elementor-col-100 elementor-top-column elementor-element elementor-element-c81ef60\" data-id=\"c81ef60\" data-element_type=\"column\" data-e-type=\"column\">\n\t\t\t<div class=\"elementor-widget-wrap elementor-element-populated\">\n\t\t\t\t\t\t\t<\/div>\n\t\t<\/div>\n\t\t\t\t\t<\/div>\n\t\t<\/section>\n\t\t\t\t<section class=\"elementor-section elementor-top-section elementor-element elementor-element-2ebd9c4d elementor-section-boxed elementor-section-height-default elementor-section-height-default\" data-id=\"2ebd9c4d\" data-element_type=\"section\" data-e-type=\"section\">\n\t\t\t\t\t\t<div class=\"elementor-container elementor-column-gap-default\">\n\t\t\t\t\t<div class=\"elementor-column elementor-col-100 elementor-top-column elementor-element elementor-element-69214580\" data-id=\"69214580\" data-element_type=\"column\" data-e-type=\"column\">\n\t\t\t<div class=\"elementor-widget-wrap elementor-element-populated\">\n\t\t\t\t\t\t\t<\/div>\n\t\t<\/div>\n\t\t\t\t\t<\/div>\n\t\t<\/section>\n\t\t\t\t<section class=\"elementor-section elementor-top-section elementor-element elementor-element-92a4938 elementor-section-boxed elementor-section-height-default elementor-section-height-default\" data-id=\"92a4938\" data-element_type=\"section\" data-e-type=\"section\">\n\t\t\t\t\t\t<div class=\"elementor-container elementor-column-gap-default\">\n\t\t\t\t\t<div class=\"elementor-column elementor-col-100 elementor-top-column elementor-element elementor-element-cd0058d\" data-id=\"cd0058d\" data-element_type=\"column\" data-e-type=\"column\">\n\t\t\t<div class=\"elementor-widget-wrap elementor-element-populated\">\n\t\t\t\t\t\t<div class=\"elementor-element elementor-element-d36a1ae elementor-widget elementor-widget-spacer\" data-id=\"d36a1ae\" data-element_type=\"widget\" data-e-type=\"widget\" data-widget_type=\"spacer.default\">\n\t\t\t\t<div class=\"elementor-widget-container\">\n\t\t\t\t\t\t\t<div class=\"elementor-spacer\">\n\t\t\t<div class=\"elementor-spacer-inner\"><\/div>\n\t\t<\/div>\n\t\t\t\t\t\t<\/div>\n\t\t\t\t<\/div>\n\t\t\t\t\t<\/div>\n\t\t<\/div>\n\t\t\t\t\t<\/div>\n\t\t<\/section>\n\t\t\t\t<\/div>","protected":false},"excerpt":{"rendered":"<p>ContourTraceCopyright (c) 2022 KUHN SOLUTIONS, Daniel Kuhn *** ACORDO DE LICEN\u00c7A DO USU\u00c1RIO FINAL *** IMPORTANTE: LEIA ESTE LICEN\u00c7A CARACTERIZAMENTE ANTES DE UTILIZAR ESTE SOFTWARE. Interpreta\u00e7\u00e3o----- As palavras das quais a letra inicial \u00e9 mai\u00fascula t\u00eam os significados definidos sob as seguintes condi\u00e7\u00f5es. A ... <a href=\"https:\/\/contourtrace.com\/pt\/license-agreement-and-disclaimer-contourtrace-software\/\">Leia mais<\/a><\/p>","protected":false},"author":1,"featured_media":0,"parent":0,"menu_order":7,"comment_status":"closed","ping_status":"closed","template":"elementor_theme","meta":{"footnotes":""},"class_list":["post-2890","page","type-page","status-publish","hentry"],"_links":{"self":[{"href":"https:\/\/contourtrace.com\/pt\/wp-json\/wp\/v2\/pages\/2890","targetHints":{"allow":["GET"]}}],"collection":[{"href":"https:\/\/contourtrace.com\/pt\/wp-json\/wp\/v2\/pages"}],"about":[{"href":"https:\/\/contourtrace.com\/pt\/wp-json\/wp\/v2\/types\/page"}],"author":[{"embeddable":true,"href":"https:\/\/contourtrace.com\/pt\/wp-json\/wp\/v2\/users\/1"}],"replies":[{"embeddable":true,"href":"https:\/\/contourtrace.com\/pt\/wp-json\/wp\/v2\/comments?post=2890"}],"version-history":[{"count":0,"href":"https:\/\/contourtrace.com\/pt\/wp-json\/wp\/v2\/pages\/2890\/revisions"}],"wp:attachment":[{"href":"https:\/\/contourtrace.com\/pt\/wp-json\/wp\/v2\/media?parent=2890"}],"curies":[{"name":"wp","href":"https:\/\/api.w.org\/{rel}","templated":true}]}}