{"id":3013,"date":"2022-09-28T08:04:13","date_gmt":"2022-09-28T08:04:13","guid":{"rendered":"https:\/\/contourtrace.com\/?page_id=3013"},"modified":"2026-01-12T17:07:31","modified_gmt":"2026-01-12T17:07:31","slug":"end-user-license-agreement-contourtrace-software","status":"publish","type":"page","link":"https:\/\/contourtrace.com\/ro\/end-user-license-agreement-contourtrace-software\/","title":{"rendered":"ACORD DE LICEN\u021a\u0102 PENTRU UTILIZATORUL FINAL - ContourTrace"},"content":{"rendered":"<div data-elementor-type=\"wp-page\" data-elementor-id=\"3013\" class=\"elementor elementor-3013\" data-elementor-post-type=\"page\">\n\t\t\t\t\t\t<section class=\"elementor-section elementor-top-section elementor-element elementor-element-17dd552 elementor-section-boxed elementor-section-height-default elementor-section-height-default\" data-id=\"17dd552\" data-element_type=\"section\" data-e-type=\"section\">\n\t\t\t\t\t\t<div class=\"elementor-container elementor-column-gap-default\">\n\t\t\t\t\t<div class=\"elementor-column elementor-col-100 elementor-top-column elementor-element elementor-element-e2f4ebd\" data-id=\"e2f4ebd\" data-element_type=\"column\" data-e-type=\"column\">\n\t\t\t<div class=\"elementor-widget-wrap elementor-element-populated\">\n\t\t\t\t\t\t<div class=\"elementor-element elementor-element-7ace5b5 elementor-widget elementor-widget-text-editor\" data-id=\"7ace5b5\" data-element_type=\"widget\" data-e-type=\"widget\" data-widget_type=\"text-editor.default\">\n\t\t\t\t<div class=\"elementor-widget-container\">\n\t\t\t\t\t\t\t\t\t<p>ContourTrace<br \/>Drepturi de autor (c) 2022 KUHN SOLUTIONS, Daniel Kuhn<\/p><p>*** ACORD DE LICEN\u021a\u0102 PENTRU UTILIZATORUL FINAL ***<\/p><p>IMPORTANT: V\u0102 RUG\u0102M S\u0102 CITI\u021aI CU ATEN\u021aIE ACEAST\u0102 LICEN\u021a\u0102 \u00ceNAINTE DE A UTILIZA ACEST SOFTWARE.<\/p><p>Interpretare<br \/>\u2014\u2014\u2014\u2014\u2013<\/p><p>Cuvintele a c\u0103ror liter\u0103 ini\u021bial\u0103 se scrie cu majuscul\u0103 au \u00een\u021belesuri definite<br \/>\u00een urm\u0103toarele condi\u021bii. Urm\u0103toarele defini\u021bii au aceea\u0219i semnifica\u021bie<br \/>sens indiferent dac\u0103 apar la singular sau la plural.<\/p><p>Defini\u021bii<br \/>\u2014\u2014\u2014\u2013<\/p><p>\u00cen sensul prezentului contract de licen\u021b\u0103 pentru utilizatorul final:<\/p><p>* Acord \u00eenseamn\u0103 acest Acord de licen\u021b\u0103 pentru utilizatorul final, care formeaz\u0103 \u00eentregul contract de licen\u021b\u0103.<br \/>acordul dintre Dumneavoastr\u0103 \u0219i Companie cu privire la utilizarea<br \/>Cerere.<\/p><p>* Aplica\u021bie (denumit\u0103 fie \"Software\" sau \"SOFTWARE\" \u00een acest document).<br \/>Acord) \u00eenseamn\u0103 programul software furnizat de Companie desc\u0103rcat<br \/>de c\u0103tre Dumneavoastr\u0103 la un dispozitiv, numit ContourTrace<\/p><p>* Compania (denumit\u0103 fie \"Compania\", \"Noi\", \"Noi\" sau \"Al nostru\" \u00een prezentul document).<br \/>Acordul) se refer\u0103 la KUHN SOLUTIONS, Daniel Kuhn, Raitenaugasse 6, 78462 Constance.<\/p><p>* Con\u021binutul se refer\u0103 la con\u021binut, cum ar fi text, imagini sau alte informa\u021bii care<br \/>pot fi postate, \u00eenc\u0103rcate, legate sau puse la dispozi\u021bie \u00een alt mod de c\u0103tre dumneavoastr\u0103,<br \/>indiferent de forma con\u021binutului respectiv.<\/p><p>* \u021aara se refer\u0103 la: Germania<\/p><p>* Dispozitiv \u00eenseamn\u0103 orice dispozitiv care poate accesa aplica\u021bia, cum ar fi un<br \/>calculator, un telefon mobil sau o tablet\u0103 digital\u0103.<\/p><p>* Serviciile ter\u021bilor \u00eenseamn\u0103 orice servicii sau con\u021binut (inclusiv date,<br \/>informa\u021bii, aplica\u021bii \u0219i alte produse \u0219i servicii) furnizate de un<br \/>ter\u021be p\u0103r\u021bi care pot fi afi\u0219ate, incluse sau puse la dispozi\u021bie de c\u0103tre<br \/>Cerere.<\/p><p>* \"Dumneavoastr\u0103\" \u00eenseamn\u0103 persoana care acceseaz\u0103 sau utilizeaz\u0103 aplica\u021bia sau aplica\u021bia<br \/>societate sau alt\u0103 entitate juridic\u0103 \u00een numele c\u0103reia persoana respectiv\u0103 este<br \/>accesarea sau utilizarea aplica\u021biei, dup\u0103 caz.<\/p><p>1. LICEN\u021a\u0102<\/p><p>Prin primirea, deschiderea pachetului de fi\u0219iere \u0219i\/sau utilizarea ContourTrace (\"Software\") care con\u021bine acest software, sunte\u021bi de acord c\u0103 acest Acord de licen\u021b\u0103 pentru utilizatorul final (EULA) este un contract valabil \u0219i obligatoriu din punct de vedere juridic \u0219i sunte\u021bi de acord s\u0103 v\u0103 supune\u021bi acestuia. Sunte\u021bi de acord s\u0103 respecta\u021bi legile privind proprietatea intelectual\u0103 \u0219i to\u021bi termenii \u0219i condi\u021biile prezentului contract.<\/p><p>Cu excep\u021bia cazului \u00een care ave\u021bi un alt contract de licen\u021b\u0103 semnat de Companie, utilizarea ContourTrace indic\u0103 acceptarea de c\u0103tre dvs. a acestui contract de licen\u021b\u0103 \u0219i a garan\u021biei.<\/p><p>Sub rezerva termenilor prezentului acord, Compania v\u0103 acord\u0103 o licen\u021b\u0103 limitat\u0103, neexclusiv\u0103, netransferabil\u0103, f\u0103r\u0103 drept de sublicen\u021b\u0103, pentru a utiliza ContourTrace \u00een conformitate cu prezentul acord \u0219i cu orice alt acord scris cu Compania. Nu v\u0103 transfer\u0103m titlul de proprietate al ContourTrace, licen\u021ba care v\u0103 este acordat\u0103 nu reprezint\u0103 o v\u00e2nzare. Prezentul acord este un acord juridic obligatoriu \u00eentre Companie \u0219i cump\u0103r\u0103torii sau utilizatorii ContourTrace.<\/p><p>Dac\u0103 nu sunte\u021bi de acord s\u0103 v\u0103 supune\u021bi acestui Acord, elimina\u021bi ContourTrace din computerul dumneavoastr\u0103 \u0219i, dac\u0103 este cazul, returna\u021bi-ne imediat prin po\u0219t\u0103 toate copiile ContourTrace \u0219i documenta\u021bia \u0219i ambalajul aferent aflate \u00een posesia dumneavoastr\u0103.<\/p><p>2. DISTRIBU\u021aIE<\/p><p>ContourTrace \u0219i licen\u021ba acordat\u0103 prin prezentul document nu vor fi copiate, partajate, distribuite, rev\u00e2ndute, oferite spre rev\u00e2nzare, transferate sau sublicen\u021biate \u00een \u00eentregime sau par\u021bial, cu excep\u021bia faptului c\u0103 pute\u021bi face o singur\u0103 copie doar \u00een scopuri de arhiv\u0103. Pentru informa\u021bii despre redistribuirea ContourTrace, contacta\u021bi-ne.<\/p><p>3. ACORDUL UTILIZATORULUI<\/p><p>3.1 Utilizarea<\/p><p>Licen\u021ba dvs. de utilizare a ContourTrace este limitat\u0103 la num\u0103rul de licen\u021be achizi\u021bionate de dvs. Nu ve\u021bi permite altor persoane s\u0103 utilizeze, s\u0103 copieze sau s\u0103 evalueze copii ale ContourTrace.<\/p><p>3.2 Restric\u021bii de utilizare<\/p><p>Ve\u021bi utiliza ContourTrace \u00een conformitate cu toate legile aplicabile \u0219i nu \u00een scopuri ilegale. F\u0103r\u0103 a limita cele de mai sus, este strict interzis\u0103 utilizarea, afi\u0219area sau distribuirea ContourTrace \u00eempreun\u0103 cu materiale pornografice, rasiste, vulgare, obscene, def\u0103im\u0103toare, calomnioase, abuzive, care promoveaz\u0103 ura, discrimineaz\u0103 sau manifest\u0103 prejudec\u0103\u021bi bazate pe religie, mo\u0219tenire etnic\u0103, ras\u0103, orientare sexual\u0103 sau v\u00e2rst\u0103.<\/p><p>Fiecare copie licen\u021biat\u0103 a ContourTrace poate fi utilizat\u0103 pe o singur\u0103 loca\u021bie de calculator de c\u0103tre un singur utilizator. Utilizarea ContourTrace \u00eenseamn\u0103 c\u0103 a\u021bi \u00eenc\u0103rcat, instalat sau rulat ContourTrace pe un calculator sau pe un dispozitiv similar. Dac\u0103 instala\u021bi ContourTrace pe o platform\u0103, un server sau o re\u021bea cu mai mul\u021bi utilizatori, fiecare utilizator individual al ContourTrace trebuie s\u0103 fie licen\u021biat separat.<\/p><p>Pute\u021bi face o singur\u0103 copie a ContourTrace \u00een scopuri de backup, cu condi\u021bia s\u0103 ave\u021bi o singur\u0103 copie instalat\u0103 pe un singur computer utilizat de o singur\u0103 persoan\u0103. Al\u021bi utilizatori nu pot utiliza copia dvs. de ContourTrace. Atribuirea, sublicen\u021bierea, punerea \u00een re\u021bea, v\u00e2nzarea sau distribuirea de copii ale ContourTrace sunt strict interzise f\u0103r\u0103 acordul prealabil scris al Companiei. Constituie o \u00eenc\u0103lcare a prezentului acord cesionarea, v\u00e2nzarea, partajarea, \u00eemprumutul, \u00eenchirierea, leasingul, \u00eemprumutul, punerea \u00een re\u021bea sau transferul utiliz\u0103rii ContourTrace. \u00cen cazul \u00een care o alt\u0103 persoan\u0103 \u00een afar\u0103 de dumneavoastr\u0103 utilizeaz\u0103 ContourTrace \u00eenregistrat \u00een numele dumneavoastr\u0103, indiferent dac\u0103 este \u00een acela\u0219i timp sau \u00een momente diferite, atunci acest Acord este \u00eenc\u0103lcat \u0219i dumneavoastr\u0103 sunte\u021bi responsabil pentru aceast\u0103 \u00eenc\u0103lcare!<\/p><p>3.3 Restric\u021bii privind drepturile de autor<\/p><p>Acest Software con\u021bine materiale protejate prin drepturi de autor, secrete comerciale, algoritmi \u0219i alte materiale de proprietate. Nu trebuie s\u0103 modifica\u021bi \u0219i nu ve\u021bi \u00eencerca s\u0103 modifica\u021bi, s\u0103 face\u021bi inginerie invers\u0103, s\u0103 dezasambla\u021bi sau s\u0103 decompila\u021bi ContourTrace. De asemenea, nu pute\u021bi crea nicio lucrare derivat\u0103 sau alte lucr\u0103ri care se bazeaz\u0103 pe ContourTrace sau care deriv\u0103 din acesta, \u00een totalitate sau \u00een parte.<\/p><p>Numele, sigla \u0219i fi\u0219ierul grafic al companiei care reprezint\u0103 ContourTrace nu vor fi folosite \u00een niciun fel pentru a promova produsele dezvoltate cu ContourTrace. Compania \u00ee\u0219i p\u0103streaz\u0103 proprietatea unic\u0103 \u0219i exclusiv\u0103 asupra tuturor drepturilor, titlurilor \u0219i intereselor legate de ContourTrace \u0219i a tuturor drepturilor de proprietate intelectual\u0103 aferente.<\/p><p>Legisla\u021bia privind drepturile de autor \u0219i prevederile tratatelor interna\u021bionale privind drepturile de autor protejeaz\u0103 toate p\u0103r\u021bile ContourTrace, produsele \u0219i serviciile. Niciun program, cod, algoritm, parte, imagine, e\u0219antion audio sau text nu poate fi copiat sau utilizat \u00een vreun fel de c\u0103tre utilizator, cu excep\u021bia celor prev\u0103zute \u00een limitele programului pentru un singur utilizator. Toate drepturile care nu sunt acordate \u00een mod expres \u00een temeiul prezentului document sunt rezervate companiei.<\/p><p>3.4 Limitarea responsabilit\u0103\u021bii<\/p><p>Ve\u021bi desp\u0103gubi, exonera \u0219i ap\u0103ra Compania, angaja\u021bii, agen\u021bii \u0219i distribuitorii acesteia de orice preten\u021bii, proceduri, cereri \u0219i costuri care rezult\u0103 din sau sunt \u00een orice fel legate de utilizarea de c\u0103tre dvs. a Software-ului Companiei.<\/p><p>\u00cen niciun caz (inclusiv, f\u0103r\u0103 limitare, \u00een caz de neglijen\u021b\u0103), Compania, angaja\u021bii, agen\u021bii sau distribuitorii s\u0103i nu vor fi r\u0103spunz\u0103tori pentru orice daune indirecte, incidentale, speciale sau punitive de orice fel (inclusiv, f\u0103r\u0103 limitare, daune pentru pierderi de profit, pierderi de utilizare, \u00eentreruperea activit\u0103\u021bii, pierderea de informa\u021bii sau de date, sau pierderi pecuniare), \u00een leg\u0103tur\u0103 cu sau care rezult\u0103 din sau sunt legate de acest acord, de ContourTrace sau de utilizarea sau incapacitatea de a utiliza ContourTrace sau de furnizarea, executarea sau utilizarea oric\u0103ror alte aspecte \u00een temeiul prezentului contract, indiferent dac\u0103 se bazeaz\u0103 pe contract, delict sau orice alt\u0103 teorie, inclusiv neglijen\u021ba.<\/p><p>\u00centreaga r\u0103spundere a Companiei, f\u0103r\u0103 excep\u021bie, este limitat\u0103 la rambursarea de c\u0103tre clien\u021bi a pre\u021bului de achizi\u021bie al Software-ului (maximul fiind cel mai mic dintre suma pl\u0103tit\u0103 de dumneavoastr\u0103 \u0219i pre\u021bul cu am\u0103nuntul sugerat de Companie) \u00een schimbul return\u0103rii produsului, a tuturor copiilor, a documentelor de \u00eenregistrare \u0219i a manualelor, precum \u0219i a tuturor materialelor care constituie un transfer de licen\u021b\u0103 de la client c\u0103tre Companie.<\/p><p>3.5 Garan\u021bii<\/p><p>Cu excep\u021bia cazului \u00een care se men\u021bioneaz\u0103 \u00een mod expres \u00een scris, Compania nu face nicio declara\u021bie sau garan\u021bie cu privire la acest Software \u0219i exclude \u00een mod expres toate celelalte garan\u021bii, exprimate sau implicite, orale sau scrise, inclusiv, f\u0103r\u0103 a se limita la, orice garan\u021bii implicite de calitate comercial\u0103 sau de adecvare la un anumit scop.<\/p><p>3.6 Legea aplicabil\u0103<\/p><p>Prezentul acord este reglementat de legisla\u021bia Republicii Federale Germania aplicabil\u0103 \u00een acest domeniu. Prin prezenta, v\u0103 supune\u021bi \u00een mod irevocabil jurisdic\u021biei neexclusive a instan\u021belor din Republica Federal\u0103 Germania. \u00cen cazul \u00een care orice prevedere va fi considerat\u0103 ilegal\u0103, nul\u0103 sau inaplicabil\u0103 \u00een alt mod, atunci respectiva prevedere va fi considerat\u0103 separabil\u0103 din prezenta licen\u021b\u0103 \u0219i nu va afecta validitatea \u0219i aplicabilitatea celorlalte prevederi.<\/p><p>3.7 \u00cencetare<\/p><p>Orice nerespectare a termenilor \u0219i condi\u021biilor prezentului acord va duce la rezilierea automat\u0103 \u0219i imediat\u0103 a acestei licen\u021be. La rezilierea acestei licen\u021be acordate prin prezentul acord, indiferent de motiv, sunte\u021bi de acord s\u0103 \u00eenceta\u021bi imediat utilizarea ContourTrace \u0219i s\u0103 distruge\u021bi toate copiile ContourTrace furnizate \u00een temeiul prezentului acord. Obliga\u021biile financiare asumate de dumneavoastr\u0103 vor supravie\u021bui expir\u0103rii sau rezilierii prezentei licen\u021be.<\/p><p>4. RENUN\u021aAREA LA GARAN\u021aIE<\/p><p>ACEST SOFTWARE \u0218I FI\u0218IERELE CARE \u00ceL \u00ceNSO\u021aESC SUNT V\u00c2NDUTE \"A\u0218A CUM SUNT\" \u0218I F\u0102R\u0102 GARAN\u021aII DE PERFORMAN\u021a\u0102 SAU DE VANDABILITATE SAU ORICE ALTE GARAN\u021aII EXPRIMATE SAU IMPLICITE. ACEAST\u0102 DECLINARE DE RESPONSABILITATE se refer\u0103 la toate fi\u0219ierele generate \u0219i editate de ContourTrace, precum \u0219i la toate fi\u0219ierele generate \u0219i editate de ContourTrace.<\/p><p>5. CONSIM\u021a\u0102M\u00c2NTUL DE UTILIZARE A DATELOR<\/p><p>Sunte\u021bi de acord c\u0103 societatea poate colecta \u0219i utiliza informa\u021biile colectate \u00een orice mod ca parte a serviciilor de asisten\u021b\u0103 pentru produse care v\u0103 sunt furnizate, dac\u0103 este cazul, \u00een leg\u0103tur\u0103 cu ContourTrace. De asemenea, Compania poate utiliza aceste informa\u021bii pentru a v\u0103 furniza notific\u0103ri care ar putea fi utile sau de interes pentru dumneavoastr\u0103.<\/p><p>5.1 Not\u0103 de referin\u021b\u0103<\/p><p>Autoriza\u021bi compania s\u0103 v\u0103 numeasc\u0103 drept client de referin\u021b\u0103 dup\u0103 \u00eencheierea contractului. Societatea are dreptul de a utiliza \u00een acest scop numele \u0219i logo-ul dumneavoastr\u0103 pe site-ul s\u0103u web \u0219i \u00een materialele de marketing. Pute\u021bi revoca acest consim\u021b\u0103m\u00e2nt \u00een scris \u00een orice moment, cu efect pentru viitor.<\/p><p>6. Servicii ale ter\u021bilor<\/p><p>Aplica\u021bia poate afi\u0219a, include sau pune la dispozi\u021bie con\u021binut de la ter\u021bi (inclusiv date, informa\u021bii, aplica\u021bii \u0219i alte produse \u0219i servicii) sau poate furniza linkuri c\u0103tre site-uri web sau servicii ale ter\u021bilor.<\/p><p>Recunoa\u0219te\u021bi \u0219i sunte\u021bi de acord c\u0103 Societatea nu este responsabil\u0103 pentru Serviciile ter\u021bilor, inclusiv pentru acurate\u021bea, caracterul complet, actualitatea, validitatea, conformitatea cu drepturile de autor, legalitatea, decen\u021ba, calitatea sau orice alt aspect al acestora. Compania nu \u00ee\u0219i asum\u0103 \u0219i nu va avea nicio r\u0103spundere sau responsabilitate fa\u021b\u0103 de dvs. sau fa\u021b\u0103 de orice alt\u0103 persoan\u0103 sau entitate pentru orice Servicii ale ter\u021bilor.<\/p><p>Atunci c\u00e2nd utiliza\u021bi aplica\u021bia, trebuie s\u0103 respecta\u021bi Termenii de acord ai ter\u021belor p\u0103r\u021bi aplicabile. Serviciile ter\u021bilor \u0219i leg\u0103turile c\u0103tre acestea sunt furnizate numai pentru a v\u0103 oferi un confort, iar dumneavoastr\u0103 le accesa\u021bi \u0219i le utiliza\u021bi \u00een \u00eentregime pe propriul risc \u0219i \u00een conformitate cu Termenii \u0219i condi\u021biile ter\u021bilor respectivi.<\/p><p>Utiliz\u0103m serviciul Back4App pentru stocarea datelor utilizatorilor. Prin utilizarea ContourTrace sunte\u021bi de acord cu utilizarea acestui serviciu ter\u021b. De asemenea, sunte\u021bi de acord cu Termenii de utilizare \u0219i Politica de confiden\u021bialitate a Back4App, Inc.:<br \/>https:\/\/www.back4app.com\/terms-of-service.pdf<br \/>https:\/\/www.back4app.com\/privacy.pdf<\/p><p>Termenii \u0219i licen\u021bele suplimentare pentru serviciile \u0219i software-ul de la ter\u021bi pot fi g\u0103site \u00een calea de instalare a aplica\u021biei, \u00een folderul \"Acorduri de licen\u021b\u0103\". Lista a fost \u00eentocmit\u0103 conform cuno\u0219tin\u021belor \u0219i convingerilor noastre, dar nu garant\u0103m c\u0103 este actual\u0103 sau complet\u0103.<\/p><p>7. Actualizare \u0219i \u00eentre\u021binere<\/p><p>Societatea furnizeaz\u0103 actualiz\u0103ri \u0219i \u00eentre\u021binere lunar sau \u00een func\u021bie de necesit\u0103\u021bi.<\/p><p>8. Suport<\/p><p>Compania nu are nicio obliga\u021bie de a oferi asisten\u021b\u0103 pentru Aplica\u021bie sau de a continua s\u0103 furnizeze sau s\u0103 actualizeze oricare dintre Aplica\u021bii.<\/p>\t\t\t\t\t\t\t\t<\/div>\n\t\t\t\t<\/div>\n\t\t\t\t\t<\/div>\n\t\t<\/div>\n\t\t\t\t\t<\/div>\n\t\t<\/section>\n\t\t\t\t<section class=\"elementor-section elementor-top-section elementor-element elementor-element-9c25977 elementor-section-boxed elementor-section-height-default elementor-section-height-default\" data-id=\"9c25977\" data-element_type=\"section\" data-e-type=\"section\">\n\t\t\t\t\t\t<div class=\"elementor-container elementor-column-gap-default\">\n\t\t\t\t\t<div class=\"elementor-column elementor-col-100 elementor-top-column elementor-element elementor-element-78579f7\" data-id=\"78579f7\" data-element_type=\"column\" data-e-type=\"column\">\n\t\t\t<div class=\"elementor-widget-wrap elementor-element-populated\">\n\t\t\t\t\t\t\t<\/div>\n\t\t<\/div>\n\t\t\t\t\t<\/div>\n\t\t<\/section>\n\t\t\t\t<section class=\"elementor-section elementor-top-section elementor-element elementor-element-7c08680 elementor-section-boxed elementor-section-height-default elementor-section-height-default\" data-id=\"7c08680\" data-element_type=\"section\" data-e-type=\"section\">\n\t\t\t\t\t\t<div class=\"elementor-container elementor-column-gap-default\">\n\t\t\t\t\t<div class=\"elementor-column elementor-col-100 elementor-top-column elementor-element elementor-element-3f66f56\" data-id=\"3f66f56\" data-element_type=\"column\" data-e-type=\"column\">\n\t\t\t<div class=\"elementor-widget-wrap elementor-element-populated\">\n\t\t\t\t\t\t\t<\/div>\n\t\t<\/div>\n\t\t\t\t\t<\/div>\n\t\t<\/section>\n\t\t\t\t<section class=\"elementor-section elementor-top-section elementor-element elementor-element-4c9b4b6 elementor-section-boxed elementor-section-height-default elementor-section-height-default\" data-id=\"4c9b4b6\" data-element_type=\"section\" data-e-type=\"section\">\n\t\t\t\t\t\t<div class=\"elementor-container elementor-column-gap-default\">\n\t\t\t\t\t<div class=\"elementor-column elementor-col-100 elementor-top-column elementor-element elementor-element-c81ef60\" data-id=\"c81ef60\" data-element_type=\"column\" data-e-type=\"column\">\n\t\t\t<div class=\"elementor-widget-wrap elementor-element-populated\">\n\t\t\t\t\t\t\t<\/div>\n\t\t<\/div>\n\t\t\t\t\t<\/div>\n\t\t<\/section>\n\t\t\t\t<section class=\"elementor-section elementor-top-section elementor-element elementor-element-2ebd9c4d elementor-section-boxed elementor-section-height-default elementor-section-height-default\" data-id=\"2ebd9c4d\" data-element_type=\"section\" data-e-type=\"section\">\n\t\t\t\t\t\t<div class=\"elementor-container elementor-column-gap-default\">\n\t\t\t\t\t<div class=\"elementor-column elementor-col-100 elementor-top-column elementor-element elementor-element-69214580\" data-id=\"69214580\" data-element_type=\"column\" data-e-type=\"column\">\n\t\t\t<div class=\"elementor-widget-wrap elementor-element-populated\">\n\t\t\t\t\t\t\t<\/div>\n\t\t<\/div>\n\t\t\t\t\t<\/div>\n\t\t<\/section>\n\t\t\t\t<section class=\"elementor-section elementor-top-section elementor-element elementor-element-92a4938 elementor-section-boxed elementor-section-height-default elementor-section-height-default\" data-id=\"92a4938\" data-element_type=\"section\" data-e-type=\"section\">\n\t\t\t\t\t\t<div class=\"elementor-container elementor-column-gap-default\">\n\t\t\t\t\t<div class=\"elementor-column elementor-col-100 elementor-top-column elementor-element elementor-element-cd0058d\" data-id=\"cd0058d\" data-element_type=\"column\" data-e-type=\"column\">\n\t\t\t<div class=\"elementor-widget-wrap elementor-element-populated\">\n\t\t\t\t\t\t<div class=\"elementor-element elementor-element-d36a1ae elementor-widget elementor-widget-spacer\" data-id=\"d36a1ae\" data-element_type=\"widget\" data-e-type=\"widget\" data-widget_type=\"spacer.default\">\n\t\t\t\t<div class=\"elementor-widget-container\">\n\t\t\t\t\t\t\t<div class=\"elementor-spacer\">\n\t\t\t<div class=\"elementor-spacer-inner\"><\/div>\n\t\t<\/div>\n\t\t\t\t\t\t<\/div>\n\t\t\t\t<\/div>\n\t\t\t\t\t<\/div>\n\t\t<\/div>\n\t\t\t\t\t<\/div>\n\t\t<\/section>\n\t\t\t\t<\/div>","protected":false},"excerpt":{"rendered":"<p>ContourTraceCopyright (c) 2022 KUHN SOLUTIONS, Daniel Kuhn *** ACORD DE LICEN\u021a\u0102 PENTRU UTILIZATORUL FINAL *** IMPORTANT: Citi\u021bi cu aten\u021bie aceast\u0103 licen\u021b\u0103 \u00eenainte de a utiliza acest software. Interpretare----- Cuvintele a c\u0103ror liter\u0103 ini\u021bial\u0103 este scris\u0103 cu majuscul\u0103 au semnifica\u021bii definite\u00een urm\u0103toarele condi\u021bii. ... <a href=\"https:\/\/contourtrace.com\/ro\/end-user-license-agreement-contourtrace-software\/\">Cite\u0219te mai mult<\/a><\/p>","protected":false},"author":10,"featured_media":0,"parent":0,"menu_order":3,"comment_status":"closed","ping_status":"closed","template":"elementor_theme","meta":{"footnotes":""},"class_list":["post-3013","page","type-page","status-publish","hentry"],"_links":{"self":[{"href":"https:\/\/contourtrace.com\/ro\/wp-json\/wp\/v2\/pages\/3013","targetHints":{"allow":["GET"]}}],"collection":[{"href":"https:\/\/contourtrace.com\/ro\/wp-json\/wp\/v2\/pages"}],"about":[{"href":"https:\/\/contourtrace.com\/ro\/wp-json\/wp\/v2\/types\/page"}],"author":[{"embeddable":true,"href":"https:\/\/contourtrace.com\/ro\/wp-json\/wp\/v2\/users\/10"}],"replies":[{"embeddable":true,"href":"https:\/\/contourtrace.com\/ro\/wp-json\/wp\/v2\/comments?post=3013"}],"version-history":[{"count":0,"href":"https:\/\/contourtrace.com\/ro\/wp-json\/wp\/v2\/pages\/3013\/revisions"}],"wp:attachment":[{"href":"https:\/\/contourtrace.com\/ro\/wp-json\/wp\/v2\/media?parent=3013"}],"curies":[{"name":"wp","href":"https:\/\/api.w.org\/{rel}","templated":true}]}}