{"id":879,"date":"2021-05-14T14:02:08","date_gmt":"2021-05-14T14:02:08","guid":{"rendered":"https:\/\/contourtrace.com\/?page_id=879"},"modified":"2023-07-14T11:07:03","modified_gmt":"2023-07-14T11:07:03","slug":"liability","status":"publish","type":"page","link":"https:\/\/contourtrace.com\/sk\/liability\/","title":{"rendered":"Zodpovednos\u0165"},"content":{"rendered":"<div data-elementor-type=\"wp-page\" data-elementor-id=\"879\" class=\"elementor elementor-879\" data-elementor-post-type=\"page\">\n\t\t\t\t\t\t<section class=\"elementor-section elementor-top-section elementor-element elementor-element-2ebd9c4d elementor-section-boxed elementor-section-height-default elementor-section-height-default\" data-id=\"2ebd9c4d\" data-element_type=\"section\" data-e-type=\"section\">\n\t\t\t\t\t\t<div class=\"elementor-container elementor-column-gap-default\">\n\t\t\t\t\t<div class=\"elementor-column elementor-col-100 elementor-top-column elementor-element elementor-element-69214580\" data-id=\"69214580\" data-element_type=\"column\" data-e-type=\"column\">\n\t\t\t<div class=\"elementor-widget-wrap elementor-element-populated\">\n\t\t\t\t\t\t<div class=\"elementor-element elementor-element-4d953a3a elementor-widget elementor-widget-text-editor\" data-id=\"4d953a3a\" data-element_type=\"widget\" data-e-type=\"widget\" data-widget_type=\"text-editor.default\">\n\t\t\t\t<div class=\"elementor-widget-container\">\n\t\t\t\t\t\t\t\t\t<p><\/p>\n<h4 class=\"wp-block-heading\">Zodpovednos\u0165 za obsah<br><\/h4>\n<p>Obsah na\u0161ich str\u00e1nok bol vytvoren\u00fd s maxim\u00e1lnou starostlivos\u0165ou. Za spr\u00e1vnos\u0165, \u00faplnos\u0165 a aktu\u00e1lnos\u0165 obsahu v\u0161ak nem\u00f4\u017eeme prevzia\u0165 \u017eiadnu z\u00e1ruku. Ako poskytovate\u013e slu\u017eieb sme pod\u013ea \u00a7 7 ods. 1 TMG zodpovedn\u00ed za vlastn\u00e9 obsahy na t\u00fdchto str\u00e1nkach v s\u00falade so v\u0161eobecn\u00fdmi z\u00e1konmi. Pod\u013ea \u00a7\u00a7 8 a\u017e 10 TMG nie sme ako poskytovate\u013e slu\u017eieb povinn\u00ed monitorova\u0165 pren\u00e1\u0161an\u00e9 alebo ulo\u017een\u00e9 inform\u00e1cie tret\u00edch str\u00e1n alebo vy\u0161etrova\u0165 okolnosti, ktor\u00e9 nazna\u010duj\u00fa nez\u00e1konn\u00fa \u010dinnos\u0165. Povinnosti odstr\u00e1ni\u0165 alebo zablokova\u0165 pou\u017e\u00edvanie inform\u00e1ci\u00ed v s\u00falade so v\u0161eobecn\u00fdmi z\u00e1konmi t\u00fdm nie s\u00fa dotknut\u00e9. Zodpovednos\u0165 v tomto oh\u013eade je v\u0161ak mo\u017en\u00e1 a\u017e od momentu, ke\u010f sa dozviete o konkr\u00e9tnom poru\u0161en\u00ed z\u00e1kona. Akon\u00e1hle sa o takomto poru\u0161en\u00ed dozvieme, okam\u017eite tak\u00fdto obsah odstr\u00e1nime.<\/p>\n<p><span style=\"font-size: 25px;\">Zodpovednos\u0165 za odkazy<\/span><br><\/p>\n<p>Na\u0161a ponuka obsahuje odkazy na extern\u00e9 webov\u00e9 str\u00e1nky tret\u00edch str\u00e1n, na ktor\u00fdch obsah nem\u00e1me \u017eiadny vplyv. Preto nem\u00f4\u017eeme prevzia\u0165 \u017eiadnu zodpovednos\u0165 za tento extern\u00fd obsah. Za obsah odkazovan\u00fdch str\u00e1nok je v\u017edy zodpovedn\u00fd pr\u00edslu\u0161n\u00fd poskytovate\u013e alebo prev\u00e1dzkovate\u013e str\u00e1nok. Prepojen\u00e9 str\u00e1nky boli v \u010dase prepojenia skontrolovan\u00e9 z h\u013eadiska mo\u017en\u00e9ho poru\u0161enia pr\u00e1vnych predpisov. Nez\u00e1konn\u00fd obsah nebol v \u010dase prepojenia rozpoznan\u00fd. Trval\u00e1 kontrola obsahu odkazovan\u00fdch str\u00e1nok nie je bez konkr\u00e9tnych d\u00f4kazov o poru\u0161en\u00ed pr\u00e1va opodstatnen\u00e1. Akon\u00e1hle zist\u00edme ak\u00e9ko\u013evek poru\u0161enie pr\u00e1vnych predpisov, okam\u017eite tak\u00e9to odkazy odstr\u00e1nime.<\/p>\n<p><span style=\"font-size: 25px;\">Autorsk\u00e9 pr\u00e1va<\/span><br><\/p>\n<p>Obsah a diela na t\u00fdchto str\u00e1nkach vytvoren\u00e9 prev\u00e1dzkovate\u013emi str\u00e1nok podliehaj\u00fa nemeck\u00e9mu autorsk\u00e9mu pr\u00e1vu. Pr\u00edspevky tret\u00edch str\u00e1n s\u00fa takto ozna\u010den\u00e9. Na rozmno\u017eovanie, spracovanie, \u0161\u00edrenie a ak\u00fdko\u013evek druh pou\u017eitia nad r\u00e1mec autorsk\u00e9ho z\u00e1kona je potrebn\u00fd p\u00edsomn\u00fd s\u00fahlas pr\u00edslu\u0161n\u00e9ho autora alebo tvorcu. S\u0165ahovanie a kop\u00edrovanie t\u00fdchto str\u00e1nok je povolen\u00e9 len na s\u00fakromn\u00e9, nekomer\u010dn\u00e9 pou\u017eitie. Prev\u00e1dzkovatelia t\u00fdchto str\u00e1nok sa v\u017edy sna\u017eia re\u0161pektova\u0165 autorsk\u00e9 pr\u00e1va in\u00fdch os\u00f4b alebo pou\u017e\u00edva\u0165 ich vlastn\u00e9 diela alebo diela bez licencie.<\/p>\n<p>Zdroj: Zrieknutie sa zodpovednosti od<span style=\"color: inherit; font-family: inherit; font-size: inherit; font-style: inherit; font-weight: inherit;\">&nbsp;<\/span><a href=\"https:\/\/www.e-recht24.de\/\" target=\"_blank\" rel=\"noopener\" style=\"font-family: inherit; font-size: inherit; font-style: inherit; font-weight: inherit; background-color: rgb(255, 255, 255);\">eRecht24.de<\/a>. Pr\u00e1vne poradenstvo od RA S\u00f6ren Siebert.<br><\/p>\n<p><\/p>\t\t\t\t\t\t\t\t<\/div>\n\t\t\t\t<\/div>\n\t\t\t\t\t<\/div>\n\t\t<\/div>\n\t\t\t\t\t<\/div>\n\t\t<\/section>\n\t\t\t\t<\/div>","protected":false},"excerpt":{"rendered":"<p>Zodpovednos\u0165 za obsah Obsah na\u0161ich str\u00e1nok bol vytvoren\u00fd s maxim\u00e1lnou starostlivos\u0165ou. Za spr\u00e1vnos\u0165, \u00faplnos\u0165 a aktu\u00e1lnos\u0165 obsahu v\u0161ak nem\u00f4\u017eeme prevzia\u0165 \u017eiadnu z\u00e1ruku. Ako poskytovate\u013e slu\u017eieb nesieme zodpovednos\u0165 pod\u013ea ... <a href=\"https:\/\/contourtrace.com\/sk\/liability\/\">\u010c\u00edtajte viac<\/a><\/p>","protected":false},"author":1,"featured_media":0,"parent":0,"menu_order":6,"comment_status":"closed","ping_status":"open","template":"elementor_theme","meta":{"footnotes":""},"class_list":["post-879","page","type-page","status-publish","hentry"],"_links":{"self":[{"href":"https:\/\/contourtrace.com\/sk\/wp-json\/wp\/v2\/pages\/879","targetHints":{"allow":["GET"]}}],"collection":[{"href":"https:\/\/contourtrace.com\/sk\/wp-json\/wp\/v2\/pages"}],"about":[{"href":"https:\/\/contourtrace.com\/sk\/wp-json\/wp\/v2\/types\/page"}],"author":[{"embeddable":true,"href":"https:\/\/contourtrace.com\/sk\/wp-json\/wp\/v2\/users\/1"}],"replies":[{"embeddable":true,"href":"https:\/\/contourtrace.com\/sk\/wp-json\/wp\/v2\/comments?post=879"}],"version-history":[{"count":0,"href":"https:\/\/contourtrace.com\/sk\/wp-json\/wp\/v2\/pages\/879\/revisions"}],"wp:attachment":[{"href":"https:\/\/contourtrace.com\/sk\/wp-json\/wp\/v2\/media?parent=879"}],"curies":[{"name":"wp","href":"https:\/\/api.w.org\/{rel}","templated":true}]}}