{"id":3641,"date":"2023-07-14T11:08:01","date_gmt":"2023-07-14T11:08:01","guid":{"rendered":"https:\/\/contourtrace.com\/?page_id=3641"},"modified":"2025-05-15T09:46:48","modified_gmt":"2025-05-15T09:46:48","slug":"sample-page","status":"publish","type":"page","link":"https:\/\/contourtrace.com\/sl\/sample-page\/","title":{"rendered":"Stran vzorca"},"content":{"rendered":"<div data-elementor-type=\"wp-page\" data-elementor-id=\"3641\" class=\"elementor elementor-3641\" data-elementor-post-type=\"page\">\n\t\t\t\t\t\t<section class=\"elementor-section elementor-top-section elementor-element elementor-element-374d2d06 elementor-section-boxed elementor-section-height-default elementor-section-height-default\" data-id=\"374d2d06\" data-element_type=\"section\" data-e-type=\"section\">\n\t\t\t\t\t\t<div class=\"elementor-container elementor-column-gap-default\">\n\t\t\t\t\t<div class=\"elementor-column elementor-col-100 elementor-top-column elementor-element elementor-element-21131b81\" data-id=\"21131b81\" data-element_type=\"column\" data-e-type=\"column\">\n\t\t\t<div class=\"elementor-widget-wrap elementor-element-populated\">\n\t\t\t\t\t\t<div class=\"elementor-element elementor-element-5237f6a elementor-widget elementor-widget-html\" data-id=\"5237f6a\" data-element_type=\"widget\" data-e-type=\"widget\" data-widget_type=\"html.default\">\n\t\t\t\t<div class=\"elementor-widget-container\">\n\t\t\t\t\t<script async src=\"https:\/\/js.stripe.com\/v3\/pricing-table.js\"><\/script>\r\n<stripe-pricing-table pricing-table-id=\"prctbl_1RJtX3P9mLIYGmqFVX3bzAby\"\r\npublishable-key=\"pk_test_51RJUByP9mLIYGmqFkCVBpyJL19YbSQxBB2i9aPIHbj142vnV36MBkMsyGDg04S602ERw0mMSxn4XtgJxxwK6Nslw00QI0hHdBe\">\r\n<\/stripe-pricing-table>\t\t\t\t<\/div>\n\t\t\t\t<\/div>\n\t\t\t\t<div class=\"elementor-element elementor-element-16ca9de elementor-widget elementor-widget-text-editor\" data-id=\"16ca9de\" data-element_type=\"widget\" data-e-type=\"widget\" data-widget_type=\"text-editor.default\">\n\t\t\t\t<div class=\"elementor-widget-container\">\n\t\t\t\t\t\t\t\t\t\n<p>To je primer strani. Od objave na blogu se razlikuje po tem, da ostane na enem mestu in se prika\u017ee v navigaciji va\u0161ega spletnega mesta (v ve\u010dini tem). Ve\u010dina ljudi za\u010dne s stranjo O strani, ki jih predstavi potencialnim obiskovalcem spletnega mesta. Na njej lahko pi\u0161e nekaj takega:<\/p>\n\n\n\n<blockquote class=\"wp-block-quote is-layout-flow wp-block-quote-is-layout-flow\"><p>Pozdravljeni! Podnevi sem kolesarski kurir, pono\u010di ambiciozni igralec, to je moja spletna stran. \u017divim v Los Angelesu, imam \u010dudovitega psa Jacka in rad pi\u00f1a colado. (In se pustim ujeti v de\u017eju.)<\/p><\/blockquote>\n\n\n\n<p>...ali nekaj takega:<\/p>\n\n\n\n<blockquote class=\"wp-block-quote is-layout-flow wp-block-quote-is-layout-flow\"><p>Dru\u017eba XYZ Doohickey Company je bila ustanovljena leta 1971 in od takrat javnosti ponuja kakovostne doohickeye. Podjetje XYZ, ki se nahaja v Gotham Cityju, zaposluje ve\u010d kot 2.000 ljudi in po\u010dne vse mogo\u010de \u010dudovite stvari za gothamsko skupnost.<\/p><\/blockquote>\n\n\n\n<p>Kot nov uporabnik WordPressa morate iti v <a href=\"https:\/\/contourtrace.com\/wp-admin\/\">va\u0161a armaturna plo\u0161\u010da<\/a> izbri\u0161ete to stran in ustvarite nove strani za svojo vsebino. Zabavajte se!<\/p>\n\t\t\t\t\t\t\t\t<\/div>\n\t\t\t\t<\/div>\n\t\t\t\t\t<\/div>\n\t\t<\/div>\n\t\t\t\t\t<\/div>\n\t\t<\/section>\n\t\t\t\t<\/div>","protected":false},"excerpt":{"rendered":"<p>To je primer strani. Od objave na blogu se razlikuje po tem, da ostane na enem mestu in se prika\u017ee v navigaciji va\u0161ega spletnega mesta (v ve\u010dini tem). Ve\u010dina ljudi za\u010dne s stranjo O spletnem mestu, ki jih seznani s spletnim mestom in jim predstavi ... <a href=\"https:\/\/contourtrace.com\/sl\/sample-page\/\">Preberite ve\u010d<\/a><\/p>","protected":false},"author":10,"featured_media":0,"parent":0,"menu_order":9,"comment_status":"closed","ping_status":"open","template":"","meta":{"footnotes":""},"class_list":["post-3641","page","type-page","status-publish","hentry"],"_links":{"self":[{"href":"https:\/\/contourtrace.com\/sl\/wp-json\/wp\/v2\/pages\/3641","targetHints":{"allow":["GET"]}}],"collection":[{"href":"https:\/\/contourtrace.com\/sl\/wp-json\/wp\/v2\/pages"}],"about":[{"href":"https:\/\/contourtrace.com\/sl\/wp-json\/wp\/v2\/types\/page"}],"author":[{"embeddable":true,"href":"https:\/\/contourtrace.com\/sl\/wp-json\/wp\/v2\/users\/10"}],"replies":[{"embeddable":true,"href":"https:\/\/contourtrace.com\/sl\/wp-json\/wp\/v2\/comments?post=3641"}],"version-history":[{"count":0,"href":"https:\/\/contourtrace.com\/sl\/wp-json\/wp\/v2\/pages\/3641\/revisions"}],"wp:attachment":[{"href":"https:\/\/contourtrace.com\/sl\/wp-json\/wp\/v2\/media?parent=3641"}],"curies":[{"name":"wp","href":"https:\/\/api.w.org\/{rel}","templated":true}]}}