{"id":879,"date":"2021-05-14T14:02:08","date_gmt":"2021-05-14T14:02:08","guid":{"rendered":"https:\/\/contourtrace.com\/?page_id=879"},"modified":"2023-07-14T11:07:03","modified_gmt":"2023-07-14T11:07:03","slug":"liability","status":"publish","type":"page","link":"https:\/\/contourtrace.com\/sl\/liability\/","title":{"rendered":"Odgovornost"},"content":{"rendered":"<div data-elementor-type=\"wp-page\" data-elementor-id=\"879\" class=\"elementor elementor-879\" data-elementor-post-type=\"page\">\n\t\t\t\t\t\t<section class=\"elementor-section elementor-top-section elementor-element elementor-element-2ebd9c4d elementor-section-boxed elementor-section-height-default elementor-section-height-default\" data-id=\"2ebd9c4d\" data-element_type=\"section\" data-e-type=\"section\">\n\t\t\t\t\t\t<div class=\"elementor-container elementor-column-gap-default\">\n\t\t\t\t\t<div class=\"elementor-column elementor-col-100 elementor-top-column elementor-element elementor-element-69214580\" data-id=\"69214580\" data-element_type=\"column\" data-e-type=\"column\">\n\t\t\t<div class=\"elementor-widget-wrap elementor-element-populated\">\n\t\t\t\t\t\t<div class=\"elementor-element elementor-element-4d953a3a elementor-widget elementor-widget-text-editor\" data-id=\"4d953a3a\" data-element_type=\"widget\" data-e-type=\"widget\" data-widget_type=\"text-editor.default\">\n\t\t\t\t<div class=\"elementor-widget-container\">\n\t\t\t\t\t\t\t\t\t<p><\/p>\n<h4 class=\"wp-block-heading\">Odgovornost za vsebino<br><\/h4>\n<p>Vsebina na\u0161ih strani je bila ustvarjena z najve\u010djo skrbnostjo. Za pravilnost, popolnost in aktualnost vsebin ne moremo jam\u010diti. Kot ponudnik storitev smo v skladu s \u010dlenom 7 Abs.1 TMG za svoje vsebine na teh straneh odgovorni v skladu s splo\u0161nimi zakoni. V skladu s \u00a7\u00a7 8 do 10 TMG kot ponudnik storitev nismo dol\u017eni spremljati prenesenih ali shranjenih podatkov tretjih oseb ali preiskovati okoli\u0161\u010din, ki ka\u017eejo na nezakonito dejavnost. Obveznosti za odstranitev ali blokiranje uporabe informacij v skladu s splo\u0161nimi zakoni s tem ostajajo nespremenjene. Vendar je odgovornost v zvezi s tem mogo\u010da \u0161ele od trenutka, ko smo izvedeli za konkretno kr\u0161itev zakona. Takoj, ko bomo izvedeli za tak\u0161ne kr\u0161itve, bomo tak\u0161no vsebino nemudoma odstranili.<\/p>\n<p><span style=\"font-size: 25px;\">Odgovornost za povezave<\/span><br><\/p>\n<p>Na\u0161a ponudba vsebuje povezave do zunanjih spletnih strani tretjih oseb, na katerih vsebino nimamo vpliva. Zato ne moremo prevzeti nobene odgovornosti za te zunanje vsebine. Za vsebino povezanih strani je vedno odgovoren njihov ponudnik ali upravljavec. Povezane strani so bile v \u010dasu povezovanja preverjene glede morebitnih pravnih kr\u0161itev. V \u010dasu povezovanja nezakonite vsebine niso bile prepoznane. Stalni nadzor vsebine povezanih strani ni smiseln brez konkretnih dokazov o kr\u0161itvi. Takoj ko bomo izvedeli za morebitne pravne kr\u0161itve, bomo tak\u0161ne povezave nemudoma odstranili.<\/p>\n<p><span style=\"font-size: 25px;\">Avtorske pravice<\/span><br><\/p>\n<p>Za vsebine in dela na teh straneh, ki jih ustvarijo upravljavci strani, velja nem\u0161ko avtorsko pravo. Prispevki tretjih oseb so kot taki ozna\u010deni. Za razmno\u017eevanje, obdelavo, distribucijo in kakr\u0161no koli uporabo zunaj meja avtorskega prava je potrebno pisno soglasje zadevnega avtorja ali ustvarjalca. Prenosi in kopije teh strani so dovoljeni le za zasebno, nekomercialno uporabo. Upravljavci teh strani si vedno prizadevajo za spo\u0161tovanje avtorskih pravic drugih ali za uporabo lastnih ali brezlicen\u010dnih del.<\/p>\n<p>Vir: Izjava o omejitvi odgovornosti iz<span style=\"color: inherit; font-family: inherit; font-size: inherit; font-style: inherit; font-weight: inherit;\">&nbsp;<\/span><a href=\"https:\/\/www.e-recht24.de\/\" target=\"_blank\" rel=\"noopener\" style=\"font-family: inherit; font-size: inherit; font-style: inherit; font-weight: inherit; background-color: rgb(255, 255, 255);\">eRecht24.de<\/a>. Pravno svetovanje dru\u017ebe RA S\u00f6ren Siebert.<br><\/p>\n<p><\/p>\t\t\t\t\t\t\t\t<\/div>\n\t\t\t\t<\/div>\n\t\t\t\t\t<\/div>\n\t\t<\/div>\n\t\t\t\t\t<\/div>\n\t\t<\/section>\n\t\t\t\t<\/div>","protected":false},"excerpt":{"rendered":"<p>Odgovornost za vsebino Vsebina na\u0161ih strani je bila ustvarjena z najve\u010djo skrbnostjo. Za pravilnost, popolnost in aktualnost vsebin ne jam\u010dimo. Kot ponudnik storitev odgovarjamo v skladu z zakonom, ki ureja varstvo osebnih podatkov.... <a href=\"https:\/\/contourtrace.com\/sl\/liability\/\">Preberite ve\u010d<\/a><\/p>","protected":false},"author":1,"featured_media":0,"parent":0,"menu_order":6,"comment_status":"closed","ping_status":"open","template":"elementor_theme","meta":{"footnotes":""},"class_list":["post-879","page","type-page","status-publish","hentry"],"_links":{"self":[{"href":"https:\/\/contourtrace.com\/sl\/wp-json\/wp\/v2\/pages\/879","targetHints":{"allow":["GET"]}}],"collection":[{"href":"https:\/\/contourtrace.com\/sl\/wp-json\/wp\/v2\/pages"}],"about":[{"href":"https:\/\/contourtrace.com\/sl\/wp-json\/wp\/v2\/types\/page"}],"author":[{"embeddable":true,"href":"https:\/\/contourtrace.com\/sl\/wp-json\/wp\/v2\/users\/1"}],"replies":[{"embeddable":true,"href":"https:\/\/contourtrace.com\/sl\/wp-json\/wp\/v2\/comments?post=879"}],"version-history":[{"count":0,"href":"https:\/\/contourtrace.com\/sl\/wp-json\/wp\/v2\/pages\/879\/revisions"}],"wp:attachment":[{"href":"https:\/\/contourtrace.com\/sl\/wp-json\/wp\/v2\/media?parent=879"}],"curies":[{"name":"wp","href":"https:\/\/api.w.org\/{rel}","templated":true}]}}