{"id":3013,"date":"2022-09-28T08:04:13","date_gmt":"2022-09-28T08:04:13","guid":{"rendered":"https:\/\/contourtrace.com\/?page_id=3013"},"modified":"2026-01-12T17:07:31","modified_gmt":"2026-01-12T17:07:31","slug":"end-user-license-agreement-contourtrace-software","status":"publish","type":"page","link":"https:\/\/contourtrace.com\/tr\/end-user-license-agreement-contourtrace-software\/","title":{"rendered":"SON KULLANICI L\u0130SANS S\u00d6ZLE\u015eMES\u0130 - ContourTrace"},"content":{"rendered":"<div data-elementor-type=\"wp-page\" data-elementor-id=\"3013\" class=\"elementor elementor-3013\" data-elementor-post-type=\"page\">\n\t\t\t\t\t\t<section class=\"elementor-section elementor-top-section elementor-element elementor-element-17dd552 elementor-section-boxed elementor-section-height-default elementor-section-height-default\" data-id=\"17dd552\" data-element_type=\"section\" data-e-type=\"section\">\n\t\t\t\t\t\t<div class=\"elementor-container elementor-column-gap-default\">\n\t\t\t\t\t<div class=\"elementor-column elementor-col-100 elementor-top-column elementor-element elementor-element-e2f4ebd\" data-id=\"e2f4ebd\" data-element_type=\"column\" data-e-type=\"column\">\n\t\t\t<div class=\"elementor-widget-wrap elementor-element-populated\">\n\t\t\t\t\t\t<div class=\"elementor-element elementor-element-7ace5b5 elementor-widget elementor-widget-text-editor\" data-id=\"7ace5b5\" data-element_type=\"widget\" data-e-type=\"widget\" data-widget_type=\"text-editor.default\">\n\t\t\t\t<div class=\"elementor-widget-container\">\n\t\t\t\t\t\t\t\t\t<p>ContourTrace<br \/>Telif Hakk\u0131 (c) 2022 KUHN SOLUTIONS, Daniel Kuhn<\/p><p>*** SON KULLANICI LI\u0307SANS S\u00d6ZLE\u015eMESI\u0307 ***<\/p><p>\u00d6NEMLI\u0307: BU YAZILIMI KULLANMADAN \u00d6NCE L\u00dcTFEN BU LI\u0307SANSI DI\u0307KKATLI\u0307CE OKUYUN.<\/p><p>Yorumlama<br \/>\u2014\u2014\u2014\u2014\u2013<\/p><p>Ba\u015f harfi b\u00fcy\u00fck yaz\u0131lan kelimelerin tan\u0131mlanan anlamlar\u0131 vard\u0131r<br \/>a\u015fa\u011f\u0131daki ko\u015fullar alt\u0131nda. A\u015fa\u011f\u0131daki tan\u0131mlar ayn\u0131 anlama gelecektir<br \/>tekil veya \u00e7o\u011ful olarak g\u00f6r\u00fcnmelerine bak\u0131lmaks\u0131z\u0131n anlam ifade eder.<\/p><p>Tan\u0131mlar<br \/>\u2014\u2014\u2014\u2013<\/p><p>Bu Son Kullan\u0131c\u0131 Lisans S\u00f6zle\u015fmesinin ama\u00e7lar\u0131 do\u011frultusunda:<\/p><p>* S\u00f6zle\u015fme, bu Son Kullan\u0131c\u0131 Lisans S\u00f6zle\u015fmesinin tamam\u0131n\u0131 olu\u015fturan<br \/>kullan\u0131m\u0131na ili\u015fkin olarak Siz ve \u015eirket aras\u0131ndaki anla\u015fma<br \/>Uygulama.<\/p><p>* Uygulama (bu belgede \"Yaz\u0131l\u0131m\" veya \"YAZILIM\" olarak an\u0131lacakt\u0131r)<br \/>S\u00f6zle\u015fme) \u015eirket taraf\u0131ndan sa\u011flanan ve indirilen yaz\u0131l\u0131m program\u0131 anlam\u0131na gelir<br \/>Sizin taraf\u0131n\u0131zdan ContourTrace adl\u0131 bir Cihaza<\/p><p>* \u015eirket (bu belgede \"\u015eirket\", \"Biz\", \"Bize\" veya \"Bizim\" olarak an\u0131lacakt\u0131r.<br \/>S\u00f6zle\u015fme) KUHN SOLUTIONS, Daniel Kuhn, Raitenaugasse 6, 78462 Constance'a at\u0131fta bulunmaktad\u0131r.<\/p><p>* \u0130\u00e7erik, metin, resim veya di\u011fer bilgiler gibi i\u00e7eri\u011fi ifade eder.<br \/>Sizin taraf\u0131n\u0131zdan yay\u0131nlanabilir, y\u00fcklenebilir, ba\u011flant\u0131 verilebilir veya ba\u015fka bir \u015fekilde kullan\u0131ma sunulabilir,<br \/>bu i\u00e7eri\u011fin bi\u00e7iminden ba\u011f\u0131ms\u0131z olarak.<\/p><p>* \u00dclke anlam\u0131na gelir: Almanya<\/p><p>* Cihaz, Uygulamaya eri\u015febilen herhangi bir cihaz anlam\u0131na gelir, \u00f6rne\u011fin<br \/>bilgisayar, cep telefonu veya dijital tablet.<\/p><p>* \u00dc\u00e7\u00fcnc\u00fc Taraf Hizmetleri, herhangi bir hizmet veya i\u00e7erik (veriler dahil) anlam\u0131na gelir,<br \/>taraf\u0131ndan sa\u011flanan bilgi, uygulama ve di\u011fer \u00fcr\u00fcn hizmetleri)<br \/>taraf\u0131ndan g\u00f6r\u00fcnt\u00fclenebilecek, dahil edilebilecek veya kullan\u0131ma sunulabilecek \u00fc\u00e7\u00fcnc\u00fc taraf<br \/>Uygulama.<\/p><p>* Siz, Uygulamaya eri\u015fen veya Uygulamay\u0131 kullanan ki\u015fi veya<br \/>\u015firket veya ad\u0131na hareket etti\u011fi di\u011fer t\u00fczel ki\u015filikler<br \/>Uygulamaya eri\u015fmek veya Uygulamay\u0131 kullanmak, uygun oldu\u011fu \u015fekilde.<\/p><p>1. L\u0130SANS<\/p><p>Bu yaz\u0131l\u0131m\u0131 i\u00e7eren ContourTrace'i (\"Yaz\u0131l\u0131m\") alarak, dosya paketini a\u00e7arak ve\/veya kullanarak, bu Son Kullan\u0131c\u0131 Lisans S\u00f6zle\u015fmesi'nin (EULA) yasal olarak ba\u011flay\u0131c\u0131 ve ge\u00e7erli bir s\u00f6zle\u015fme oldu\u011funu ve buna ba\u011fl\u0131 kalmay\u0131 kabul edersiniz. Fikri m\u00fclkiyet yasalar\u0131na ve bu S\u00f6zle\u015fmenin t\u00fcm h\u00fck\u00fcm ve ko\u015fullar\u0131na uymay\u0131 kabul etmektesiniz.<\/p><p>\u015eirket taraf\u0131ndan imzalanm\u0131\u015f farkl\u0131 bir lisans s\u00f6zle\u015fmeniz olmad\u0131\u011f\u0131 s\u00fcrece ContourTrace'i kullanman\u0131z bu lisans s\u00f6zle\u015fmesini ve garantiyi kabul etti\u011finizi g\u00f6sterir.<\/p><p>Bu S\u00f6zle\u015fmenin \u015fartlar\u0131na tabi olarak \u015eirket size ContourTrace'i bu S\u00f6zle\u015fmeye ve \u015eirket ile yap\u0131lan di\u011fer yaz\u0131l\u0131 S\u00f6zle\u015fmelere uygun olarak kullanman\u0131z i\u00e7in alt lisans hakk\u0131 olmaks\u0131z\u0131n s\u0131n\u0131rl\u0131, m\u00fcnhas\u0131r olmayan, devredilemez bir lisans vermektedir. ContourTrace'in m\u00fclkiyetini size devretmiyoruz, size verilen lisans bir sat\u0131\u015f de\u011fildir. Bu S\u00f6zle\u015fme, \u015eirket ile ContourTrace'i sat\u0131n alanlar veya kullananlar aras\u0131nda ba\u011flay\u0131c\u0131 bir yasal anla\u015fmad\u0131r.<\/p><p>Bu S\u00f6zle\u015fme ile ba\u011fl\u0131 olmay\u0131 kabul etmiyorsan\u0131z, ContourTrace'i bilgisayar\u0131n\u0131zdan hemen kald\u0131r\u0131n ve varsa, elinizdeki ContourTrace kopyalar\u0131n\u0131 ve ilgili belgeleri ve ambalajlar\u0131 derhal posta yoluyla Bize iade edin.<\/p><p>2. DA\u011eITIM<\/p><p>ContourTrace ve burada verilen lisans, yaln\u0131zca ar\u015fiv ama\u00e7l\u0131 bir kopya \u00e7\u0131karman\u0131z d\u0131\u015f\u0131nda tamamen veya k\u0131smen kopyalanamaz, payla\u015f\u0131lamaz, da\u011f\u0131t\u0131lamaz, yeniden sat\u0131lamaz, yeniden sat\u0131\u015fa sunulamaz, devredilemez veya alt lisanslanamaz. ContourTrace'in yeniden da\u011f\u0131t\u0131m\u0131 hakk\u0131nda bilgi i\u00e7in Bizimle ileti\u015fime ge\u00e7in.<\/p><p>3. KULLANICI S\u00d6ZLE\u015eMESI\u0307<\/p><p>3.1 Kullan\u0131m<\/p><p>ContourTrace'i kullanma lisans\u0131n\u0131z sat\u0131n ald\u0131\u011f\u0131n\u0131z lisans say\u0131s\u0131 ile s\u0131n\u0131rl\u0131d\u0131r. Ba\u015fkalar\u0131n\u0131n ContourTrace'in kopyalar\u0131n\u0131 kullanmas\u0131na, kopyalamas\u0131na veya de\u011ferlendirmesine izin veremezsiniz.<\/p><p>3.2 Kullan\u0131m K\u0131s\u0131tlamalar\u0131<\/p><p>ContourTrace'i y\u00fcr\u00fcrl\u00fckteki t\u00fcm yasalara uygun olarak kullanacak ve herhangi bir yasad\u0131\u015f\u0131 ama\u00e7 i\u00e7in kullanmayacaks\u0131n\u0131z. Yukar\u0131da belirtilenleri s\u0131n\u0131rlamaks\u0131z\u0131n, ContourTrace'in pornografik, \u0131rk\u00e7\u0131, kaba, m\u00fcstehcen, karalay\u0131c\u0131, iftira niteli\u011finde, k\u00fcf\u00fcrl\u00fc, nefreti te\u015fvik eden, ayr\u0131mc\u0131l\u0131k yapan veya din, etnik k\u00f6ken, \u0131rk, cinsel y\u00f6nelim veya ya\u015fa dayal\u0131 \u00f6nyarg\u0131 sergileyen materyallerle birlikte kullan\u0131lmas\u0131, g\u00f6r\u00fcnt\u00fclenmesi veya da\u011f\u0131t\u0131lmas\u0131 kesinlikle yasakt\u0131r.<\/p><p>ContourTrace'in her lisansl\u0131 kopyas\u0131 tek bir kullan\u0131c\u0131 taraf\u0131ndan tek bir bilgisayar konumunda kullan\u0131labilir. ContourTrace kullan\u0131m\u0131, ContourTrace'i bir bilgisayara veya benzer bir cihaza y\u00fckledi\u011finiz, kurdu\u011funuz veya \u00e7al\u0131\u015ft\u0131rd\u0131\u011f\u0131n\u0131z anlam\u0131na gelir. ContourTrace'i \u00e7ok kullan\u0131c\u0131l\u0131 bir platforma, sunucuya veya a\u011fa y\u00fcklerseniz, ContourTrace'in her bir kullan\u0131c\u0131s\u0131 ayr\u0131 ayr\u0131 lisanslanmal\u0131d\u0131r.<\/p><p>ContourTrace'in bir kopyas\u0131n\u0131 yedekleme amac\u0131yla, yaln\u0131zca bir ki\u015fi taraf\u0131ndan kullan\u0131lan tek bir bilgisayara y\u00fcklemeniz ko\u015fuluyla olu\u015fturabilirsiniz. Di\u011fer kullan\u0131c\u0131lar ContourTrace kopyan\u0131z\u0131 kullanamaz. \u015eirketin \u00f6nceden yaz\u0131l\u0131 izni olmadan ContourTrace kopyalar\u0131n\u0131n devri, alt lisans\u0131, a\u011f olu\u015fturulmas\u0131, sat\u0131\u015f\u0131 veya da\u011f\u0131t\u0131m\u0131 kesinlikle yasakt\u0131r. ContourTrace'in kullan\u0131m\u0131n\u0131 devretmek, satmak, payla\u015fmak, \u00f6d\u00fcn\u00e7 vermek, kiralamak, \u00f6d\u00fcn\u00e7 almak, a\u011f kurmak veya transfer etmek bu S\u00f6zle\u015fmenin ihlalidir. Sizin d\u0131\u015f\u0131n\u0131zda herhangi bir ki\u015fi sizin ad\u0131n\u0131za kay\u0131tl\u0131 ContourTrace'i kullan\u0131rsa, ayn\u0131 anda veya farkl\u0131 zamanlarda olmas\u0131na bak\u0131lmaks\u0131z\u0131n, bu S\u00f6zle\u015fme ihlal edilmi\u015f olur ve bu ihlalden siz sorumlu olursunuz!<\/p><p>3.3 Telif Hakk\u0131 K\u0131s\u0131tlamas\u0131<\/p><p>Bu Yaz\u0131l\u0131m telif hakk\u0131yla korunan materyaller, ticari s\u0131rlar, algoritmalar ve di\u011fer tescilli materyaller i\u00e7ermektedir. ContourTrace'i de\u011fi\u015ftiremezsiniz ve de\u011fi\u015ftirmeye, tersine m\u00fchendislik yapmaya, par\u00e7alar\u0131na ay\u0131rmaya veya kaynak koda d\u00f6n\u00fc\u015ft\u00fcrmeye te\u015febb\u00fcs edemezsiniz. ContourTrace'i tamamen veya k\u0131smen temel alan veya ondan t\u00fcretilen herhangi bir t\u00fcrev \u00e7al\u0131\u015fma veya ba\u015fka \u00e7al\u0131\u015fmalar da olu\u015fturamazs\u0131n\u0131z.<\/p><p>ContourTrace'i temsil eden \u015eirket'in ad\u0131, logosu ve grafik dosyas\u0131 ContourTrace ile geli\u015ftirilen \u00fcr\u00fcnleri tan\u0131tmak i\u00e7in hi\u00e7bir \u015fekilde kullan\u0131lmayacakt\u0131r. \u015eirket, ContourTrace ve bununla ilgili t\u00fcm Fikri M\u00fclkiyet haklar\u0131na ili\u015fkin t\u00fcm hak, unvan ve menfaatlerin tek ve m\u00fcnhas\u0131r m\u00fclkiyetini elinde bulundurur.<\/p><p>Telif hakk\u0131 yasas\u0131 ve uluslararas\u0131 telif hakk\u0131 anla\u015fmas\u0131 h\u00fck\u00fcmleri ContourTrace'in t\u00fcm b\u00f6l\u00fcmlerini, \u00fcr\u00fcnlerini ve hizmetlerini korur. Hi\u00e7bir program, kod, algoritma, par\u00e7a, g\u00f6r\u00fcnt\u00fc, ses \u00f6rne\u011fi veya metin, tek kullan\u0131c\u0131 program\u0131n\u0131n s\u0131n\u0131rlar\u0131 dahilinde ama\u00e7lanan\u0131n d\u0131\u015f\u0131nda kullan\u0131c\u0131 taraf\u0131ndan herhangi bir \u015fekilde kopyalanamaz veya kullan\u0131lamaz. Burada a\u00e7\u0131k\u00e7a verilmeyen t\u00fcm haklar \u015eirket i\u00e7in sakl\u0131d\u0131r.<\/p><p>3.4 Sorumlulu\u011fun S\u0131n\u0131rland\u0131r\u0131lmas\u0131<\/p><p>\u015eirketi, \u00e7al\u0131\u015fanlar\u0131n\u0131, temsilcilerini ve distrib\u00fct\u00f6rlerini, \u015eirketin Yaz\u0131l\u0131m\u0131n\u0131 kullan\u0131m\u0131n\u0131zdan kaynaklanan veya herhangi bir \u015fekilde ba\u011flant\u0131l\u0131 olan her t\u00fcrl\u00fc iddia, dava, talep ve maliyete kar\u015f\u0131 tazmin edecek, zarars\u0131z tutacak ve savunacaks\u0131n\u0131z.<\/p><p>\u015eirket, \u00e7al\u0131\u015fanlar\u0131, acenteleri veya distrib\u00fct\u00f6rleri hi\u00e7bir durumda (ihmal durumu dahil ancak bununla s\u0131n\u0131rl\u0131 olmamak \u00fczere) herhangi bir dolayl\u0131, ar\u0131zi, dolayl\u0131, \u00f6zel veya cezai zarardan (kar kayb\u0131, kullan\u0131m kayb\u0131, i\u015f kesintisi zararlar\u0131 dahil ancak bunlarla s\u0131n\u0131rl\u0131 olmamak \u00fczere) sorumlu olmayacakt\u0131r, Bu S\u00f6zle\u015fme, ContourTrace veya ContourTrace'in kullan\u0131m\u0131 veya kullan\u0131lamamas\u0131 veya bu S\u00f6zle\u015fme kapsam\u0131ndaki di\u011fer hususlar\u0131n sa\u011flanmas\u0131, ifas\u0131 veya kullan\u0131m\u0131 ile ba\u011flant\u0131l\u0131 olarak veya bunlardan kaynaklanan bilgi veya veri kayb\u0131 veya maddi kay\u0131p), s\u00f6zle\u015fmeye, haks\u0131z fiile veya ihmal de dahil olmak \u00fczere ba\u015fka herhangi bir teoriye dayans\u0131n dayanmas\u0131n.<\/p><p>\u015eirketin t\u00fcm sorumlulu\u011fu, istisnas\u0131z olarak, \u00fcr\u00fcn\u00fcn, t\u00fcm kopyalar\u0131n, kay\u0131t belgelerinin ve k\u0131lavuzlar\u0131n ve m\u00fc\u015fteriden \u015eirkete bir lisans devri te\u015fkil eden t\u00fcm materyallerin iadesi kar\u015f\u0131l\u0131\u011f\u0131nda m\u00fc\u015fterilerin Yaz\u0131l\u0131m\u0131n sat\u0131n alma bedelini (maksimum sizin taraf\u0131n\u0131zdan \u00f6denen tutar ile \u015eirket taraf\u0131ndan listelenen \u00f6nerilen perakende sat\u0131\u015f fiyat\u0131ndan d\u00fc\u015f\u00fck olan\u0131) geri \u00f6demesiyle s\u0131n\u0131rl\u0131d\u0131r.<\/p><p>3.5 Garantiler<\/p><p>Yaz\u0131l\u0131 olarak a\u00e7\u0131k\u00e7a belirtilmedik\u00e7e, \u015eirket bu Yaz\u0131l\u0131mla ilgili olarak hi\u00e7bir beyanda bulunmaz veya garanti vermez ve ticari kalite veya belirli bir amaca uygunlu\u011fa ili\u015fkin z\u0131mni garantiler dahil ancak bunlarla s\u0131n\u0131rl\u0131 olmamak \u00fczere, a\u00e7\u0131k veya z\u0131mni, s\u00f6zl\u00fc veya yaz\u0131l\u0131 di\u011fer t\u00fcm garantileri a\u00e7\u0131k\u00e7a hari\u00e7 tutar.<\/p><p>3.6 Ge\u00e7erli Hukuk<\/p><p>Bu S\u00f6zle\u015fme, Federal Almanya Cumhuriyeti'nde ge\u00e7erli olan kanunlara tabi olacakt\u0131r. Federal Almanya Cumhuriyeti mahkemelerinin m\u00fcnhas\u0131r olmayan yarg\u0131 yetkisini gayri kabili r\u00fccu olarak kabul ve teslim edersiniz. Herhangi bir h\u00fckm\u00fcn hukuka ayk\u0131r\u0131, ge\u00e7ersiz veya ba\u015fka bir \u015fekilde uygulanamaz oldu\u011fu kabul edilirse, s\u00f6z konusu h\u00fck\u00fcm bu Lisans'tan ayr\u0131labilir kabul edilecek ve di\u011fer h\u00fck\u00fcmlerin ge\u00e7erlili\u011fini ve uygulanabilirli\u011fini etkilemeyecektir.<\/p><p>3.7 Fesih<\/p><p>Bu S\u00f6zle\u015fmenin h\u00fck\u00fcm ve ko\u015fullar\u0131na uyulmamas\u0131, bu lisans\u0131n otomatik olarak ve derhal feshedilmesi ile sonu\u00e7lanacakt\u0131r. Burada verilen lisans\u0131n herhangi bir nedenle sona ermesi \u00fczerine ContourTrace kullan\u0131m\u0131n\u0131 derhal durdurmay\u0131 ve bu S\u00f6zle\u015fme kapsam\u0131nda sa\u011flanan ContourTrace'in t\u00fcm kopyalar\u0131n\u0131 imha etmeyi kabul edersiniz. Taraf\u0131n\u0131zca \u00fcstlenilen mali y\u00fck\u00fcml\u00fcl\u00fckler bu lisans\u0131n sona ermesi veya feshedilmesinden sonra da devam edecektir.<\/p><p>4. GARANTI\u0307NI\u0307N REDDI\u0307<\/p><p>BU YAZILIM VE BERABERI\u0307NDEKI\u0307 DOSYALAR \"OLDU\u011eU GI\u0307BI\u0307\" VE PERFORMANS VEYA SATILABI\u0307LI\u0307RLI\u0307K VEYA A\u00c7IK VEYA ZIMNI\u0307 HERHANGI\u0307 BI\u0307R GARANTI\u0307 OLMAKSIZIN SATILMAKTADIR. BU GARANT\u0130 REDD\u0130, ContourTrace TARAFINDAN \u00dcRET\u0130LEN VE D\u00dcZENLENEN T\u00dcM DOSYALARI DA KAPSAR.<\/p><p>5. VERI\u0307LERI\u0307N KULLANIMINA I\u0307LI\u0307\u015eKI\u0307N ONAY<\/p><p>\u015eirketin, varsa ContourTrace ile ilgili olarak size sa\u011flanan \u00fcr\u00fcn destek hizmetlerinin bir par\u00e7as\u0131 olarak herhangi bir \u015fekilde toplanan bilgileri toplayabilece\u011fini ve kullanabilece\u011fini kabul edersiniz. \u015eirket ayr\u0131ca bu bilgileri sizin i\u00e7in yararl\u0131 olabilecek veya ilginizi \u00e7ekebilecek bildirimleri size sa\u011flamak i\u00e7in de kullanabilir.<\/p><p>5.1 Referans Notu<\/p><p>S\u00f6zle\u015fmenin imzalanmas\u0131ndan sonra \u015firketin sizi referans m\u00fc\u015fteri olarak adland\u0131rmas\u0131na izin veriyorsunuz. \u015eirket bu ama\u00e7la ad\u0131n\u0131z\u0131 ve logonuzu web sitesinde ve pazarlama materyallerinde kullanma hakk\u0131na sahiptir. Bu izni, gelecekte ge\u00e7erli olmak \u00fczere istedi\u011finiz zaman yaz\u0131l\u0131 olarak iptal edebilirsiniz.<\/p><p>6. \u00dc\u00e7\u00fcnc\u00fc Taraf Hizmetleri<\/p><p>Uygulama, \u00fc\u00e7\u00fcnc\u00fc taraf i\u00e7eriklerini (veriler, bilgiler, uygulamalar ve di\u011fer \u00fcr\u00fcn hizmetleri dahil) g\u00f6r\u00fcnt\u00fcleyebilir, i\u00e7erebilir veya kullan\u0131ma sunabilir ya da \u00fc\u00e7\u00fcnc\u00fc taraf web sitelerine veya hizmetlerine ba\u011flant\u0131lar sa\u011flayabilir.<\/p><p>\u015eirketin, do\u011frulu\u011fu, eksiksizli\u011fi, g\u00fcncelli\u011fi, ge\u00e7erlili\u011fi, telif haklar\u0131na uygunlu\u011fu, yasall\u0131\u011f\u0131, nezaketi, kalitesi veya di\u011fer herhangi bir y\u00f6n\u00fc dahil olmak \u00fczere herhangi bir \u00dc\u00e7\u00fcnc\u00fc Taraf Hizmetinden sorumlu olmayaca\u011f\u0131n\u0131 kabul ve beyan edersiniz. \u015eirket, herhangi bir \u00dc\u00e7\u00fcnc\u00fc Taraf Hizmeti i\u00e7in Size veya ba\u015fka bir ki\u015fi veya kurulu\u015fa kar\u015f\u0131 herhangi bir y\u00fck\u00fcml\u00fcl\u00fck veya sorumluluk \u00fcstlenmez ve \u00fcstlenmeyecektir.<\/p><p>Uygulamay\u0131 kullan\u0131rken ge\u00e7erli \u00dc\u00e7\u00fcnc\u00fc taraflar\u0131n anla\u015fma Ko\u015fullar\u0131na uymal\u0131s\u0131n\u0131z. \u00dc\u00e7\u00fcnc\u00fc taraf Hizmetleri ve bunlara ba\u011flant\u0131lar yaln\u0131zca Size kolayl\u0131k sa\u011flamak amac\u0131yla sunulur ve bunlara eri\u015fim ve kullan\u0131m riski tamamen size aittir ve s\u00f6z konusu \u00fc\u00e7\u00fcnc\u00fc taraflar\u0131n H\u00fck\u00fcm ve ko\u015fullar\u0131na tabidir.<\/p><p>Kullan\u0131c\u0131 verilerini depolamak i\u00e7in Back4App hizmetini kullan\u0131yoruz. ContourTrace'i kullanarak bu \u00dc\u00e7\u00fcnc\u00fc Taraf Hizmetini kulland\u0131\u011f\u0131m\u0131z\u0131 kabul etmi\u015f olursunuz. Ayr\u0131ca Back4App, Inc. \u015firketinin Hizmet \u015eartlar\u0131 ve Gizlilik Politikas\u0131n\u0131 da kabul etmi\u015f olursunuz:<br \/>https:\/\/www.back4app.com\/terms-of-service.pdf<br \/>https:\/\/www.back4app.com\/privacy.pdf<\/p><p>\u00dc\u00e7\u00fcnc\u00fc taraf hizmetleri ve yaz\u0131l\u0131mlar\u0131 i\u00e7in di\u011fer \u015fartlar ve lisanslar, uygulama kurulum yolunda \"Lisans S\u00f6zle\u015fmeleri\" klas\u00f6r\u00fcnde bulunabilir. Liste, bilgimiz ve inanc\u0131m\u0131z dahilinde en iyi \u015fekilde derlenmi\u015ftir, ancak g\u00fcncel veya eksiksiz oldu\u011funu garanti etmez.<\/p><p>7. G\u00fcncelleme ve Bak\u0131m<\/p><p>\u015eirket, ayl\u0131k bazda veya ihtiya\u00e7 duyuldu\u011funda g\u00fcncelleme ve bak\u0131m sa\u011flayacakt\u0131r.<\/p><p>8. Destek<\/p><p>\u015eirketin Uygulamay\u0131 destekleme veya Uygulamay\u0131 sa\u011flamaya veya g\u00fcncellemeye devam etme y\u00fck\u00fcml\u00fcl\u00fc\u011f\u00fc yoktur.<\/p>\t\t\t\t\t\t\t\t<\/div>\n\t\t\t\t<\/div>\n\t\t\t\t\t<\/div>\n\t\t<\/div>\n\t\t\t\t\t<\/div>\n\t\t<\/section>\n\t\t\t\t<section class=\"elementor-section elementor-top-section elementor-element elementor-element-9c25977 elementor-section-boxed elementor-section-height-default elementor-section-height-default\" data-id=\"9c25977\" data-element_type=\"section\" data-e-type=\"section\">\n\t\t\t\t\t\t<div class=\"elementor-container elementor-column-gap-default\">\n\t\t\t\t\t<div class=\"elementor-column elementor-col-100 elementor-top-column elementor-element elementor-element-78579f7\" data-id=\"78579f7\" data-element_type=\"column\" data-e-type=\"column\">\n\t\t\t<div class=\"elementor-widget-wrap elementor-element-populated\">\n\t\t\t\t\t\t\t<\/div>\n\t\t<\/div>\n\t\t\t\t\t<\/div>\n\t\t<\/section>\n\t\t\t\t<section class=\"elementor-section elementor-top-section elementor-element elementor-element-7c08680 elementor-section-boxed elementor-section-height-default elementor-section-height-default\" data-id=\"7c08680\" data-element_type=\"section\" data-e-type=\"section\">\n\t\t\t\t\t\t<div class=\"elementor-container elementor-column-gap-default\">\n\t\t\t\t\t<div class=\"elementor-column elementor-col-100 elementor-top-column elementor-element elementor-element-3f66f56\" data-id=\"3f66f56\" data-element_type=\"column\" data-e-type=\"column\">\n\t\t\t<div class=\"elementor-widget-wrap elementor-element-populated\">\n\t\t\t\t\t\t\t<\/div>\n\t\t<\/div>\n\t\t\t\t\t<\/div>\n\t\t<\/section>\n\t\t\t\t<section class=\"elementor-section elementor-top-section elementor-element elementor-element-4c9b4b6 elementor-section-boxed elementor-section-height-default elementor-section-height-default\" data-id=\"4c9b4b6\" data-element_type=\"section\" data-e-type=\"section\">\n\t\t\t\t\t\t<div class=\"elementor-container elementor-column-gap-default\">\n\t\t\t\t\t<div class=\"elementor-column elementor-col-100 elementor-top-column elementor-element elementor-element-c81ef60\" data-id=\"c81ef60\" data-element_type=\"column\" data-e-type=\"column\">\n\t\t\t<div class=\"elementor-widget-wrap elementor-element-populated\">\n\t\t\t\t\t\t\t<\/div>\n\t\t<\/div>\n\t\t\t\t\t<\/div>\n\t\t<\/section>\n\t\t\t\t<section class=\"elementor-section elementor-top-section elementor-element elementor-element-2ebd9c4d elementor-section-boxed elementor-section-height-default elementor-section-height-default\" data-id=\"2ebd9c4d\" data-element_type=\"section\" data-e-type=\"section\">\n\t\t\t\t\t\t<div class=\"elementor-container elementor-column-gap-default\">\n\t\t\t\t\t<div class=\"elementor-column elementor-col-100 elementor-top-column elementor-element elementor-element-69214580\" data-id=\"69214580\" data-element_type=\"column\" data-e-type=\"column\">\n\t\t\t<div class=\"elementor-widget-wrap elementor-element-populated\">\n\t\t\t\t\t\t\t<\/div>\n\t\t<\/div>\n\t\t\t\t\t<\/div>\n\t\t<\/section>\n\t\t\t\t<section class=\"elementor-section elementor-top-section elementor-element elementor-element-92a4938 elementor-section-boxed elementor-section-height-default elementor-section-height-default\" data-id=\"92a4938\" data-element_type=\"section\" data-e-type=\"section\">\n\t\t\t\t\t\t<div class=\"elementor-container elementor-column-gap-default\">\n\t\t\t\t\t<div class=\"elementor-column elementor-col-100 elementor-top-column elementor-element elementor-element-cd0058d\" data-id=\"cd0058d\" data-element_type=\"column\" data-e-type=\"column\">\n\t\t\t<div class=\"elementor-widget-wrap elementor-element-populated\">\n\t\t\t\t\t\t<div class=\"elementor-element elementor-element-d36a1ae elementor-widget elementor-widget-spacer\" data-id=\"d36a1ae\" data-element_type=\"widget\" data-e-type=\"widget\" data-widget_type=\"spacer.default\">\n\t\t\t\t<div class=\"elementor-widget-container\">\n\t\t\t\t\t\t\t<div class=\"elementor-spacer\">\n\t\t\t<div class=\"elementor-spacer-inner\"><\/div>\n\t\t<\/div>\n\t\t\t\t\t\t<\/div>\n\t\t\t\t<\/div>\n\t\t\t\t\t<\/div>\n\t\t<\/div>\n\t\t\t\t\t<\/div>\n\t\t<\/section>\n\t\t\t\t<\/div>","protected":false},"excerpt":{"rendered":"<p>ContourTraceCopyright (c) 2022 KUHN SOLUTIONS, Daniel Kuhn *** SON KULLANICI L\u0130SANS S\u00d6ZLE\u015eMES\u0130 *** \u00d6NEML\u0130: L\u00dcTFEN BU YAZILIMI KULLANMADAN \u00d6NCE BU L\u0130SANSI D\u0130KKATL\u0130CE OKUYUN. Yorum----- Ba\u015f harfi b\u00fcy\u00fck olan kelimeler a\u015fa\u011f\u0131daki ko\u015fullar alt\u0131nda tan\u0131mlanan anlamlara sahiptir. Bu ... <a href=\"https:\/\/contourtrace.com\/tr\/end-user-license-agreement-contourtrace-software\/\">Daha fazla bilgi edinin<\/a><\/p>","protected":false},"author":10,"featured_media":0,"parent":0,"menu_order":3,"comment_status":"closed","ping_status":"closed","template":"elementor_theme","meta":{"footnotes":""},"class_list":["post-3013","page","type-page","status-publish","hentry"],"_links":{"self":[{"href":"https:\/\/contourtrace.com\/tr\/wp-json\/wp\/v2\/pages\/3013","targetHints":{"allow":["GET"]}}],"collection":[{"href":"https:\/\/contourtrace.com\/tr\/wp-json\/wp\/v2\/pages"}],"about":[{"href":"https:\/\/contourtrace.com\/tr\/wp-json\/wp\/v2\/types\/page"}],"author":[{"embeddable":true,"href":"https:\/\/contourtrace.com\/tr\/wp-json\/wp\/v2\/users\/10"}],"replies":[{"embeddable":true,"href":"https:\/\/contourtrace.com\/tr\/wp-json\/wp\/v2\/comments?post=3013"}],"version-history":[{"count":0,"href":"https:\/\/contourtrace.com\/tr\/wp-json\/wp\/v2\/pages\/3013\/revisions"}],"wp:attachment":[{"href":"https:\/\/contourtrace.com\/tr\/wp-json\/wp\/v2\/media?parent=3013"}],"curies":[{"name":"wp","href":"https:\/\/api.w.org\/{rel}","templated":true}]}}